{"id":185,"date":"2019-04-18T16:08:51","date_gmt":"2019-04-18T19:08:51","guid":{"rendered":"https:\/\/www.ufsm.br\/cursos\/pos-graduacao\/santa-maria\/espatividadefisica\/?page_id=185"},"modified":"2019-04-18T16:08:53","modified_gmt":"2019-04-18T19:08:53","slug":"especializacao-em-atividade-fisica-desempenho-motor-e-saude","status":"publish","type":"page","link":"https:\/\/www.ufsm.br\/cursos\/pos-graduacao\/santa-maria\/espatividadefisica\/especializacao-em-atividade-fisica-desempenho-motor-e-saude","title":{"rendered":"Especializa\u00e7\u00e3o em Atividade F\u00edsica, Desempenho Motor e Sa\u00fade"},"content":{"rendered":"\n<p>O curso tem a pretens\u00e3o inicial de desenvolver pesquisas em \u00e1rea de concentra\u00e7\u00e3o ampla mas voltada para o estudo do movimento humano no desepenho motor e na sa\u00fade e qualidade de vida das diferentes popula\u00e7\u00f5es. Pretende-se estudar as influ\u00eancias do movimento humano sobre os diversos mecanismos de adapta\u00e7\u00e3o do organismo, visando a promo\u00e7\u00e3o da sa\u00fade e o desenvolvimento da qualidade de vida, ao mesmo tempo em que se desenvolve estudos que investigam a aprendizagem, desempenho, desenvolvimento e\/ou treinamnto de pessoas de diferentes n\u00edveis de habilidades e diferentes contextos s\u00f3cio-culturais.<\/p>\n<p>\u00a0<\/p>\n<p>OBJETIVO<\/p>\n<p>Formar recursos humanos capazes de atuar no meio acad\u00eamico e fora dele, produzindo conhecimento eme Atividade F\u00edsica, Desempenho Motor e Sa\u00fade.<\/p>\n","protected":false},"excerpt":{"rendered":"<p>O curso tem a pretens\u00e3o inicial de desenvolver pesquisas em \u00e1rea de concentra\u00e7\u00e3o ampla mas voltada para o estudo do movimento humano no desepenho motor e na sa\u00fade e qualidade de vida das diferentes popula\u00e7\u00f5es. Pretende-se estudar as influ\u00eancias do movimento humano sobre os diversos mecanismos de adapta\u00e7\u00e3o do organismo, visando a promo\u00e7\u00e3o da sa\u00fade [&hellip;]<\/p>\n","protected":false},"author":772,"featured_media":0,"parent":0,"menu_order":0,"comment_status":"closed","ping_status":"closed","template":"","meta":{"footnotes":""},"categories":[],"tags":[],"class_list":["post-185","page","type-page","status-publish","hentry"],"acf":[],"_links":{"self":[{"href":"https:\/\/www.ufsm.br\/cursos\/pos-graduacao\/santa-maria\/espatividadefisica\/wp-json\/wp\/v2\/pages\/185","targetHints":{"allow":["GET"]}}],"collection":[{"href":"https:\/\/www.ufsm.br\/cursos\/pos-graduacao\/santa-maria\/espatividadefisica\/wp-json\/wp\/v2\/pages"}],"about":[{"href":"https:\/\/www.ufsm.br\/cursos\/pos-graduacao\/santa-maria\/espatividadefisica\/wp-json\/wp\/v2\/types\/page"}],"author":[{"embeddable":true,"href":"https:\/\/www.ufsm.br\/cursos\/pos-graduacao\/santa-maria\/espatividadefisica\/wp-json\/wp\/v2\/users\/772"}],"replies":[{"embeddable":true,"href":"https:\/\/www.ufsm.br\/cursos\/pos-graduacao\/santa-maria\/espatividadefisica\/wp-json\/wp\/v2\/comments?post=185"}],"version-history":[{"count":0,"href":"https:\/\/www.ufsm.br\/cursos\/pos-graduacao\/santa-maria\/espatividadefisica\/wp-json\/wp\/v2\/pages\/185\/revisions"}],"wp:attachment":[{"href":"https:\/\/www.ufsm.br\/cursos\/pos-graduacao\/santa-maria\/espatividadefisica\/wp-json\/wp\/v2\/media?parent=185"}],"wp:term":[{"taxonomy":"category","embeddable":true,"href":"https:\/\/www.ufsm.br\/cursos\/pos-graduacao\/santa-maria\/espatividadefisica\/wp-json\/wp\/v2\/categories?post=185"},{"taxonomy":"post_tag","embeddable":true,"href":"https:\/\/www.ufsm.br\/cursos\/pos-graduacao\/santa-maria\/espatividadefisica\/wp-json\/wp\/v2\/tags?post=185"}],"curies":[{"name":"wp","href":"https:\/\/api.w.org\/{rel}","templated":true}]}}