{"id":186,"date":"2019-04-18T16:09:31","date_gmt":"2019-04-18T19:09:31","guid":{"rendered":"https:\/\/www.ufsm.br\/cursos\/pos-graduacao\/santa-maria\/espatividadefisica\/?page_id=186"},"modified":"2019-04-18T16:09:32","modified_gmt":"2019-04-18T19:09:32","slug":"especializacao-em-educacao-fisica-escolar","status":"publish","type":"page","link":"https:\/\/www.ufsm.br\/cursos\/pos-graduacao\/santa-maria\/espatividadefisica\/especializacao-em-educacao-fisica-escolar","title":{"rendered":"Especializa\u00e7\u00e3o em Educa\u00e7\u00e3o F\u00edsica Escolar"},"content":{"rendered":"\n<p>O curso contribui para o processo de forma\u00e7\u00e3o de educadores com possibilidades de melhorar a hist\u00f3ria do dia-a-dia da ecola. Acredita-se que a constru\u00e7\u00e3o de um coletivo que partilhe, que discuta os avan\u00e7os e as dificuldades do contexto escolar, especificamente do contexto da Educa\u00e7\u00e3o F\u00edsica Escolar, desenvolver\u00e1 mudan\u00e7as concretas.\u00a0<\/p>\n<p>\u00a0<\/p>\n<p>OBJETIVO<\/p>\n<p>Promover a forma\u00e7\u00e3o continuada dos professores em Educa\u00e7\u00e3o F\u00edsica Escolar;<\/p>\n<p>Analisar o sistema educacional\/escolar brasileiro;<\/p>\n<p>Aprofundar a compreens\u00e3o da Educa\u00e7\u00e3o F\u00edsica Escolar;<\/p>\n<p>Discutir interven\u00e7\u00f5es que possam contribuir com a Educa\u00e7\u00e3o F\u00edsica Escolar.<\/p>\n","protected":false},"excerpt":{"rendered":"<p>O curso contribui para o processo de forma\u00e7\u00e3o de educadores com possibilidades de melhorar a hist\u00f3ria do dia-a-dia da ecola. Acredita-se que a constru\u00e7\u00e3o de um coletivo que partilhe, que discuta os avan\u00e7os e as dificuldades do contexto escolar, especificamente do contexto da Educa\u00e7\u00e3o F\u00edsica Escolar, desenvolver\u00e1 mudan\u00e7as concretas.\u00a0 \u00a0 OBJETIVO Promover a forma\u00e7\u00e3o continuada [&hellip;]<\/p>\n","protected":false},"author":772,"featured_media":0,"parent":0,"menu_order":0,"comment_status":"closed","ping_status":"closed","template":"","meta":{"footnotes":""},"categories":[],"tags":[],"class_list":["post-186","page","type-page","status-publish","hentry"],"acf":[],"_links":{"self":[{"href":"https:\/\/www.ufsm.br\/cursos\/pos-graduacao\/santa-maria\/espatividadefisica\/wp-json\/wp\/v2\/pages\/186","targetHints":{"allow":["GET"]}}],"collection":[{"href":"https:\/\/www.ufsm.br\/cursos\/pos-graduacao\/santa-maria\/espatividadefisica\/wp-json\/wp\/v2\/pages"}],"about":[{"href":"https:\/\/www.ufsm.br\/cursos\/pos-graduacao\/santa-maria\/espatividadefisica\/wp-json\/wp\/v2\/types\/page"}],"author":[{"embeddable":true,"href":"https:\/\/www.ufsm.br\/cursos\/pos-graduacao\/santa-maria\/espatividadefisica\/wp-json\/wp\/v2\/users\/772"}],"replies":[{"embeddable":true,"href":"https:\/\/www.ufsm.br\/cursos\/pos-graduacao\/santa-maria\/espatividadefisica\/wp-json\/wp\/v2\/comments?post=186"}],"version-history":[{"count":0,"href":"https:\/\/www.ufsm.br\/cursos\/pos-graduacao\/santa-maria\/espatividadefisica\/wp-json\/wp\/v2\/pages\/186\/revisions"}],"wp:attachment":[{"href":"https:\/\/www.ufsm.br\/cursos\/pos-graduacao\/santa-maria\/espatividadefisica\/wp-json\/wp\/v2\/media?parent=186"}],"wp:term":[{"taxonomy":"category","embeddable":true,"href":"https:\/\/www.ufsm.br\/cursos\/pos-graduacao\/santa-maria\/espatividadefisica\/wp-json\/wp\/v2\/categories?post=186"},{"taxonomy":"post_tag","embeddable":true,"href":"https:\/\/www.ufsm.br\/cursos\/pos-graduacao\/santa-maria\/espatividadefisica\/wp-json\/wp\/v2\/tags?post=186"}],"curies":[{"name":"wp","href":"https:\/\/api.w.org\/{rel}","templated":true}]}}