{"id":5,"date":"2018-01-18T08:39:17","date_gmt":"2018-01-18T10:39:17","guid":{"rendered":"https:\/\/www.ufsm.br\/cursos\/graduacao\/nutricao\/12352\/?page_id=5"},"modified":"2019-05-09T15:55:16","modified_gmt":"2019-05-09T18:55:16","slug":"pagina-inicial","status":"publish","type":"page","link":"https:\/\/www.ufsm.br\/cursos\/pos-graduacao\/santa-maria\/espatividadefisica\/","title":{"rendered":"P\u00e1gina Inicial"},"content":{"rendered":"\t\t<div data-elementor-type=\"wp-post\" data-elementor-id=\"5\" class=\"elementor elementor-5\">\n\t\t\t\t\t\t<section class=\"elementor-section elementor-top-section elementor-element elementor-element-f6a61e1 elementor-section-boxed elementor-section-height-default elementor-section-height-default\" data-id=\"f6a61e1\" data-element_type=\"section\">\n\t\t\t\t\t\t<div class=\"elementor-container elementor-column-gap-default\">\n\t\t\t\t\t<div class=\"elementor-column elementor-col-100 elementor-top-column elementor-element elementor-element-81ce27f\" data-id=\"81ce27f\" data-element_type=\"column\">\n\t\t\t<div class=\"elementor-widget-wrap elementor-element-populated\">\n\t\t\t\t\t\t<div class=\"elementor-element elementor-element-8d1f660 elementor-widget elementor-widget-wp-widget-ufsm_noticias_widget\" data-id=\"8d1f660\" data-element_type=\"widget\" data-widget_type=\"wp-widget-ufsm_noticias_widget.default\">\n\t\t\t\t<div class=\"elementor-widget-container\">\n\t\t\t<div id='ufsm-carousel-1775555594-1540917341' class='carousel slide carousel-ufsm' data-bs-ride='carousel' aria-hidden='true'>\n    <div class='carousel-inner'>\n                    \n\n            <div class='carousel-item active' data-bs-interval='4000'>\n                                    <!-- Slider Image -->\n                    <img class='w-100'  style='max-height:250px; object-fit:cover;' alt=\"O Campeonato Brasileiro Loterias Caixa Sub-16 de Atletismo, que ser\u00e1 disputado desta sexta-feira (1\/10) at\u00e9 domingo (3\/10), no Centro Nacional de Treinamento em Atletismo, na cidade de Cascavel, Paran\u00e1, mostrar\u00e1 a cara das novas promessas no esporte. A Universidade Federal&hellip;\" srcset=\"https:\/\/www.ufsm.br\/app\/uploads\/sites\/374\/2021\/09\/WhatsApp-Image-2021-09-30-at-14.09.23-1-300x295.jpeg 300w, https:\/\/www.ufsm.br\/app\/uploads\/sites\/374\/2021\/09\/WhatsApp-Image-2021-09-30-at-14.09.23-1.jpeg 375w\">\n                \n                \n                                                            <\/div>\n                    \n\n            <div class='carousel-item ' data-bs-interval='4000'>\n                                    <!-- Slider Image -->\n                    <img class='w-100'  style='max-height:250px; object-fit:cover;' alt=\"Neste s\u00e1bado (11\/09), a Universidade Federal de Santa Maria esteve representada no Campeonato Ga\u00facho de Atletismo Sub-16, realizado na SOGIPA, em Porto Alegre. A participa\u00e7\u00e3o ocorreu atrav\u00e9s dos adolescentes do projeto de extens\u00e3o Atletismo UFSM, que oportuniza a inicia\u00e7\u00e3o nas&hellip;\" srcset=\"https:\/\/www.ufsm.br\/app\/uploads\/sites\/374\/2021\/09\/WhatsApp-Image-2021-09-11-at-18.52.18-300x169.jpeg 300w, https:\/\/www.ufsm.br\/app\/uploads\/sites\/374\/2021\/09\/WhatsApp-Image-2021-09-11-at-18.52.18-1024x576.jpeg 1024w, https:\/\/www.ufsm.br\/app\/uploads\/sites\/374\/2021\/09\/WhatsApp-Image-2021-09-11-at-18.52.18-768x432.jpeg 768w, https:\/\/www.ufsm.br\/app\/uploads\/sites\/374\/2021\/09\/WhatsApp-Image-2021-09-11-at-18.52.18-1536x864.jpeg 1536w, https:\/\/www.ufsm.br\/app\/uploads\/sites\/374\/2021\/09\/WhatsApp-Image-2021-09-11-at-18.52.18.jpeg 1600w\">\n                \n                \n                                                            <\/div>\n                    <!-- Exibi Indicadores -->\n                    <ol class='carousel-indicators carousel-indicators-numbers d-none d-md-flex align-self-end m-0'>\n                <li data-bs-target='#ufsm-carousel-1775555594-1540917341' data-bs-slide-to='0' class='d-flex rounded-circle active'><span class='m-auto fw-bold'>1<\/span><\/li><li data-bs-target='#ufsm-carousel-1775555594-1540917341' data-bs-slide-to='1' class='d-flex rounded-circle '><span class='m-auto fw-bold'>2<\/span><\/li>            <\/ol>\n            <a class='carousel-control-prev' href='#ufsm-carousel-1775555594-1540917341' role='button' data-bs-slide='prev'>\n                <span class='carousel-control-prev-icon' aria-hidden='true'><\/span>\n                <span class='visually-hidden'>Previous<\/span>\n            <\/a>\n            <a class='carousel-control-next' href='#ufsm-carousel-1775555594-1540917341' role='button' data-bs-slide='next'>\n                <span class='carousel-control-next-icon' aria-hidden='true'><\/span>\n                <span class='visually-hidden'>Next<\/span>\n            <\/a>\n            <\/div>\n<\/div>\n<!-- Acessibilidade, apenas leitor de tela -->\n<ul class='visually-hidden'>\n    <li><a href='https:\/\/www.ufsm.br\/unidades-universitarias\/cefd\/2021\/09\/30\/atleta-da-ufsm-campea-gaucha-de-atletismo-esta-em-cascavel-pr-para-disputa-do-brasileiro'>Atleta da UFSM Campe\u00e3 Ga\u00facha de atletismo est\u00e1 em Cascavel\/PR para disputa do Brasileiro<\/a><\/li><li><a href='https:\/\/www.ufsm.br\/unidades-universitarias\/cefd\/2021\/09\/14\/adolescentes-do-projeto-atletismo-ufsm-representam-a-universidade-em-competicao'>Adolescentes do projeto Atletismo UFSM representam a universidade em Competi\u00e7\u00e3o<\/a><\/li><\/ul>\n\t\t<\/div>\n\t\t\t\t<\/div>\n\t\t\t\t\t<\/div>\n\t\t<\/div>\n\t\t\t\t\t<\/div>\n\t\t<\/section>\n\t\t\t\t<section class=\"elementor-section elementor-top-section elementor-element elementor-element-e5bcc64 elementor-section-boxed elementor-section-height-default elementor-section-height-default\" data-id=\"e5bcc64\" data-element_type=\"section\">\n\t\t\t\t\t\t<div class=\"elementor-container elementor-column-gap-default\">\n\t\t\t\t\t<div class=\"elementor-column elementor-col-100 elementor-top-column elementor-element elementor-element-c09ac3d\" data-id=\"c09ac3d\" data-element_type=\"column\">\n\t\t\t<div class=\"elementor-widget-wrap elementor-element-populated\">\n\t\t\t\t\t\t<div class=\"elementor-element elementor-element-9bf8518 elementor-widget elementor-widget-heading\" data-id=\"9bf8518\" data-element_type=\"widget\" data-widget_type=\"heading.default\">\n\t\t\t\t<div class=\"elementor-widget-container\">\n\t\t\t<h5 class=\"elementor-heading-title elementor-size-default\">Apresenta\u00e7\u00e3o<\/h5>\t\t<\/div>\n\t\t\t\t<\/div>\n\t\t\t\t\t<\/div>\n\t\t<\/div>\n\t\t\t\t\t<\/div>\n\t\t<\/section>\n\t\t\t\t<section class=\"elementor-section elementor-top-section elementor-element elementor-element-71f1b01 elementor-section-boxed elementor-section-height-default elementor-section-height-default\" data-id=\"71f1b01\" data-element_type=\"section\">\n\t\t\t\t\t\t<div class=\"elementor-container elementor-column-gap-default\">\n\t\t\t\t\t<div class=\"elementor-column elementor-col-100 elementor-top-column elementor-element elementor-element-c711c96\" data-id=\"c711c96\" data-element_type=\"column\">\n\t\t\t<div class=\"elementor-widget-wrap elementor-element-populated\">\n\t\t\t\t\t\t<div class=\"elementor-element elementor-element-32089a5 elementor-widget elementor-widget-text-editor\" data-id=\"32089a5\" data-element_type=\"widget\" data-widget_type=\"text-editor.default\">\n\t\t\t\t<div class=\"elementor-widget-container\">\n\t\t\t\t\t\t\t<p><p>O curso de <b>P\u00f3s-Gradua\u00e7\u00e3o em Atividade F\u00edsica, Desempenho Motor e Sa\u00fade<\/b> est\u00e1 localizado em <b>Campus Camobi &#8211; UFSM<\/b> na modalidade <b>Especializa\u00e7\u00e3o &#8211; Presencial<\/b> sendo <b>Matutino<\/b> o seu turno de funcionamento. A \u00e1rea de conhecimento do curso \u00e9 classificada como <b>EDUCA\u00c7\u00c3O F\u00cdSICA<\/b>..<\/p><p>O curso \u00e9 ofertado em per\u00edodo <b>Semestral<\/b>, sendo <b>3<\/b> o n\u00famero de per\u00edodos indicados para sua conclus\u00e3o.<\/p><p class='mt-3'>aprovado pelo Conselho de Ensino, Pesquisa e Extens\u00e3o, em sua 660\u00aa Sess\u00e3o, de 14 de janeiro de 2005<\/p><\/p>\t\t\t\t\t\t<\/div>\n\t\t\t\t<\/div>\n\t\t\t\t\t<\/div>\n\t\t<\/div>\n\t\t\t\t\t<\/div>\n\t\t<\/section>\n\t\t\t\t<section class=\"elementor-section elementor-top-section elementor-element elementor-element-83ae6f0 elementor-section-boxed elementor-section-height-default elementor-section-height-default\" data-id=\"83ae6f0\" data-element_type=\"section\">\n\t\t\t\t\t\t<div class=\"elementor-container elementor-column-gap-default\">\n\t\t\t\t\t<div class=\"elementor-column elementor-col-100 elementor-top-column elementor-element elementor-element-8af2116\" data-id=\"8af2116\" data-element_type=\"column\">\n\t\t\t<div class=\"elementor-widget-wrap elementor-element-populated\">\n\t\t\t\t\t\t<div class=\"elementor-element elementor-element-b289a97 elementor-widget elementor-widget-wp-widget-ufsm_utilidades\" data-id=\"b289a97\" data-element_type=\"widget\" data-widget_type=\"wp-widget-ufsm_utilidades.default\">\n\t\t\t\t<div class=\"elementor-widget-container\">\n\t\t\t\t\t<h5 class=\"card-title titulo-conteudos\">Utilidades<\/h5>\n\t\t\t\t\n\t\t<div class=\"row d-flex justify-content-around\">\n\t\t\t\t\t\t\t<div class=\"col-12 col-sm-6 col-md-2 mt-4 text-center\">\n\t\t\t\t\t\t\t\t\t\t\t<a href=\"https:\/\/www.ufsm.br\/cursos\/pos-graduacao\/santa-maria\/espatividadefisica\/horarios\" class=\"item-utilidades d-block\">\n\t\t\t\t\t\t\t\t\t\t<i class=\"fas fa-pencil-alt animation-pulse\" aria-hidden=\"true\"><\/i><b>Oferta \/ Hor\u00e1rios<\/b><\/a>\n\t\t\t\t<\/div>\n\t\t\t\t\t\t\t<div class=\"col-12 col-sm-6 col-md-2 mt-4 text-center\">\n\t\t\t\t\t\t\t\t\t\t\t<a href=\"https:\/\/portal.ufsm.br\/aluno\/\" class=\"item-utilidades d-block\">\n\t\t\t\t\t\t\t\t\t\t<i class=\"fa fa-user animation-pulse\" aria-hidden=\"true\"><\/i><b>Portal do Aluno<\/b><\/a>\n\t\t\t\t<\/div>\n\t\t\t\t\t\t\t<div class=\"col-12 col-sm-6 col-md-2 mt-4 text-center\">\n\t\t\t\t\t\t\t\t\t\t\t<a href=\"https:\/\/www.ufsm.br\/cursos\/pos-graduacao\/santa-maria\/espatividadefisica\/informacoes-do-curriculo\" class=\"item-utilidades d-block\">\n\t\t\t\t\t\t\t\t\t\t<i class=\"fa fa-clipboard animation-pulse\" aria-hidden=\"true\"><\/i><b>Informa\u00e7\u00f5es Curriculares<\/b><\/a>\n\t\t\t\t<\/div>\n\t\t\t\t\t\t\t<div class=\"col-12 col-sm-6 col-md-2 mt-4 text-center\">\n\t\t\t\t\t\t\t\t\t\t\t<a href=\"https:\/\/www.ufsm.br\/cursos\/pos-graduacao\/santa-maria\/espatividadefisica\/calendario-de-defesas\" class=\"item-utilidades d-block\">\n\t\t\t\t\t\t\t\t\t\t<i class=\"fa fa-calendar animation-pulse\" aria-hidden=\"true\"><\/i><b>Calend\u00e1rio de Defesas<\/b><\/a>\n\t\t\t\t<\/div>\n\t\t\t\t\t\t\t<div class=\"col-12 col-sm-6 col-md-2 mt-4 text-center\">\n\t\t\t\t\t\t\t\t\t\t\t<a href=\"https:\/\/www.ufsm.br\/cursos\/pos-graduacao\/santa-maria\/espatividadefisica\/tcc\" class=\"item-utilidades d-block\">\n\t\t\t\t\t\t\t\t\t\t<i class=\"fa fa-book animation-pulse\" aria-hidden=\"true\"><\/i><b>Trabalhos de Conclus\u00e3o<\/b><\/a>\n\t\t\t\t<\/div>\n\t\t\t\t\t<\/div>\n\t\t\t\t<\/div>\n\t\t\t\t<\/div>\n\t\t\t\t\t<\/div>\n\t\t<\/div>\n\t\t\t\t\t<\/div>\n\t\t<\/section>\n\t\t\t\t<\/div>\n\t\t","protected":false},"excerpt":{"rendered":"<p>Apresenta\u00e7\u00e3o<\/p>\n","protected":false},"author":8,"featured_media":0,"parent":0,"menu_order":0,"comment_status":"closed","ping_status":"closed","template":"","meta":{"footnotes":""},"categories":[],"tags":[],"class_list":["post-5","page","type-page","status-publish","hentry"],"acf":[],"_links":{"self":[{"href":"https:\/\/www.ufsm.br\/cursos\/pos-graduacao\/santa-maria\/espatividadefisica\/wp-json\/wp\/v2\/pages\/5","targetHints":{"allow":["GET"]}}],"collection":[{"href":"https:\/\/www.ufsm.br\/cursos\/pos-graduacao\/santa-maria\/espatividadefisica\/wp-json\/wp\/v2\/pages"}],"about":[{"href":"https:\/\/www.ufsm.br\/cursos\/pos-graduacao\/santa-maria\/espatividadefisica\/wp-json\/wp\/v2\/types\/page"}],"author":[{"embeddable":true,"href":"https:\/\/www.ufsm.br\/cursos\/pos-graduacao\/santa-maria\/espatividadefisica\/wp-json\/wp\/v2\/users\/8"}],"replies":[{"embeddable":true,"href":"https:\/\/www.ufsm.br\/cursos\/pos-graduacao\/santa-maria\/espatividadefisica\/wp-json\/wp\/v2\/comments?post=5"}],"version-history":[{"count":0,"href":"https:\/\/www.ufsm.br\/cursos\/pos-graduacao\/santa-maria\/espatividadefisica\/wp-json\/wp\/v2\/pages\/5\/revisions"}],"wp:attachment":[{"href":"https:\/\/www.ufsm.br\/cursos\/pos-graduacao\/santa-maria\/espatividadefisica\/wp-json\/wp\/v2\/media?parent=5"}],"wp:term":[{"taxonomy":"category","embeddable":true,"href":"https:\/\/www.ufsm.br\/cursos\/pos-graduacao\/santa-maria\/espatividadefisica\/wp-json\/wp\/v2\/categories?post=5"},{"taxonomy":"post_tag","embeddable":true,"href":"https:\/\/www.ufsm.br\/cursos\/pos-graduacao\/santa-maria\/espatividadefisica\/wp-json\/wp\/v2\/tags?post=5"}],"curies":[{"name":"wp","href":"https:\/\/api.w.org\/{rel}","templated":true}]}}