{"id":160,"date":"2019-04-24T17:37:10","date_gmt":"2019-04-24T20:37:10","guid":{"rendered":"https:\/\/www.ufsm.br\/cursos\/pos-graduacao\/santa-maria\/espedambiental\/?page_id=160"},"modified":"2022-05-18T15:26:40","modified_gmt":"2022-05-18T18:26:40","slug":"docentes","status":"publish","type":"page","link":"https:\/\/www.ufsm.br\/cursos\/pos-graduacao\/santa-maria\/espedambiental\/docentes","title":{"rendered":"Docentes"},"content":{"rendered":"\n<p><strong>Para maiores informa\u00e7\u00f5es dos professores, acesse o curr\u00edculo resumido clicando em cima do nome deles.<\/strong><\/p>\n<table style=\"width: 103.334%;height: 1430px\" border=\"1\" cellpadding=\"0\">\n<tbody>\n<tr style=\"height: 56px\">\n<td style=\"width: 105.842%;height: 56px\" colspan=\"4\" valign=\"top\">\n<p align=\"center\"><strong>Corpo Docente do Curso<\/strong><\/p>\n<\/td>\n<\/tr>\n<tr style=\"height: 56px\">\n<td style=\"width: 27.3372%;height: 56px\">\n<p align=\"center\"><strong>NOME<\/strong><\/p>\n<\/td>\n<td style=\"width: 25.306%;height: 56px\" valign=\"top\">\n<p align=\"center\"><strong>\u00c1rea de Atua\u00e7\u00e3o<\/strong><\/p>\n<\/td>\n<td style=\"width: 12.2048%;height: 56px\">\n<p align=\"center\"><strong>RAMAL<\/strong><\/p>\n<\/td>\n<td style=\"width: 40.9942%;height: 56px\">\n<p align=\"center\"><strong>E-MAIL<\/strong><\/p>\n<\/td>\n<\/tr>\n<tr style=\"height: 104px\">\n<td style=\"width: 27.3372%;height: 104px\">\n<p align=\"center\"><a href=\"https:\/\/ufsmpublica.ufsm.br\/docente\/15547\" target=\"_blank\" rel=\"noopener noreferrer\">Prof. Dr. Adriano Cancelier<\/a><\/p>\n<\/td>\n<td style=\"width: 25.306%;height: 104px\" valign=\"top\">\n<p align=\"center\">Engenharia de Produ\u00e7\u00e3o<\/p>\n<\/td>\n<td style=\"width: 12.2048%;height: 104px\">\n<p align=\"center\">9592, subramal 27\u00a0<\/p>\n<\/td>\n<td style=\"width: 40.9942%;height: 104px\">\n<p align=\"center\"><a href=\"mailto:adrianocancelier@gmail.com\">adrianocancelier@gmail.com<\/a><\/p>\n<\/td>\n<\/tr>\n<tr style=\"height: 128px\">\n<td style=\"width: 27.3372%;height: 128px\">\n<p align=\"center\"><a href=\"https:\/\/ufsmpublica.ufsm.br\/docente\/11089\" target=\"_blank\" rel=\"noopener noreferrer\">Prof\u00aa. Dr\u00aa. Ana Maria Thielen Merck<\/a><\/p>\n<\/td>\n<td style=\"width: 25.306%;height: 128px\" valign=\"bottom\">\n<p align=\"center\">Pr\u00e1ticas Ambientais<\/p>\n<\/td>\n<td style=\"width: 12.2048%;height: 128px\">\n<p align=\"center\">8339, sub-ramal 224<\/p>\n<\/td>\n<td style=\"width: 40.9942%;height: 128px\">\n<p align=\"center\"><a href=\"mailto:anathielenmerck@gmail.com\">anathielenmerck@gmail.com<\/a><\/p>\n<\/td>\n<\/tr>\n<tr style=\"height: 80px\">\n<td style=\"width: 27.3372%;height: 80px\">\n<p align=\"center\"><a href=\"https:\/\/ufsmpublica.ufsm.br\/docente\/11572\" target=\"_self\" rel=\"noopener noreferrer\">Prof. Dr. Clayton Hillig<\/a><\/p>\n<\/td>\n<td style=\"width: 25.306%;height: 80px\" valign=\"top\">\n<p align=\"center\">Sociologia<\/p>\n<\/td>\n<td style=\"width: 12.2048%;height: 80px\">\n<p align=\"center\">8354<\/p>\n<\/td>\n<td style=\"width: 40.9942%;height: 80px\">\n<p align=\"center\"><a href=\"mailto:clayton.hillig@ufsm.br\">clayton.hillig@ufsm.br<\/a><\/p>\n<\/td>\n<\/tr>\n<tr style=\"height: 104px\">\n<td style=\"width: 27.3372%;height: 104px\">\n<p align=\"center\"><a href=\"https:\/\/ufsmpublica.ufsm.br\/docente\/10357\" target=\"_self\" rel=\"noopener noreferrer\">Prof\u00aa. Dr\u00aa. Damaris Kirsch<\/a><a href=\"https:\/\/ufsmpublica.ufsm.br\/docente\/10357\" target=\"_self\" rel=\"noopener noreferrer\"> Pinheiro<\/a><\/p>\n<\/td>\n<td style=\"width: 25.306%;height: 104px\" valign=\"top\">\n<p align=\"center\">Ci\u00eancia da Atmosfera<\/p>\n<\/td>\n<td style=\"width: 12.2048%;height: 104px\">\n<p align=\"center\">8830<\/p>\n<\/td>\n<td style=\"width: 40.9942%;height: 104px\">\n<p align=\"center\"><a href=\"mailto:damariskp@gmail.com\">damariskp@gmail.com<\/a><\/p>\n<\/td>\n<\/tr>\n<tr style=\"height: 80px\">\n<td style=\"width: 27.3372%;height: 80px\">\n<p align=\"center\"><a href=\"https:\/\/ufsmpublica.ufsm.br\/docente\/9963\" target=\"_self\" rel=\"noopener noreferrer\">Prof. Dr. Djalma Dias da Silveira<\/a><\/p>\n<\/td>\n<td style=\"width: 25.306%;height: 80px\" valign=\"top\">\n<p align=\"center\">Gest\u00e3o Ambiental<\/p>\n<\/td>\n<td style=\"width: 12.2048%;height: 80px\">\n<p align=\"center\">8841<\/p>\n<\/td>\n<td style=\"width: 40.9942%;height: 80px\">\n<p align=\"center\"><a href=\"mailto:djalma.silveira@terra.com.br\">djalma.silveira@terra.com.br<\/a><\/p>\n<\/td>\n<\/tr>\n<tr style=\"height: 80px\">\n<td style=\"width: 27.3372%;height: 80px\">\n<p align=\"center\"><a href=\"https:\/\/ufsmpublica.ufsm.br\/docente\/13567\">Prof.Dr. Everton Rodolfo Behr<\/a><\/p>\n<\/td>\n<td style=\"width: 25.306%;height: 80px\" valign=\"top\">\n<p align=\"center\">Fauna Silvestre<\/p>\n<\/td>\n<td style=\"width: 12.2048%;height: 80px\">\n<p align=\"center\">8083<\/p>\n<\/td>\n<td style=\"width: 40.9942%;height: 80px\">\n<p align=\"center\"><a href=\"mailto:everton_behr@hotmail.com\">everton_behr@hotmail.com<\/a><\/p>\n<\/td>\n<\/tr>\n<tr>\n<td style=\"width: 27.3372%\">\n<p align=\"center\">Prof.Dr. G\u00e9der Paulo Hermann<\/p>\n<\/td>\n<td style=\"width: 25.306%\">\n<p align=\"center\">Microbiologia<\/p>\n<p align=\"center\">Veterin\u00e1ria<\/p>\n<\/td>\n<td style=\"width: 12.2048%\">\n<p align=\"center\">8852<\/p>\n<\/td>\n<td style=\"width: 40.9942%\">\n<p align=\"center\">gederpaulo@hotmail.com<\/p>\n<\/td>\n<\/tr>\n<tr style=\"height: 80px\">\n<td style=\"width: 27.3372%;height: 80px\">\n<p align=\"center\">Prof. Dr. J\u00falio Cesar Mendes Soares<\/p>\n<\/td>\n<td style=\"width: 25.306%;height: 80px\" valign=\"top\">\n<p align=\"center\">Microbiologia<\/p>\n<\/td>\n<td style=\"width: 12.2048%;height: 80px\">\n<p align=\"center\">8852<\/p>\n<\/td>\n<td style=\"width: 40.9942%;height: 80px\">\n<p align=\"center\"><a href=\"jemsoares@yhaoo.com.br\">jemsoares@yhaoo.com.br<\/a><\/p>\n<\/td>\n<\/tr>\n<tr style=\"height: 104px\">\n<td style=\"width: 27.3372%;height: 104px\">\n<p align=\"center\"><a href=\"https:\/\/ufsmpublica.ufsm.br\/docente\/15394\" target=\"_self\" rel=\"noopener noreferrer\">Prof\u00aa. Dr\u00aa. \u00cdsis Samara Ruschel Pasquali<\/a><\/p>\n<\/td>\n<td style=\"width: 25.306%;height: 104px\" valign=\"top\">\n<p align=\"center\">Educa\u00e7\u00e3o em Ci\u00eancias<\/p>\n<\/td>\n<td style=\"width: 12.2048%;height: 104px\">\n<p align=\"center\">8273<\/p>\n<\/td>\n<td style=\"width: 40.9942%;height: 104px\">\n<p align=\"center\"><a href=\"mailto:bio.isis@hotmail.com\">bio.isis@hotmail.com<\/a><\/p>\n<\/td>\n<\/tr>\n<tr style=\"height: 104px\">\n<td style=\"width: 27.3372%;height: 104px\">\n<p align=\"center\">Prof. Dr. Jer\u00f4nimo Siqueira Tybusch<\/p>\n<h2>\u00a0<\/h2>\n<p align=\"center\">\u00a0<\/p>\n<\/td>\n<td style=\"width: 25.306%;height: 104px\" valign=\"top\">\n<p align=\"center\">Direito<\/p>\n<\/td>\n<td style=\"width: 12.2048%;height: 104px\">\n<p align=\"center\">8187<\/p>\n<\/td>\n<td style=\"width: 40.9942%;height: 104px\">\n<p align=\"center\">jeronimotybusch@ufsm.br<\/p>\n<\/td>\n<\/tr>\n<tr style=\"height: 128px\">\n<td style=\"width: 27.3372%;height: 128px\">\n<p align=\"center\"><a href=\"https:\/\/ufsmpublica.ufsm.br\/docente\/16475\" target=\"_self\" rel=\"noopener noreferrer\">Prof\u00aa. Dr\u00aa. Claudia Cisiane Benetti<\/a><\/p>\n<\/td>\n<td style=\"width: 25.306%;height: 128px\" valign=\"top\">\n<p align=\"center\">Educa\u00e7\u00e3o<\/p>\n<\/td>\n<td style=\"width: 12.2048%;height: 128px\">\n<p align=\"center\">&#8211;<\/p>\n<\/td>\n<td style=\"width: 40.9942%;height: 128px\">\n<p align=\"center\"><a href=\"http:\/\/cisiane@terra.com.r\">cisiane@terra.com.br<\/a><\/p>\n<\/td>\n<\/tr>\n<tr style=\"height: 104px\">\n<td style=\"width: 27.3372%;height: 104px\">Prof\u00aa Dr\u00aa. Maria Eliza Rosa Gama<\/td>\n<td style=\"width: 25.306%;height: 104px;text-align: center\">Planejamento e Avalia\u00e7\u00e3o Educacional<\/td>\n<td style=\"width: 12.2048%;height: 104px\">\n<p>9413,<\/p>\n<p>8434<\/p>\n<\/td>\n<td style=\"width: 40.9942%;height: 104px\">melizagama@gmail.com<\/td>\n<\/tr>\n<tr style=\"height: 80px\">\n<td style=\"width: 27.3372%;height: 80px\">\n<p align=\"center\"><a href=\"https:\/\/ufsmpublica.ufsm.br\/docente\/10708\" target=\"_self\" rel=\"noopener noreferrer\">Prof. Dr. Ricardo Dalmolin<\/a><\/p>\n<\/td>\n<td style=\"width: 25.306%;height: 80px\" valign=\"top\">\n<p align=\"center\">Ci\u00eancias Agr\u00e1rias<\/p>\n<\/td>\n<td style=\"width: 12.2048%;height: 80px\">\n<p align=\"center\">8108<\/p>\n<\/td>\n<td style=\"width: 40.9942%;height: 80px\">\n<p align=\"center\"><a href=\"mailto:dalmolin@ccr.ufsm.br\">dalmolin@ccr.ufsm.br<\/a><\/p>\n<\/td>\n<\/tr>\n<tr style=\"height: 80px\">\n<td style=\"width: 27.3372%;height: 80px\">\n<p align=\"center\"><a href=\"https:\/\/ufsmpublica.ufsm.br\/docente\/3860\" target=\"_self\" rel=\"noopener noreferrer\">Prof. Dr. Toshio Nishijima<\/a><\/p>\n<\/td>\n<td style=\"width: 25.306%;height: 80px\" valign=\"top\">\n<p align=\"center\">Recursos H\u00eddricos e Saneamento Ambiental<\/p>\n<\/td>\n<td style=\"width: 12.2048%;height: 80px\">\n<p align=\"center\">9449<\/p>\n<\/td>\n<td style=\"width: 40.9942%;height: 80px\">\n<p align=\"center\"><a href=\"mailto:toshionishijima@gmail.com\">toshionishijima@gmail.com<\/a>\u00a0<\/p>\n<\/td>\n<\/tr>\n<\/tbody>\n<\/table>\n","protected":false},"excerpt":{"rendered":"<p>Para maiores informa\u00e7\u00f5es dos professores, acesse o curr\u00edculo resumido clicando em cima do nome deles. Corpo Docente do Curso NOME \u00c1rea de Atua\u00e7\u00e3o RAMAL E-MAIL Prof. Dr. Adriano Cancelier Engenharia de Produ\u00e7\u00e3o 9592, subramal 27\u00a0 adrianocancelier@gmail.com Prof\u00aa. Dr\u00aa. Ana Maria Thielen Merck Pr\u00e1ticas Ambientais 8339, sub-ramal 224 anathielenmerck@gmail.com Prof. Dr. Clayton Hillig Sociologia 8354 clayton.hillig@ufsm.br [&hellip;]<\/p>\n","protected":false},"author":772,"featured_media":0,"parent":0,"menu_order":0,"comment_status":"closed","ping_status":"closed","template":"","meta":{"footnotes":""},"categories":[],"tags":[],"class_list":["post-160","page","type-page","status-publish","hentry"],"acf":[],"_links":{"self":[{"href":"https:\/\/www.ufsm.br\/cursos\/pos-graduacao\/santa-maria\/espedambiental\/wp-json\/wp\/v2\/pages\/160","targetHints":{"allow":["GET"]}}],"collection":[{"href":"https:\/\/www.ufsm.br\/cursos\/pos-graduacao\/santa-maria\/espedambiental\/wp-json\/wp\/v2\/pages"}],"about":[{"href":"https:\/\/www.ufsm.br\/cursos\/pos-graduacao\/santa-maria\/espedambiental\/wp-json\/wp\/v2\/types\/page"}],"author":[{"embeddable":true,"href":"https:\/\/www.ufsm.br\/cursos\/pos-graduacao\/santa-maria\/espedambiental\/wp-json\/wp\/v2\/users\/772"}],"replies":[{"embeddable":true,"href":"https:\/\/www.ufsm.br\/cursos\/pos-graduacao\/santa-maria\/espedambiental\/wp-json\/wp\/v2\/comments?post=160"}],"version-history":[{"count":0,"href":"https:\/\/www.ufsm.br\/cursos\/pos-graduacao\/santa-maria\/espedambiental\/wp-json\/wp\/v2\/pages\/160\/revisions"}],"wp:attachment":[{"href":"https:\/\/www.ufsm.br\/cursos\/pos-graduacao\/santa-maria\/espedambiental\/wp-json\/wp\/v2\/media?parent=160"}],"wp:term":[{"taxonomy":"category","embeddable":true,"href":"https:\/\/www.ufsm.br\/cursos\/pos-graduacao\/santa-maria\/espedambiental\/wp-json\/wp\/v2\/categories?post=160"},{"taxonomy":"post_tag","embeddable":true,"href":"https:\/\/www.ufsm.br\/cursos\/pos-graduacao\/santa-maria\/espedambiental\/wp-json\/wp\/v2\/tags?post=160"}],"curies":[{"name":"wp","href":"https:\/\/api.w.org\/{rel}","templated":true}]}}