{"id":162,"date":"2019-04-24T17:39:07","date_gmt":"2019-04-24T20:39:07","guid":{"rendered":"https:\/\/www.ufsm.br\/cursos\/pos-graduacao\/santa-maria\/espedambiental\/?page_id=162"},"modified":"2019-04-24T17:39:08","modified_gmt":"2019-04-24T20:39:08","slug":"profa-dra-ana-maria-thielen-merck","status":"publish","type":"page","link":"https:\/\/www.ufsm.br\/cursos\/pos-graduacao\/santa-maria\/espedambiental\/profa-dra-ana-maria-thielen-merck","title":{"rendered":"Prof\u00aa. Dr\u00aa. Ana Maria Thielen Merck"},"content":{"rendered":"\n<p>Possuo gradua\u00e7\u00e3o em Licenciatura Em Ci\u00eancias Habilita\u00e7\u00e3o Biologia pela Pontif\u00edcia Universidade Cat\u00f3lica do Rio Grande do Sul (1980), gradua\u00e7\u00e3o em Llicenciatura Em Ci\u00eancias pela Pontif\u00edcia Universidade Cat\u00f3lica do Rio Grande do Sul (1978), mestrado em Zoologia pela Universidade Federal do Paran\u00e1 (1983) e doutorado em Ecologia e Recursos Naturais pela Universidade Federal de S\u00e3o Carlos (1989). Atualmente sou professora adjunta da Universidade Federal de Santa Maria, sendo respons\u00e1vel pelas disciplinas de Ecologia Geral, Cii\u00eancias Ambientais e Educa\u00e7\u00e3o Ambiental nos cursos de Engenharia Florestal e Zootecnia. Atuo como professora e oreientadora no curso de P\u00f3s-gradual\u00e7\u00e3o em Educa\u00e7\u00e3o Ambiental da Universidade Federal de Santa Maria. Tenho experi\u00eancia na \u00e1rea de Educa\u00e7\u00e3o, com \u00eanfase em Educa\u00e7\u00e3o Ambiental, atuando principalmente nos seguintes temas: educa\u00e7\u00e3o ambiental, formal e informal e percep\u00e7\u00e3o ambiental. Na \u00e1rea ambiental desenvolvo trabalhos com \u00eanfase em ecologia apl\u00edcada e desenvolvimento sustent\u00e1vel.<\/p>\n","protected":false},"excerpt":{"rendered":"<p>Possuo gradua\u00e7\u00e3o em Licenciatura Em Ci\u00eancias Habilita\u00e7\u00e3o Biologia pela Pontif\u00edcia Universidade Cat\u00f3lica do Rio Grande do Sul (1980), gradua\u00e7\u00e3o em Llicenciatura Em Ci\u00eancias pela Pontif\u00edcia Universidade Cat\u00f3lica do Rio Grande do Sul (1978), mestrado em Zoologia pela Universidade Federal do Paran\u00e1 (1983) e doutorado em Ecologia e Recursos Naturais pela Universidade Federal de S\u00e3o Carlos [&hellip;]<\/p>\n","protected":false},"author":772,"featured_media":0,"parent":0,"menu_order":0,"comment_status":"closed","ping_status":"closed","template":"","meta":{"footnotes":""},"categories":[],"tags":[],"class_list":["post-162","page","type-page","status-publish","hentry"],"acf":[],"_links":{"self":[{"href":"https:\/\/www.ufsm.br\/cursos\/pos-graduacao\/santa-maria\/espedambiental\/wp-json\/wp\/v2\/pages\/162","targetHints":{"allow":["GET"]}}],"collection":[{"href":"https:\/\/www.ufsm.br\/cursos\/pos-graduacao\/santa-maria\/espedambiental\/wp-json\/wp\/v2\/pages"}],"about":[{"href":"https:\/\/www.ufsm.br\/cursos\/pos-graduacao\/santa-maria\/espedambiental\/wp-json\/wp\/v2\/types\/page"}],"author":[{"embeddable":true,"href":"https:\/\/www.ufsm.br\/cursos\/pos-graduacao\/santa-maria\/espedambiental\/wp-json\/wp\/v2\/users\/772"}],"replies":[{"embeddable":true,"href":"https:\/\/www.ufsm.br\/cursos\/pos-graduacao\/santa-maria\/espedambiental\/wp-json\/wp\/v2\/comments?post=162"}],"version-history":[{"count":0,"href":"https:\/\/www.ufsm.br\/cursos\/pos-graduacao\/santa-maria\/espedambiental\/wp-json\/wp\/v2\/pages\/162\/revisions"}],"wp:attachment":[{"href":"https:\/\/www.ufsm.br\/cursos\/pos-graduacao\/santa-maria\/espedambiental\/wp-json\/wp\/v2\/media?parent=162"}],"wp:term":[{"taxonomy":"category","embeddable":true,"href":"https:\/\/www.ufsm.br\/cursos\/pos-graduacao\/santa-maria\/espedambiental\/wp-json\/wp\/v2\/categories?post=162"},{"taxonomy":"post_tag","embeddable":true,"href":"https:\/\/www.ufsm.br\/cursos\/pos-graduacao\/santa-maria\/espedambiental\/wp-json\/wp\/v2\/tags?post=162"}],"curies":[{"name":"wp","href":"https:\/\/api.w.org\/{rel}","templated":true}]}}