{"id":164,"date":"2019-04-24T17:40:29","date_gmt":"2019-04-24T20:40:29","guid":{"rendered":"https:\/\/www.ufsm.br\/cursos\/pos-graduacao\/santa-maria\/espedambiental\/?page_id=164"},"modified":"2019-04-24T17:40:30","modified_gmt":"2019-04-24T20:40:30","slug":"prof-dr-clayton-hillig","status":"publish","type":"page","link":"https:\/\/www.ufsm.br\/cursos\/pos-graduacao\/santa-maria\/espedambiental\/prof-dr-clayton-hillig","title":{"rendered":"Prof. Dr. Clayton Hillig"},"content":{"rendered":"\n<p>Possuo gradua\u00e7\u00e3o em Medicina Veterin\u00e1ria pela Universidade Federal de Santa Maria (1990), mestrado em Extens\u00e3o Rural pela Universidade Federal de Santa Maria (1996) e doutorado em Sociologia pela Universidade Federal do Rio Grande do Sul (2008). Atualmente sou professor adjunto do Departamento de Educa\u00e7\u00e3o Agr\u00edcola e Extens\u00e3o Rural, do Programa de P\u00f3s Gradua\u00e7\u00e3o em Extens\u00e3o Rural e do Curso de Especializa\u00e7\u00e3o em Educa\u00e7\u00e3o Ambiental do Centro de Ci\u00eancias Rurais da Universidade Federal de Santa Maria. Tenho experi\u00eancia na \u00e1rea de Agronomia, com \u00eanfase em Extens\u00e3o Rural, atuando principalmente nos seguintes temas: desenvolvimento rural, agricultura familiar, comunica\u00e7\u00e3o rural, educa\u00e7\u00e3o ambiental e educa\u00e7\u00e3o do campo<\/p>\n","protected":false},"excerpt":{"rendered":"<p>Possuo gradua\u00e7\u00e3o em Medicina Veterin\u00e1ria pela Universidade Federal de Santa Maria (1990), mestrado em Extens\u00e3o Rural pela Universidade Federal de Santa Maria (1996) e doutorado em Sociologia pela Universidade Federal do Rio Grande do Sul (2008). Atualmente sou professor adjunto do Departamento de Educa\u00e7\u00e3o Agr\u00edcola e Extens\u00e3o Rural, do Programa de P\u00f3s Gradua\u00e7\u00e3o em Extens\u00e3o [&hellip;]<\/p>\n","protected":false},"author":772,"featured_media":0,"parent":0,"menu_order":0,"comment_status":"closed","ping_status":"closed","template":"","meta":{"footnotes":""},"categories":[],"tags":[],"class_list":["post-164","page","type-page","status-publish","hentry"],"acf":[],"_links":{"self":[{"href":"https:\/\/www.ufsm.br\/cursos\/pos-graduacao\/santa-maria\/espedambiental\/wp-json\/wp\/v2\/pages\/164","targetHints":{"allow":["GET"]}}],"collection":[{"href":"https:\/\/www.ufsm.br\/cursos\/pos-graduacao\/santa-maria\/espedambiental\/wp-json\/wp\/v2\/pages"}],"about":[{"href":"https:\/\/www.ufsm.br\/cursos\/pos-graduacao\/santa-maria\/espedambiental\/wp-json\/wp\/v2\/types\/page"}],"author":[{"embeddable":true,"href":"https:\/\/www.ufsm.br\/cursos\/pos-graduacao\/santa-maria\/espedambiental\/wp-json\/wp\/v2\/users\/772"}],"replies":[{"embeddable":true,"href":"https:\/\/www.ufsm.br\/cursos\/pos-graduacao\/santa-maria\/espedambiental\/wp-json\/wp\/v2\/comments?post=164"}],"version-history":[{"count":0,"href":"https:\/\/www.ufsm.br\/cursos\/pos-graduacao\/santa-maria\/espedambiental\/wp-json\/wp\/v2\/pages\/164\/revisions"}],"wp:attachment":[{"href":"https:\/\/www.ufsm.br\/cursos\/pos-graduacao\/santa-maria\/espedambiental\/wp-json\/wp\/v2\/media?parent=164"}],"wp:term":[{"taxonomy":"category","embeddable":true,"href":"https:\/\/www.ufsm.br\/cursos\/pos-graduacao\/santa-maria\/espedambiental\/wp-json\/wp\/v2\/categories?post=164"},{"taxonomy":"post_tag","embeddable":true,"href":"https:\/\/www.ufsm.br\/cursos\/pos-graduacao\/santa-maria\/espedambiental\/wp-json\/wp\/v2\/tags?post=164"}],"curies":[{"name":"wp","href":"https:\/\/api.w.org\/{rel}","templated":true}]}}