{"id":165,"date":"2019-04-24T17:42:04","date_gmt":"2019-04-24T20:42:04","guid":{"rendered":"https:\/\/www.ufsm.br\/cursos\/pos-graduacao\/santa-maria\/espedambiental\/?page_id=165"},"modified":"2019-04-24T17:42:05","modified_gmt":"2019-04-24T20:42:05","slug":"profa-dra-damaris-kirsch-pinheiro","status":"publish","type":"page","link":"https:\/\/www.ufsm.br\/cursos\/pos-graduacao\/santa-maria\/espedambiental\/profa-dra-damaris-kirsch-pinheiro","title":{"rendered":"Prof\u00aa. Dr\u00aa. Damaris Kirsch Pinheiro"},"content":{"rendered":"\n<p>Possuo gradua\u00e7\u00e3o em Engenharia Quimica pela Universidade Federal de Santa Maria (1990), mestrado em Engenharia Qu\u00edmica pela Universidade de Campinas (1992) e doutorado em Geof\u00edsica Espacial pelo Instituto Nacional de Pesquisas Espaciais (2003). Atualmente sou professora associada da Universidade Federal de Santa Maria. Tenho experi\u00eancia na \u00e1rea de Qu\u00edmica da Atmosfera, atuando principalmente nos seguintes temas: oz\u00f4nio atmosf\u00e9rico, radia\u00e7\u00e3o ultravioleta, aeross\u00f3is e di\u00f3xido de nitrog\u00eanio atmosf\u00e9rico. Ministra aulas e orienta alunos nos cursos de gradua\u00e7\u00e3o em Engenharia Qu\u00edmica e Meteorologia, Especializa\u00e7\u00e3o em Educa\u00e7\u00e3o Ambiental, presencial e \u00e0 dist\u00e2ncia, P\u00f3s-Gradua\u00e7\u00e3o em Meteorologia da Universidade Federal de Santa Maria. Atualmente exer\u00e7o a fun\u00e7\u00e3o de Coordenadora do Curso de Gradua\u00e7\u00e3o em Engenharia Qu\u00edmica da UFSM.<\/p>\n","protected":false},"excerpt":{"rendered":"<p>Possuo gradua\u00e7\u00e3o em Engenharia Quimica pela Universidade Federal de Santa Maria (1990), mestrado em Engenharia Qu\u00edmica pela Universidade de Campinas (1992) e doutorado em Geof\u00edsica Espacial pelo Instituto Nacional de Pesquisas Espaciais (2003). Atualmente sou professora associada da Universidade Federal de Santa Maria. Tenho experi\u00eancia na \u00e1rea de Qu\u00edmica da Atmosfera, atuando principalmente nos seguintes [&hellip;]<\/p>\n","protected":false},"author":772,"featured_media":0,"parent":0,"menu_order":0,"comment_status":"closed","ping_status":"closed","template":"","meta":{"footnotes":""},"categories":[],"tags":[],"class_list":["post-165","page","type-page","status-publish","hentry"],"acf":[],"_links":{"self":[{"href":"https:\/\/www.ufsm.br\/cursos\/pos-graduacao\/santa-maria\/espedambiental\/wp-json\/wp\/v2\/pages\/165","targetHints":{"allow":["GET"]}}],"collection":[{"href":"https:\/\/www.ufsm.br\/cursos\/pos-graduacao\/santa-maria\/espedambiental\/wp-json\/wp\/v2\/pages"}],"about":[{"href":"https:\/\/www.ufsm.br\/cursos\/pos-graduacao\/santa-maria\/espedambiental\/wp-json\/wp\/v2\/types\/page"}],"author":[{"embeddable":true,"href":"https:\/\/www.ufsm.br\/cursos\/pos-graduacao\/santa-maria\/espedambiental\/wp-json\/wp\/v2\/users\/772"}],"replies":[{"embeddable":true,"href":"https:\/\/www.ufsm.br\/cursos\/pos-graduacao\/santa-maria\/espedambiental\/wp-json\/wp\/v2\/comments?post=165"}],"version-history":[{"count":0,"href":"https:\/\/www.ufsm.br\/cursos\/pos-graduacao\/santa-maria\/espedambiental\/wp-json\/wp\/v2\/pages\/165\/revisions"}],"wp:attachment":[{"href":"https:\/\/www.ufsm.br\/cursos\/pos-graduacao\/santa-maria\/espedambiental\/wp-json\/wp\/v2\/media?parent=165"}],"wp:term":[{"taxonomy":"category","embeddable":true,"href":"https:\/\/www.ufsm.br\/cursos\/pos-graduacao\/santa-maria\/espedambiental\/wp-json\/wp\/v2\/categories?post=165"},{"taxonomy":"post_tag","embeddable":true,"href":"https:\/\/www.ufsm.br\/cursos\/pos-graduacao\/santa-maria\/espedambiental\/wp-json\/wp\/v2\/tags?post=165"}],"curies":[{"name":"wp","href":"https:\/\/api.w.org\/{rel}","templated":true}]}}