{"id":166,"date":"2019-04-24T17:42:45","date_gmt":"2019-04-24T20:42:45","guid":{"rendered":"https:\/\/www.ufsm.br\/cursos\/pos-graduacao\/santa-maria\/espedambiental\/?page_id=166"},"modified":"2019-04-24T17:42:47","modified_gmt":"2019-04-24T20:42:47","slug":"prof-dr-djalma-dias-da-silveira","status":"publish","type":"page","link":"https:\/\/www.ufsm.br\/cursos\/pos-graduacao\/santa-maria\/espedambiental\/prof-dr-djalma-dias-da-silveira","title":{"rendered":"Prof. Dr. Djalma Dias da Silveira"},"content":{"rendered":"\n<p><span style=\"color: #666666;font-family: Tahoma, Geneva, sans-serif;text-align: justify;text-indent: 20px\">Possuo gradua\u00e7\u00e3o em Engenharia Qu\u00edmica pela Universidade Federal de Santa Maria (1981), mestrado em Engenharia de Produ\u00e7\u00e3o pela Universidade Federal de Santa Maria (1986) e doutorado em Engenharia de Produ\u00e7\u00e3o pela Universidade Federal de Santa Catarina (1999). Atualmente sou professor associado da Universidade Federal de Santa Maria. Tenho experi\u00eancia na \u00e1rea de Engenharia Qu\u00edmica, com \u00eanfase em Opera\u00e7\u00f5es de Separa\u00e7\u00e3o e Mistura, atuando principalmente nos seguintes temas: gest\u00e3o ambiental, gest\u00e3o de res\u00edduos em universidades e hospitalares, educa\u00e7\u00e3o ambiental, controle ambiental, efluente de frigor\u00edfico e avalia\u00e7\u00e3o de problemas ambientais. Sou vice-coordenador do Curso de Especializa\u00e7\u00e3o em Educa\u00e7\u00e3o Ambiental da UFSM e coordeno a comiss\u00e3o ambiental da UFSM.<\/span><\/p>\n","protected":false},"excerpt":{"rendered":"<p>Possuo gradua\u00e7\u00e3o em Engenharia Qu\u00edmica pela Universidade Federal de Santa Maria (1981), mestrado em Engenharia de Produ\u00e7\u00e3o pela Universidade Federal de Santa Maria (1986) e doutorado em Engenharia de Produ\u00e7\u00e3o pela Universidade Federal de Santa Catarina (1999). Atualmente sou professor associado da Universidade Federal de Santa Maria. Tenho experi\u00eancia na \u00e1rea de Engenharia Qu\u00edmica, com [&hellip;]<\/p>\n","protected":false},"author":772,"featured_media":0,"parent":0,"menu_order":0,"comment_status":"closed","ping_status":"closed","template":"","meta":{"footnotes":""},"categories":[],"tags":[],"class_list":["post-166","page","type-page","status-publish","hentry"],"acf":[],"_links":{"self":[{"href":"https:\/\/www.ufsm.br\/cursos\/pos-graduacao\/santa-maria\/espedambiental\/wp-json\/wp\/v2\/pages\/166","targetHints":{"allow":["GET"]}}],"collection":[{"href":"https:\/\/www.ufsm.br\/cursos\/pos-graduacao\/santa-maria\/espedambiental\/wp-json\/wp\/v2\/pages"}],"about":[{"href":"https:\/\/www.ufsm.br\/cursos\/pos-graduacao\/santa-maria\/espedambiental\/wp-json\/wp\/v2\/types\/page"}],"author":[{"embeddable":true,"href":"https:\/\/www.ufsm.br\/cursos\/pos-graduacao\/santa-maria\/espedambiental\/wp-json\/wp\/v2\/users\/772"}],"replies":[{"embeddable":true,"href":"https:\/\/www.ufsm.br\/cursos\/pos-graduacao\/santa-maria\/espedambiental\/wp-json\/wp\/v2\/comments?post=166"}],"version-history":[{"count":0,"href":"https:\/\/www.ufsm.br\/cursos\/pos-graduacao\/santa-maria\/espedambiental\/wp-json\/wp\/v2\/pages\/166\/revisions"}],"wp:attachment":[{"href":"https:\/\/www.ufsm.br\/cursos\/pos-graduacao\/santa-maria\/espedambiental\/wp-json\/wp\/v2\/media?parent=166"}],"wp:term":[{"taxonomy":"category","embeddable":true,"href":"https:\/\/www.ufsm.br\/cursos\/pos-graduacao\/santa-maria\/espedambiental\/wp-json\/wp\/v2\/categories?post=166"},{"taxonomy":"post_tag","embeddable":true,"href":"https:\/\/www.ufsm.br\/cursos\/pos-graduacao\/santa-maria\/espedambiental\/wp-json\/wp\/v2\/tags?post=166"}],"curies":[{"name":"wp","href":"https:\/\/api.w.org\/{rel}","templated":true}]}}