{"id":167,"date":"2019-04-24T17:43:30","date_gmt":"2019-04-24T20:43:30","guid":{"rendered":"https:\/\/www.ufsm.br\/cursos\/pos-graduacao\/santa-maria\/espedambiental\/?page_id=167"},"modified":"2019-04-24T17:43:31","modified_gmt":"2019-04-24T20:43:31","slug":"prof-dr-everton-rodolfo-behr","status":"publish","type":"page","link":"https:\/\/www.ufsm.br\/cursos\/pos-graduacao\/santa-maria\/espedambiental\/prof-dr-everton-rodolfo-behr","title":{"rendered":"Prof. Dr. Everton Rodolfo Behr"},"content":{"rendered":"\n<p>Possuo gradua\u00e7\u00e3o em Zootecnia pela Universidade Federal de Santa Maria (1990), mestrado em Ecologia de Ambientes Aqu\u00e1ticos Continentais pela Universidade Estadual de Maring\u00e1 (1997) e doutorado em Zoologia pela Pontif\u00edcia Universidade Cat\u00f3lica do Rio Grande do Sul (2005). Tem experi\u00eancia na \u00e1rea de ictiologia, piscicultura e fauna silvestre, atuando principalmente nos seguintes temas: alimenta\u00e7\u00e3o e ecologia de peixes, larvicultura de peixes nativos, levantamentos faun\u00edsticos e distribui\u00e7\u00e3o e conserva\u00e7\u00e3o de esp\u00e9cies amea\u00e7adas. Atualmente \u00e9 professor Associado I junto ao Departamento de Zootecnia da Universidade Federal de Santa Maria e membro colaborador do programa de P\u00f3s-Gradua\u00e7\u00e3o em Biodiversidade Animal.<\/p>\n","protected":false},"excerpt":{"rendered":"<p>Possuo gradua\u00e7\u00e3o em Zootecnia pela Universidade Federal de Santa Maria (1990), mestrado em Ecologia de Ambientes Aqu\u00e1ticos Continentais pela Universidade Estadual de Maring\u00e1 (1997) e doutorado em Zoologia pela Pontif\u00edcia Universidade Cat\u00f3lica do Rio Grande do Sul (2005). Tem experi\u00eancia na \u00e1rea de ictiologia, piscicultura e fauna silvestre, atuando principalmente nos seguintes temas: alimenta\u00e7\u00e3o e [&hellip;]<\/p>\n","protected":false},"author":772,"featured_media":0,"parent":0,"menu_order":0,"comment_status":"closed","ping_status":"closed","template":"","meta":{"footnotes":""},"categories":[],"tags":[],"class_list":["post-167","page","type-page","status-publish","hentry"],"acf":[],"_links":{"self":[{"href":"https:\/\/www.ufsm.br\/cursos\/pos-graduacao\/santa-maria\/espedambiental\/wp-json\/wp\/v2\/pages\/167","targetHints":{"allow":["GET"]}}],"collection":[{"href":"https:\/\/www.ufsm.br\/cursos\/pos-graduacao\/santa-maria\/espedambiental\/wp-json\/wp\/v2\/pages"}],"about":[{"href":"https:\/\/www.ufsm.br\/cursos\/pos-graduacao\/santa-maria\/espedambiental\/wp-json\/wp\/v2\/types\/page"}],"author":[{"embeddable":true,"href":"https:\/\/www.ufsm.br\/cursos\/pos-graduacao\/santa-maria\/espedambiental\/wp-json\/wp\/v2\/users\/772"}],"replies":[{"embeddable":true,"href":"https:\/\/www.ufsm.br\/cursos\/pos-graduacao\/santa-maria\/espedambiental\/wp-json\/wp\/v2\/comments?post=167"}],"version-history":[{"count":0,"href":"https:\/\/www.ufsm.br\/cursos\/pos-graduacao\/santa-maria\/espedambiental\/wp-json\/wp\/v2\/pages\/167\/revisions"}],"wp:attachment":[{"href":"https:\/\/www.ufsm.br\/cursos\/pos-graduacao\/santa-maria\/espedambiental\/wp-json\/wp\/v2\/media?parent=167"}],"wp:term":[{"taxonomy":"category","embeddable":true,"href":"https:\/\/www.ufsm.br\/cursos\/pos-graduacao\/santa-maria\/espedambiental\/wp-json\/wp\/v2\/categories?post=167"},{"taxonomy":"post_tag","embeddable":true,"href":"https:\/\/www.ufsm.br\/cursos\/pos-graduacao\/santa-maria\/espedambiental\/wp-json\/wp\/v2\/tags?post=167"}],"curies":[{"name":"wp","href":"https:\/\/api.w.org\/{rel}","templated":true}]}}