{"id":169,"date":"2019-04-24T17:46:12","date_gmt":"2019-04-24T20:46:12","guid":{"rendered":"https:\/\/www.ufsm.br\/cursos\/pos-graduacao\/santa-maria\/espedambiental\/?page_id=169"},"modified":"2019-04-24T17:46:13","modified_gmt":"2019-04-24T20:46:13","slug":"prof-dr-holgonsi-soares-goncalves-siqueira","status":"publish","type":"page","link":"https:\/\/www.ufsm.br\/cursos\/pos-graduacao\/santa-maria\/espedambiental\/prof-dr-holgonsi-soares-goncalves-siqueira","title":{"rendered":"Prof. Dr. Holgonsi Soares Gon\u00e7alves Siqueira"},"content":{"rendered":"\n<p>Professor Associado da UFSM-RS &#8211; Departamento de Ci\u00eancias Sociais. Doutor e Mestre em Educa\u00e7\u00e3o. Especialista em Hist\u00f3ria da Am\u00e9rica Latina e em Filosofia Contempor\u00e2nea. Graduado em Hist\u00f3ria. Tenho experi\u00eancia nas \u00e1reas de Sociologia, Cultura e Pol\u00edtica Contempor\u00e2neas e Sociologia e Pol\u00edticas da Educa\u00e7\u00e3o. \u00c9 l\u00edder do Grupo de Pesquisa-CNPq: &#8220;Globaliza\u00e7\u00e3o e Cidadania em perspectiva interdisciplinar&#8221;. Principais tem\u00e1ticas de trabalho\/pesquisa: modernidade e p\u00f3s-modernidade, globaliza\u00e7\u00e3o, novas tecnologias e cibercultura, micropol\u00edticas e nova cidadania, arte p\u00f3s-moderna e pol\u00edtica, educa\u00e7\u00e3o p\u00f3s-moderna cr\u00edtica. Site: &#8220;P\u00f3s-modernidade, Pol\u00edtica e Educa\u00e7\u00e3o&#8221; (www.holgonsi.com).<\/p>\n","protected":false},"excerpt":{"rendered":"<p>Professor Associado da UFSM-RS &#8211; Departamento de Ci\u00eancias Sociais. Doutor e Mestre em Educa\u00e7\u00e3o. Especialista em Hist\u00f3ria da Am\u00e9rica Latina e em Filosofia Contempor\u00e2nea. Graduado em Hist\u00f3ria. Tenho experi\u00eancia nas \u00e1reas de Sociologia, Cultura e Pol\u00edtica Contempor\u00e2neas e Sociologia e Pol\u00edticas da Educa\u00e7\u00e3o. \u00c9 l\u00edder do Grupo de Pesquisa-CNPq: &#8220;Globaliza\u00e7\u00e3o e Cidadania em perspectiva interdisciplinar&#8221;. [&hellip;]<\/p>\n","protected":false},"author":772,"featured_media":0,"parent":0,"menu_order":0,"comment_status":"closed","ping_status":"closed","template":"","meta":{"footnotes":""},"categories":[],"tags":[],"class_list":["post-169","page","type-page","status-publish","hentry"],"acf":[],"_links":{"self":[{"href":"https:\/\/www.ufsm.br\/cursos\/pos-graduacao\/santa-maria\/espedambiental\/wp-json\/wp\/v2\/pages\/169","targetHints":{"allow":["GET"]}}],"collection":[{"href":"https:\/\/www.ufsm.br\/cursos\/pos-graduacao\/santa-maria\/espedambiental\/wp-json\/wp\/v2\/pages"}],"about":[{"href":"https:\/\/www.ufsm.br\/cursos\/pos-graduacao\/santa-maria\/espedambiental\/wp-json\/wp\/v2\/types\/page"}],"author":[{"embeddable":true,"href":"https:\/\/www.ufsm.br\/cursos\/pos-graduacao\/santa-maria\/espedambiental\/wp-json\/wp\/v2\/users\/772"}],"replies":[{"embeddable":true,"href":"https:\/\/www.ufsm.br\/cursos\/pos-graduacao\/santa-maria\/espedambiental\/wp-json\/wp\/v2\/comments?post=169"}],"version-history":[{"count":0,"href":"https:\/\/www.ufsm.br\/cursos\/pos-graduacao\/santa-maria\/espedambiental\/wp-json\/wp\/v2\/pages\/169\/revisions"}],"wp:attachment":[{"href":"https:\/\/www.ufsm.br\/cursos\/pos-graduacao\/santa-maria\/espedambiental\/wp-json\/wp\/v2\/media?parent=169"}],"wp:term":[{"taxonomy":"category","embeddable":true,"href":"https:\/\/www.ufsm.br\/cursos\/pos-graduacao\/santa-maria\/espedambiental\/wp-json\/wp\/v2\/categories?post=169"},{"taxonomy":"post_tag","embeddable":true,"href":"https:\/\/www.ufsm.br\/cursos\/pos-graduacao\/santa-maria\/espedambiental\/wp-json\/wp\/v2\/tags?post=169"}],"curies":[{"name":"wp","href":"https:\/\/api.w.org\/{rel}","templated":true}]}}