{"id":171,"date":"2019-04-24T17:48:18","date_gmt":"2019-04-24T20:48:18","guid":{"rendered":"https:\/\/www.ufsm.br\/cursos\/pos-graduacao\/santa-maria\/espedambiental\/?page_id=171"},"modified":"2019-04-24T17:48:19","modified_gmt":"2019-04-24T20:48:19","slug":"profa-dra-josita-soares-monteiro","status":"publish","type":"page","link":"https:\/\/www.ufsm.br\/cursos\/pos-graduacao\/santa-maria\/espedambiental\/profa-dra-josita-soares-monteiro","title":{"rendered":"Prof\u00aa Dr\u00aa Josita Soares Monteiro"},"content":{"rendered":"\n<p>Possuo Gradua\u00e7\u00e3o em Engenharia Florestal pela Universidade Federal de Santa Maria (2005), Gradua\u00e7\u00e3o em Forma\u00e7\u00e3o de Professores para a Educa\u00e7\u00e3o Profissional pela Universidade Federal de Santa Maria (2010), Mestrado em Engenharia Florestal pela Universidade Federal de Santa Maria (2009) e Doutorado em Engenharia Florestal pela Universidade Federal de Santa Maria (2014). Foi servidora concursada para o cargo de Engenheira Florestal da Prefeitura Municipal de Itaara &#8211; RS (de 02\/2011 a 12\/2015), respons\u00e1vel pelo licenciamento ambiental de impacto local. Foi Professora Adjunta da Universidade Federal de Minas Gerais &#8211; UFMG. Atualmente \u00e9 Professora Adjunta da Universidade Federal de Santa Maria, disciplinas: &#8220;Pol\u00edtica e Legisla\u00e7\u00e3o Ambiental&#8221; e &#8220;Projetos, Per\u00edcias, Licenciamento e Avalia\u00e7\u00e3o Ambiental&#8221;. Tem experi\u00eancia na \u00e1rea de Recursos Florestais e Engenharia Florestal, com \u00eanfase em Conserva\u00e7\u00e3o da Natureza, atuando principalmente nos seguintes temas: legisla\u00e7\u00e3o e licenciamento ambiental e florestal.<\/p>\n","protected":false},"excerpt":{"rendered":"<p>Possuo Gradua\u00e7\u00e3o em Engenharia Florestal pela Universidade Federal de Santa Maria (2005), Gradua\u00e7\u00e3o em Forma\u00e7\u00e3o de Professores para a Educa\u00e7\u00e3o Profissional pela Universidade Federal de Santa Maria (2010), Mestrado em Engenharia Florestal pela Universidade Federal de Santa Maria (2009) e Doutorado em Engenharia Florestal pela Universidade Federal de Santa Maria (2014). Foi servidora concursada para [&hellip;]<\/p>\n","protected":false},"author":772,"featured_media":0,"parent":0,"menu_order":0,"comment_status":"closed","ping_status":"closed","template":"","meta":{"footnotes":""},"categories":[],"tags":[],"class_list":["post-171","page","type-page","status-publish","hentry"],"acf":[],"_links":{"self":[{"href":"https:\/\/www.ufsm.br\/cursos\/pos-graduacao\/santa-maria\/espedambiental\/wp-json\/wp\/v2\/pages\/171","targetHints":{"allow":["GET"]}}],"collection":[{"href":"https:\/\/www.ufsm.br\/cursos\/pos-graduacao\/santa-maria\/espedambiental\/wp-json\/wp\/v2\/pages"}],"about":[{"href":"https:\/\/www.ufsm.br\/cursos\/pos-graduacao\/santa-maria\/espedambiental\/wp-json\/wp\/v2\/types\/page"}],"author":[{"embeddable":true,"href":"https:\/\/www.ufsm.br\/cursos\/pos-graduacao\/santa-maria\/espedambiental\/wp-json\/wp\/v2\/users\/772"}],"replies":[{"embeddable":true,"href":"https:\/\/www.ufsm.br\/cursos\/pos-graduacao\/santa-maria\/espedambiental\/wp-json\/wp\/v2\/comments?post=171"}],"version-history":[{"count":0,"href":"https:\/\/www.ufsm.br\/cursos\/pos-graduacao\/santa-maria\/espedambiental\/wp-json\/wp\/v2\/pages\/171\/revisions"}],"wp:attachment":[{"href":"https:\/\/www.ufsm.br\/cursos\/pos-graduacao\/santa-maria\/espedambiental\/wp-json\/wp\/v2\/media?parent=171"}],"wp:term":[{"taxonomy":"category","embeddable":true,"href":"https:\/\/www.ufsm.br\/cursos\/pos-graduacao\/santa-maria\/espedambiental\/wp-json\/wp\/v2\/categories?post=171"},{"taxonomy":"post_tag","embeddable":true,"href":"https:\/\/www.ufsm.br\/cursos\/pos-graduacao\/santa-maria\/espedambiental\/wp-json\/wp\/v2\/tags?post=171"}],"curies":[{"name":"wp","href":"https:\/\/api.w.org\/{rel}","templated":true}]}}