{"id":172,"date":"2019-04-24T17:49:07","date_gmt":"2019-04-24T20:49:07","guid":{"rendered":"https:\/\/www.ufsm.br\/cursos\/pos-graduacao\/santa-maria\/espedambiental\/?page_id=172"},"modified":"2019-04-24T17:49:08","modified_gmt":"2019-04-24T20:49:08","slug":"prof-dr-luiz-ernani-bonesso-de-araujo","status":"publish","type":"page","link":"https:\/\/www.ufsm.br\/cursos\/pos-graduacao\/santa-maria\/espedambiental\/prof-dr-luiz-ernani-bonesso-de-araujo","title":{"rendered":"Prof. Dr. Luiz Ernani Bonesso de Araujo"},"content":{"rendered":"\n<p>Possuo Gradua\u00e7\u00e3o em Ci\u00eancias Jur\u00eddicas e Sociais pela Faculdade de Direito de Santo \u00c2ngelo (1979), Mestrado em Direito pela Universidade Federal de Santa Catarina (1984) e Doutorado em Direito pela Universidade Federal de Santa Catarina (1997). Atualmente sou professor da Universidade Federal de Santa Maria. Tenho experi\u00eancia na \u00e1rea de Direito, com \u00eanfase em Direito Agr\u00e1rio e Ambiental, atuando principalmente nos seguintes temas: direito ambiental, ambiental, sociedade de risco, Mercosul e meio ambiente.<\/p>\n","protected":false},"excerpt":{"rendered":"<p>Possuo Gradua\u00e7\u00e3o em Ci\u00eancias Jur\u00eddicas e Sociais pela Faculdade de Direito de Santo \u00c2ngelo (1979), Mestrado em Direito pela Universidade Federal de Santa Catarina (1984) e Doutorado em Direito pela Universidade Federal de Santa Catarina (1997). Atualmente sou professor da Universidade Federal de Santa Maria. Tenho experi\u00eancia na \u00e1rea de Direito, com \u00eanfase em Direito [&hellip;]<\/p>\n","protected":false},"author":772,"featured_media":0,"parent":0,"menu_order":0,"comment_status":"closed","ping_status":"closed","template":"","meta":{"footnotes":""},"categories":[],"tags":[],"class_list":["post-172","page","type-page","status-publish","hentry"],"acf":[],"_links":{"self":[{"href":"https:\/\/www.ufsm.br\/cursos\/pos-graduacao\/santa-maria\/espedambiental\/wp-json\/wp\/v2\/pages\/172","targetHints":{"allow":["GET"]}}],"collection":[{"href":"https:\/\/www.ufsm.br\/cursos\/pos-graduacao\/santa-maria\/espedambiental\/wp-json\/wp\/v2\/pages"}],"about":[{"href":"https:\/\/www.ufsm.br\/cursos\/pos-graduacao\/santa-maria\/espedambiental\/wp-json\/wp\/v2\/types\/page"}],"author":[{"embeddable":true,"href":"https:\/\/www.ufsm.br\/cursos\/pos-graduacao\/santa-maria\/espedambiental\/wp-json\/wp\/v2\/users\/772"}],"replies":[{"embeddable":true,"href":"https:\/\/www.ufsm.br\/cursos\/pos-graduacao\/santa-maria\/espedambiental\/wp-json\/wp\/v2\/comments?post=172"}],"version-history":[{"count":0,"href":"https:\/\/www.ufsm.br\/cursos\/pos-graduacao\/santa-maria\/espedambiental\/wp-json\/wp\/v2\/pages\/172\/revisions"}],"wp:attachment":[{"href":"https:\/\/www.ufsm.br\/cursos\/pos-graduacao\/santa-maria\/espedambiental\/wp-json\/wp\/v2\/media?parent=172"}],"wp:term":[{"taxonomy":"category","embeddable":true,"href":"https:\/\/www.ufsm.br\/cursos\/pos-graduacao\/santa-maria\/espedambiental\/wp-json\/wp\/v2\/categories?post=172"},{"taxonomy":"post_tag","embeddable":true,"href":"https:\/\/www.ufsm.br\/cursos\/pos-graduacao\/santa-maria\/espedambiental\/wp-json\/wp\/v2\/tags?post=172"}],"curies":[{"name":"wp","href":"https:\/\/api.w.org\/{rel}","templated":true}]}}