{"id":173,"date":"2019-04-24T17:50:01","date_gmt":"2019-04-24T20:50:01","guid":{"rendered":"https:\/\/www.ufsm.br\/cursos\/pos-graduacao\/santa-maria\/espedambiental\/?page_id=173"},"modified":"2019-04-24T17:50:02","modified_gmt":"2019-04-24T20:50:02","slug":"profa-dra-marcia-eliane-leindcker-da-paixao","status":"publish","type":"page","link":"https:\/\/www.ufsm.br\/cursos\/pos-graduacao\/santa-maria\/espedambiental\/profa-dra-marcia-eliane-leindcker-da-paixao","title":{"rendered":"Prof\u00aa. Dr\u00aa. M\u00e1rcia Eliane Leindcker da Paix\u00e3o"},"content":{"rendered":"\n<p>Graduada em Pedagogia, mestrado em Ci\u00eancias Sociais Aplicadas e doutorado em Educa\u00e7\u00e3o, todos pela Universidade do Vale do Rio dos Sinos &#8211; Unisinos. Atualmente, sou professora adjunta da Universidade Federal de Santa Maria (UFSM) &#8211; Departamento Fundamentos da Educa\u00e7\u00e3o (FUE). Fui docente na Escola Superior de Teologia (EST), em S\u00e3o Leopoldo\/RS por doze anos, nas \u00e1reas de Diaconia e Teologia Feminista. Tenho experi\u00eancia na \u00e1rea de Educa\u00e7\u00e3o Popular, de Estudos de G\u00eanero\/feminismos e de Teologia &#8211; \u00eanfase Diaconia. Integrante do Grupo de Pesquisa Ac\u00fastica, da Comiss\u00e3o de Avalia\u00e7\u00e3o Institucional do Centro de Educa\u00e7\u00e3o (CAICE), do N\u00facleo Docente Estruturante (NDE) do Curso de Pedagogia Diurno. Participou da Comiss\u00e3o Institucional de Acompanhamento de Projetos Pedag\u00f3gicos de Curso (CIAPPC) &#8211; agosto 2014-abril2015. L\u00edder do N\u00facleo de Estudos e Pesquisa em Educa\u00e7\u00e3o e G\u00eanero e do Grupo de Estudos Feministas Elas. Participo do F\u00f3rum de Mulheres de Santa Maria e integra a diretoria da Se\u00e7\u00e3o Sindical de Docentes da Universidade Federal de Santa Maria &#8211; SEDUFSM (junho 2014). As \u00e1reas de ensino, pesquisa e extens\u00e3o relacionam g\u00eanero\/feminismos, diaconia , educa\u00e7\u00e3o popular e educa\u00e7\u00e3o ambiental.<\/p>\n","protected":false},"excerpt":{"rendered":"<p>Graduada em Pedagogia, mestrado em Ci\u00eancias Sociais Aplicadas e doutorado em Educa\u00e7\u00e3o, todos pela Universidade do Vale do Rio dos Sinos &#8211; Unisinos. Atualmente, sou professora adjunta da Universidade Federal de Santa Maria (UFSM) &#8211; Departamento Fundamentos da Educa\u00e7\u00e3o (FUE). Fui docente na Escola Superior de Teologia (EST), em S\u00e3o Leopoldo\/RS por doze anos, nas [&hellip;]<\/p>\n","protected":false},"author":772,"featured_media":0,"parent":0,"menu_order":0,"comment_status":"closed","ping_status":"closed","template":"","meta":{"footnotes":""},"categories":[],"tags":[],"class_list":["post-173","page","type-page","status-publish","hentry"],"acf":[],"_links":{"self":[{"href":"https:\/\/www.ufsm.br\/cursos\/pos-graduacao\/santa-maria\/espedambiental\/wp-json\/wp\/v2\/pages\/173","targetHints":{"allow":["GET"]}}],"collection":[{"href":"https:\/\/www.ufsm.br\/cursos\/pos-graduacao\/santa-maria\/espedambiental\/wp-json\/wp\/v2\/pages"}],"about":[{"href":"https:\/\/www.ufsm.br\/cursos\/pos-graduacao\/santa-maria\/espedambiental\/wp-json\/wp\/v2\/types\/page"}],"author":[{"embeddable":true,"href":"https:\/\/www.ufsm.br\/cursos\/pos-graduacao\/santa-maria\/espedambiental\/wp-json\/wp\/v2\/users\/772"}],"replies":[{"embeddable":true,"href":"https:\/\/www.ufsm.br\/cursos\/pos-graduacao\/santa-maria\/espedambiental\/wp-json\/wp\/v2\/comments?post=173"}],"version-history":[{"count":0,"href":"https:\/\/www.ufsm.br\/cursos\/pos-graduacao\/santa-maria\/espedambiental\/wp-json\/wp\/v2\/pages\/173\/revisions"}],"wp:attachment":[{"href":"https:\/\/www.ufsm.br\/cursos\/pos-graduacao\/santa-maria\/espedambiental\/wp-json\/wp\/v2\/media?parent=173"}],"wp:term":[{"taxonomy":"category","embeddable":true,"href":"https:\/\/www.ufsm.br\/cursos\/pos-graduacao\/santa-maria\/espedambiental\/wp-json\/wp\/v2\/categories?post=173"},{"taxonomy":"post_tag","embeddable":true,"href":"https:\/\/www.ufsm.br\/cursos\/pos-graduacao\/santa-maria\/espedambiental\/wp-json\/wp\/v2\/tags?post=173"}],"curies":[{"name":"wp","href":"https:\/\/api.w.org\/{rel}","templated":true}]}}