{"id":175,"date":"2019-04-24T17:51:52","date_gmt":"2019-04-24T20:51:52","guid":{"rendered":"https:\/\/www.ufsm.br\/cursos\/pos-graduacao\/santa-maria\/espedambiental\/?page_id=175"},"modified":"2019-04-24T17:51:53","modified_gmt":"2019-04-24T20:51:53","slug":"prof-dr-ricardo-dalmolin","status":"publish","type":"page","link":"https:\/\/www.ufsm.br\/cursos\/pos-graduacao\/santa-maria\/espedambiental\/prof-dr-ricardo-dalmolin","title":{"rendered":"Prof. Dr. Ricardo Dalmolin"},"content":{"rendered":"\n<p>Possuo gradua\u00e7\u00e3o em Agronomia pela Universidade Federal de Santa Maria (1987), mestrado em Agronomia pela Universidade Federal de Santa Maria (1990) e doutorado em Ci\u00eancias do Solo pela Universidade Federal do Rio Grande do Sul (2002). Atualmente sou professor associado da Universidade Federal de Santa Maria atuando nos cursos de gradua\u00e7\u00e3o em Agronomia e Engenharia Florestal. Sou professor e orientador do programa de p\u00f3s-gradua\u00e7\u00e3o em Ci\u00eancia do Solo e do programa p\u00f3s-gradua\u00e7\u00e3o em Educa\u00e7\u00e3o Ambiental. Consultor das revistas &#8211; Ci\u00eancia Rural, &#8211; Revista Brasileira de Agroci\u00eancia, &#8211; Revista Brasileira de Ci\u00eancia do Solo, &#8211; Pesquisa Agropecu\u00e1ria Brasileira, &#8211; Agriambi, &#8211; Acta amaz\u00f4nica, &#8211; Agroambi\u00eancia, Bragantia e Soil Research. Lider do Grupo de pesquisa do CNPq: G\u00eanese, composi\u00e7\u00e3o e comportamento dos solos do RS e pesquisador do Grupo de Pesquisa da Universidade Federal de Santa Catarina (UFSC) &#8211; Agricultura Conservacionista, linha de pesquisa &#8211; Adequabilidade do uso das terras. Tenho experi\u00eancia na \u00e1rea Ambiental e Agronomia, com \u00eanfase em G\u00eanese, Morfologia e Classifica\u00e7\u00e3o dos Solos, atuando principalmente nos seguintes temas: levantamento de solos, classifica\u00e7\u00e3o de solos, aptid\u00e3o de uso das terras, sensoriamento remoto e Mapeamento Digital de Solos. Fui presidente do Nucleo Regional Sul da Sociedade Brasileira de Ci\u00eancia do Solo, bi\u00eanio 2007-2008 e bi\u00eanio 2009-2010 e membro do Conselho Diretor da Sociedade Brasileira de Ci\u00eancia do Solo de 2007 &#8211; 2010. Respons\u00e1vel pelo Museu de Solos do RS e Chefe do Departamento de Solos da UFSM, bi\u00eanio 2014-2015.<\/p>\n","protected":false},"excerpt":{"rendered":"<p>Possuo gradua\u00e7\u00e3o em Agronomia pela Universidade Federal de Santa Maria (1987), mestrado em Agronomia pela Universidade Federal de Santa Maria (1990) e doutorado em Ci\u00eancias do Solo pela Universidade Federal do Rio Grande do Sul (2002). Atualmente sou professor associado da Universidade Federal de Santa Maria atuando nos cursos de gradua\u00e7\u00e3o em Agronomia e Engenharia [&hellip;]<\/p>\n","protected":false},"author":772,"featured_media":0,"parent":0,"menu_order":0,"comment_status":"closed","ping_status":"closed","template":"","meta":{"footnotes":""},"categories":[],"tags":[],"class_list":["post-175","page","type-page","status-publish","hentry"],"acf":[],"_links":{"self":[{"href":"https:\/\/www.ufsm.br\/cursos\/pos-graduacao\/santa-maria\/espedambiental\/wp-json\/wp\/v2\/pages\/175","targetHints":{"allow":["GET"]}}],"collection":[{"href":"https:\/\/www.ufsm.br\/cursos\/pos-graduacao\/santa-maria\/espedambiental\/wp-json\/wp\/v2\/pages"}],"about":[{"href":"https:\/\/www.ufsm.br\/cursos\/pos-graduacao\/santa-maria\/espedambiental\/wp-json\/wp\/v2\/types\/page"}],"author":[{"embeddable":true,"href":"https:\/\/www.ufsm.br\/cursos\/pos-graduacao\/santa-maria\/espedambiental\/wp-json\/wp\/v2\/users\/772"}],"replies":[{"embeddable":true,"href":"https:\/\/www.ufsm.br\/cursos\/pos-graduacao\/santa-maria\/espedambiental\/wp-json\/wp\/v2\/comments?post=175"}],"version-history":[{"count":0,"href":"https:\/\/www.ufsm.br\/cursos\/pos-graduacao\/santa-maria\/espedambiental\/wp-json\/wp\/v2\/pages\/175\/revisions"}],"wp:attachment":[{"href":"https:\/\/www.ufsm.br\/cursos\/pos-graduacao\/santa-maria\/espedambiental\/wp-json\/wp\/v2\/media?parent=175"}],"wp:term":[{"taxonomy":"category","embeddable":true,"href":"https:\/\/www.ufsm.br\/cursos\/pos-graduacao\/santa-maria\/espedambiental\/wp-json\/wp\/v2\/categories?post=175"},{"taxonomy":"post_tag","embeddable":true,"href":"https:\/\/www.ufsm.br\/cursos\/pos-graduacao\/santa-maria\/espedambiental\/wp-json\/wp\/v2\/tags?post=175"}],"curies":[{"name":"wp","href":"https:\/\/api.w.org\/{rel}","templated":true}]}}