{"id":176,"date":"2019-04-24T17:52:40","date_gmt":"2019-04-24T20:52:40","guid":{"rendered":"https:\/\/www.ufsm.br\/cursos\/pos-graduacao\/santa-maria\/espedambiental\/?page_id=176"},"modified":"2019-04-24T17:52:41","modified_gmt":"2019-04-24T20:52:41","slug":"prof-dr-toshio-nishijima","status":"publish","type":"page","link":"https:\/\/www.ufsm.br\/cursos\/pos-graduacao\/santa-maria\/espedambiental\/prof-dr-toshio-nishijima","title":{"rendered":"Prof. Dr. Toshio Nishijima"},"content":{"rendered":"\n<p>Possuo gradua\u00e7\u00e3o em Engenharia Agron\u00f4mica pela Universidade Federal Rural do Rio de Janeiro (1983), mestrado em Engenharia Agr\u00edcola pela Universidade Federal de Santa Maria (1986) e doutorado em Recursos H\u00eddricos e Saneamento Ambiental pelo Instituto de Pesquisas Hidr\u00e1ulicas da Universidade Federal do Rio Grande do Sul (2004). Atualmente sou Professor Associado da Universidade Federal de Santa Maria. Leciono as disciplinas de hidr\u00e1ulica e recursos h\u00eddricos nos cursos de Agronomia e Engenharia Florestal. Atuo, tamb\u00e9m em Educa\u00e7\u00e3o Ambiental, na \u00e1rea de \u00e1gua e solo, na modalidade de curso presencial e de curso \u00e0 dist\u00e2ncia. Exer\u00e7o o cargo de Coordenador do Curso de Agronomia do Centro de Ci\u00eancias Rurais da Universidade Federal de Santa Maria<\/p>\n","protected":false},"excerpt":{"rendered":"<p>Possuo gradua\u00e7\u00e3o em Engenharia Agron\u00f4mica pela Universidade Federal Rural do Rio de Janeiro (1983), mestrado em Engenharia Agr\u00edcola pela Universidade Federal de Santa Maria (1986) e doutorado em Recursos H\u00eddricos e Saneamento Ambiental pelo Instituto de Pesquisas Hidr\u00e1ulicas da Universidade Federal do Rio Grande do Sul (2004). Atualmente sou Professor Associado da Universidade Federal de [&hellip;]<\/p>\n","protected":false},"author":772,"featured_media":0,"parent":0,"menu_order":0,"comment_status":"closed","ping_status":"closed","template":"","meta":{"footnotes":""},"categories":[],"tags":[],"class_list":["post-176","page","type-page","status-publish","hentry"],"acf":[],"_links":{"self":[{"href":"https:\/\/www.ufsm.br\/cursos\/pos-graduacao\/santa-maria\/espedambiental\/wp-json\/wp\/v2\/pages\/176","targetHints":{"allow":["GET"]}}],"collection":[{"href":"https:\/\/www.ufsm.br\/cursos\/pos-graduacao\/santa-maria\/espedambiental\/wp-json\/wp\/v2\/pages"}],"about":[{"href":"https:\/\/www.ufsm.br\/cursos\/pos-graduacao\/santa-maria\/espedambiental\/wp-json\/wp\/v2\/types\/page"}],"author":[{"embeddable":true,"href":"https:\/\/www.ufsm.br\/cursos\/pos-graduacao\/santa-maria\/espedambiental\/wp-json\/wp\/v2\/users\/772"}],"replies":[{"embeddable":true,"href":"https:\/\/www.ufsm.br\/cursos\/pos-graduacao\/santa-maria\/espedambiental\/wp-json\/wp\/v2\/comments?post=176"}],"version-history":[{"count":0,"href":"https:\/\/www.ufsm.br\/cursos\/pos-graduacao\/santa-maria\/espedambiental\/wp-json\/wp\/v2\/pages\/176\/revisions"}],"wp:attachment":[{"href":"https:\/\/www.ufsm.br\/cursos\/pos-graduacao\/santa-maria\/espedambiental\/wp-json\/wp\/v2\/media?parent=176"}],"wp:term":[{"taxonomy":"category","embeddable":true,"href":"https:\/\/www.ufsm.br\/cursos\/pos-graduacao\/santa-maria\/espedambiental\/wp-json\/wp\/v2\/categories?post=176"},{"taxonomy":"post_tag","embeddable":true,"href":"https:\/\/www.ufsm.br\/cursos\/pos-graduacao\/santa-maria\/espedambiental\/wp-json\/wp\/v2\/tags?post=176"}],"curies":[{"name":"wp","href":"https:\/\/api.w.org\/{rel}","templated":true}]}}