{"id":177,"date":"2019-04-24T17:59:23","date_gmt":"2019-04-24T20:59:23","guid":{"rendered":"https:\/\/www.ufsm.br\/cursos\/pos-graduacao\/santa-maria\/espedambiental\/?page_id=177"},"modified":"2019-04-24T17:59:24","modified_gmt":"2019-04-24T20:59:24","slug":"ingresso","status":"publish","type":"page","link":"https:\/\/www.ufsm.br\/cursos\/pos-graduacao\/santa-maria\/espedambiental\/ingresso","title":{"rendered":"Ingresso"},"content":{"rendered":"\n<p>O curso apresenta uma \u00fanica entrada em Mar\u00e7o, com a inscri\u00e7\u00e3o para a sele\u00e7\u00e3o durante o m\u00eas de outubro conforme edital fornecido pelo site da UFSM (PRPGP, aba Editais).<\/p>\n<p><strong>Para participar da sele\u00e7\u00e3o, \u00e9 necess\u00e1rio:\u00a0<\/strong><\/p>\n<ol>\n<li>Elaborar um projeto de pesquisa sobre Educa\u00e7\u00e3o Ambiental de acordo com o Edital de sele\u00e7\u00e3o.<\/li>\n<li>Apresenta\u00e7\u00e3o do curr\u00edculo.\u00a0<\/li>\n<li>Ser portador de diploma de n\u00edvel superior\u00a0(ou prov\u00e1vel formando)\u00a0em qualquer \u00e1rea de conhecimento.\u00a0<\/li>\n<\/ol>\n<p>O Curso de Especializa\u00e7\u00e3o em Educa\u00e7\u00e3o Ambiental \u00e9 presencial, com dura\u00e7\u00e3o de 18 meses.<\/p>\n<p>As aulas\u00a0 s\u00e3o:\u00a0 I semestre &#8211; quinta-feira e sexta-feira durante manh\u00e3 e tarde<\/p>\n<p>\u00a0 \u00a0 \u00a0 \u00a0 \u00a0 \u00a0 \u00a0 \u00a0 \u00a0 \u00a0 \u00a0 II semestre &#8211; quinta-feira de tarde e sexta-feira manh\u00e3 e tarde.\u00a0<\/p>\n","protected":false},"excerpt":{"rendered":"<p>O curso apresenta uma \u00fanica entrada em Mar\u00e7o, com a inscri\u00e7\u00e3o para a sele\u00e7\u00e3o durante o m\u00eas de outubro conforme edital fornecido pelo site da UFSM (PRPGP, aba Editais). Para participar da sele\u00e7\u00e3o, \u00e9 necess\u00e1rio:\u00a0 Elaborar um projeto de pesquisa sobre Educa\u00e7\u00e3o Ambiental de acordo com o Edital de sele\u00e7\u00e3o. Apresenta\u00e7\u00e3o do curr\u00edculo.\u00a0 Ser portador [&hellip;]<\/p>\n","protected":false},"author":772,"featured_media":0,"parent":0,"menu_order":0,"comment_status":"closed","ping_status":"closed","template":"","meta":{"footnotes":""},"categories":[],"tags":[],"class_list":["post-177","page","type-page","status-publish","hentry"],"acf":[],"_links":{"self":[{"href":"https:\/\/www.ufsm.br\/cursos\/pos-graduacao\/santa-maria\/espedambiental\/wp-json\/wp\/v2\/pages\/177","targetHints":{"allow":["GET"]}}],"collection":[{"href":"https:\/\/www.ufsm.br\/cursos\/pos-graduacao\/santa-maria\/espedambiental\/wp-json\/wp\/v2\/pages"}],"about":[{"href":"https:\/\/www.ufsm.br\/cursos\/pos-graduacao\/santa-maria\/espedambiental\/wp-json\/wp\/v2\/types\/page"}],"author":[{"embeddable":true,"href":"https:\/\/www.ufsm.br\/cursos\/pos-graduacao\/santa-maria\/espedambiental\/wp-json\/wp\/v2\/users\/772"}],"replies":[{"embeddable":true,"href":"https:\/\/www.ufsm.br\/cursos\/pos-graduacao\/santa-maria\/espedambiental\/wp-json\/wp\/v2\/comments?post=177"}],"version-history":[{"count":0,"href":"https:\/\/www.ufsm.br\/cursos\/pos-graduacao\/santa-maria\/espedambiental\/wp-json\/wp\/v2\/pages\/177\/revisions"}],"wp:attachment":[{"href":"https:\/\/www.ufsm.br\/cursos\/pos-graduacao\/santa-maria\/espedambiental\/wp-json\/wp\/v2\/media?parent=177"}],"wp:term":[{"taxonomy":"category","embeddable":true,"href":"https:\/\/www.ufsm.br\/cursos\/pos-graduacao\/santa-maria\/espedambiental\/wp-json\/wp\/v2\/categories?post=177"},{"taxonomy":"post_tag","embeddable":true,"href":"https:\/\/www.ufsm.br\/cursos\/pos-graduacao\/santa-maria\/espedambiental\/wp-json\/wp\/v2\/tags?post=177"}],"curies":[{"name":"wp","href":"https:\/\/api.w.org\/{rel}","templated":true}]}}