{"id":178,"date":"2019-04-24T18:00:55","date_gmt":"2019-04-24T21:00:55","guid":{"rendered":"https:\/\/www.ufsm.br\/cursos\/pos-graduacao\/santa-maria\/espedambiental\/?page_id=178"},"modified":"2019-04-26T14:22:12","modified_gmt":"2019-04-26T17:22:12","slug":"revistas-eletronicas","status":"publish","type":"page","link":"https:\/\/www.ufsm.br\/cursos\/pos-graduacao\/santa-maria\/espedambiental\/revistas-eletronicas","title":{"rendered":"Revistas Eletr\u00f4nicas"},"content":{"rendered":"<p><strong>Revista eletr\u00f4nica da UFSM destaca a tem\u00e1tica da &#8220;Educa\u00e7\u00e3o Ambiental&#8221;<\/strong><\/p>\n<p>O editor-chefe Prof. Marcelo Barcellos da Rosa, informa que ambas as revistas Remoa e Reget,\u00a0est\u00e3o sem previs\u00e3o para submiss\u00e3o de novos artigos.<\/p>\n<p>O Curso de Especializa\u00e7\u00e3o em Educa\u00e7\u00e3o Ambiental do Centro de Ci\u00eancias Rurais da UFSM lan\u00e7ou oficialmente sua mais nova Revista eletr\u00f4nica, a Revista Monografias Ambientais &#8211; REMOA-CCR\/UFSM no dia 26 de novembro de 2010 e comemorou os 15 anos do Curso de Especializa\u00e7\u00e3o.<br \/>\n&#8220;Esta id\u00e9ia \u00e9 um esfor\u00e7o coletivo dos professores do Curso de Especializa\u00e7\u00e3o em Educa\u00e7\u00e3o Ambiental e se concretiza numa revista que atende aos anseios acad\u00eamicos da UFSM, bem como de todas as institui\u00e7\u00f5es de ensino superior que estejam preocupadas em divulgar suas pesquisas sob a tem\u00e1tica da Educa\u00e7\u00e3o Ambiental&#8221;, explica o editor chefe, prof. Marcelo Barcellos da Rosa.<br \/>\nTodas as pessoas o interessadas podem acessar o site da revista &#8211; www.ufsm.br\/remoa &#8211; e realizar seu cadastro.<br \/>\nO editor salienta a import\u00e2ncia desta revista, pois ela est\u00e1 abrindo espa\u00e7o para publica\u00e7\u00e3o de artigos gerados a partir de trabalhos como monografias, resumos de disserta\u00e7\u00f5es e teses que envolveram a Educa\u00e7\u00e3o Ambiental como tema transversal. &#8220;Assim, destacamos nossa preocupa\u00e7\u00e3o em dar ainda mais visibilidade a trabalhos desenvolvidos por institui\u00e7\u00f5es de ensino superior engajadas na forma\u00e7\u00e3o de recursos humanos e que tenham como objetivo trabalhar a Educa\u00e7\u00e3o Ambiental de forma interdisciplinar&#8221;, destaca o prof. Marcelo.<br \/>\nInforma\u00e7\u00f5es como publicar, escopo, orienta\u00e7\u00f5es aos autores, entre outras, podem ser encontradas no site: www.ufsm.br<br \/>\nJ\u00e1 est\u00e1 dispon\u00edvel na internet mais uma edi\u00e7\u00e3o da Revista Monografias Ambientais (REMOA\/UFSM).<br \/>\nA Revista tem como objetivo atender a demanda de produ\u00e7\u00e3o cient\u00edfica do Curso de Especializa\u00e7\u00e3o em Educa\u00e7\u00e3o Ambiental da UFSM e de todos os cursos\/programas da UFSM e de outras institui\u00e7\u00f5es que trabalhem com a tem\u00e1tica da educa\u00e7\u00e3o ambiental.<br \/>\nO conte\u00fado pode ser acessado em\u00a0<a href=\"http:\/\/cascavel.ufsm.br\/revistas\/ojs-2.2.2\/index.php\/remoa\" target=\"_blank\" rel=\"noopener noreferrer\">www.ufsm.br\/remoa<\/a>\u00a0ou\u00a0<a href=\"http:\/\/cascavel.ufsm.br\/revistas\/ojs-2.2.2\/index.php\/remoa\/index\">http:\/\/cascavel.ufsm.br\/revistas\/ojs-2.2.2\/index.php\/remoa\/index<\/a><\/p>\n<p><strong>Mais Informa\u00e7\u00f5es<\/strong><\/p>\n<p>Prof. Dr. Marcelo Barcellos da Rosa<br \/>\nEditor-Chefe REMOA\/UFSM<br \/>\nDepartamento de Engenharia Qu\u00edmica<br \/>\nCentro de Tecnologia &#8211; DEQ-CT\/UFSM<br \/>\nCampus UFSM, Santa Maria, RS<br \/>\nTel\/fax: (55) 3220-887<\/p>\n","protected":false},"excerpt":{"rendered":"<p>Revista eletr\u00f4nica da UFSM destaca a tem\u00e1tica da &#8220;Educa\u00e7\u00e3o Ambiental&#8221; O editor-chefe Prof. Marcelo Barcellos da Rosa, informa que ambas as revistas Remoa e Reget,\u00a0est\u00e3o sem previs\u00e3o para submiss\u00e3o de novos artigos. O Curso de Especializa\u00e7\u00e3o em Educa\u00e7\u00e3o Ambiental do Centro de Ci\u00eancias Rurais da UFSM lan\u00e7ou oficialmente sua mais nova Revista eletr\u00f4nica, a Revista [&hellip;]<\/p>\n","protected":false},"author":772,"featured_media":0,"parent":0,"menu_order":0,"comment_status":"closed","ping_status":"closed","template":"","meta":{"footnotes":""},"categories":[],"tags":[],"class_list":["post-178","page","type-page","status-publish","hentry"],"acf":[],"_links":{"self":[{"href":"https:\/\/www.ufsm.br\/cursos\/pos-graduacao\/santa-maria\/espedambiental\/wp-json\/wp\/v2\/pages\/178","targetHints":{"allow":["GET"]}}],"collection":[{"href":"https:\/\/www.ufsm.br\/cursos\/pos-graduacao\/santa-maria\/espedambiental\/wp-json\/wp\/v2\/pages"}],"about":[{"href":"https:\/\/www.ufsm.br\/cursos\/pos-graduacao\/santa-maria\/espedambiental\/wp-json\/wp\/v2\/types\/page"}],"author":[{"embeddable":true,"href":"https:\/\/www.ufsm.br\/cursos\/pos-graduacao\/santa-maria\/espedambiental\/wp-json\/wp\/v2\/users\/772"}],"replies":[{"embeddable":true,"href":"https:\/\/www.ufsm.br\/cursos\/pos-graduacao\/santa-maria\/espedambiental\/wp-json\/wp\/v2\/comments?post=178"}],"version-history":[{"count":0,"href":"https:\/\/www.ufsm.br\/cursos\/pos-graduacao\/santa-maria\/espedambiental\/wp-json\/wp\/v2\/pages\/178\/revisions"}],"wp:attachment":[{"href":"https:\/\/www.ufsm.br\/cursos\/pos-graduacao\/santa-maria\/espedambiental\/wp-json\/wp\/v2\/media?parent=178"}],"wp:term":[{"taxonomy":"category","embeddable":true,"href":"https:\/\/www.ufsm.br\/cursos\/pos-graduacao\/santa-maria\/espedambiental\/wp-json\/wp\/v2\/categories?post=178"},{"taxonomy":"post_tag","embeddable":true,"href":"https:\/\/www.ufsm.br\/cursos\/pos-graduacao\/santa-maria\/espedambiental\/wp-json\/wp\/v2\/tags?post=178"}],"curies":[{"name":"wp","href":"https:\/\/api.w.org\/{rel}","templated":true}]}}