{"id":179,"date":"2019-04-24T18:02:30","date_gmt":"2019-04-24T21:02:30","guid":{"rendered":"https:\/\/www.ufsm.br\/cursos\/pos-graduacao\/santa-maria\/espedambiental\/?page_id=179"},"modified":"2019-04-24T18:02:32","modified_gmt":"2019-04-24T21:02:32","slug":"projetos-de-extensao","status":"publish","type":"page","link":"https:\/\/www.ufsm.br\/cursos\/pos-graduacao\/santa-maria\/espedambiental\/projetos-de-extensao","title":{"rendered":"Projetos de Extens\u00e3o"},"content":{"rendered":"\n<ul>\n<li><strong>A\u00c7\u00d5ES JUNTO AO GRUPO DE ATIVIDADES F\u00cdSICAS MEXE CORA\u00c7\u00c3O NA CONSCIENTIZA\u00c7\u00c3O CONTRA O TR\u00c1FICO DE ANIMAIS SILVESTRES<\/strong><\/li>\n<\/ul>\n<p>O presente trabalho visa \u00e0 conscientiza\u00e7\u00e3o ambiental educa\u00e7\u00e3o sobre a conserva\u00e7\u00e3o de aves silvestres, junto ao\u00a0Grupo de Atividades F\u00edsicas Mexe Cora\u00e7\u00e3o na cidade de Santa Maria, estado do Rio Grande do Sul.<\/p>\n<p>Despertar o interesse dos idosos pela preserva\u00e7\u00e3o do meio ambiente onde vivem, mostrando os malef\u00edcios que a captura das aves, os impactos negativos causados ao ecossistema e \u00e0 sa\u00fade humana, e incentivar a dissemina\u00e7\u00e3o deste tema entre parentes e amigos.<\/p>\n<p>Acreditamos que o envolvimento deste grupo de idosos com as atividades despertar\u00e1 o carisma pelas aves e por sua conserva\u00e7\u00e3o.\u00a0Expor a eles as principais contribui\u00e7\u00f5es das aves para o equil\u00edbrio da natureza, assim como as esp\u00e9cies de aves brasileiras, dando enfoque \u00e0s aves regionais.<\/p>\n<p>\u00a0<\/p>\n<ul>\n<li><strong>PROJETO TECER<\/strong><\/li>\n<\/ul>\n<p>Em andamento.<\/p>\n","protected":false},"excerpt":{"rendered":"<p>A\u00c7\u00d5ES JUNTO AO GRUPO DE ATIVIDADES F\u00cdSICAS MEXE CORA\u00c7\u00c3O NA CONSCIENTIZA\u00c7\u00c3O CONTRA O TR\u00c1FICO DE ANIMAIS SILVESTRES O presente trabalho visa \u00e0 conscientiza\u00e7\u00e3o ambiental educa\u00e7\u00e3o sobre a conserva\u00e7\u00e3o de aves silvestres, junto ao\u00a0Grupo de Atividades F\u00edsicas Mexe Cora\u00e7\u00e3o na cidade de Santa Maria, estado do Rio Grande do Sul. Despertar o interesse dos idosos pela [&hellip;]<\/p>\n","protected":false},"author":772,"featured_media":0,"parent":0,"menu_order":0,"comment_status":"closed","ping_status":"closed","template":"","meta":{"footnotes":""},"categories":[],"tags":[],"class_list":["post-179","page","type-page","status-publish","hentry"],"acf":[],"_links":{"self":[{"href":"https:\/\/www.ufsm.br\/cursos\/pos-graduacao\/santa-maria\/espedambiental\/wp-json\/wp\/v2\/pages\/179","targetHints":{"allow":["GET"]}}],"collection":[{"href":"https:\/\/www.ufsm.br\/cursos\/pos-graduacao\/santa-maria\/espedambiental\/wp-json\/wp\/v2\/pages"}],"about":[{"href":"https:\/\/www.ufsm.br\/cursos\/pos-graduacao\/santa-maria\/espedambiental\/wp-json\/wp\/v2\/types\/page"}],"author":[{"embeddable":true,"href":"https:\/\/www.ufsm.br\/cursos\/pos-graduacao\/santa-maria\/espedambiental\/wp-json\/wp\/v2\/users\/772"}],"replies":[{"embeddable":true,"href":"https:\/\/www.ufsm.br\/cursos\/pos-graduacao\/santa-maria\/espedambiental\/wp-json\/wp\/v2\/comments?post=179"}],"version-history":[{"count":0,"href":"https:\/\/www.ufsm.br\/cursos\/pos-graduacao\/santa-maria\/espedambiental\/wp-json\/wp\/v2\/pages\/179\/revisions"}],"wp:attachment":[{"href":"https:\/\/www.ufsm.br\/cursos\/pos-graduacao\/santa-maria\/espedambiental\/wp-json\/wp\/v2\/media?parent=179"}],"wp:term":[{"taxonomy":"category","embeddable":true,"href":"https:\/\/www.ufsm.br\/cursos\/pos-graduacao\/santa-maria\/espedambiental\/wp-json\/wp\/v2\/categories?post=179"},{"taxonomy":"post_tag","embeddable":true,"href":"https:\/\/www.ufsm.br\/cursos\/pos-graduacao\/santa-maria\/espedambiental\/wp-json\/wp\/v2\/tags?post=179"}],"curies":[{"name":"wp","href":"https:\/\/api.w.org\/{rel}","templated":true}]}}