{"id":239,"date":"2019-04-26T15:11:02","date_gmt":"2019-04-26T18:11:02","guid":{"rendered":"https:\/\/www.ufsm.br\/cursos\/pos-graduacao\/santa-maria\/espedambiental\/?page_id=239"},"modified":"2019-08-14T14:56:52","modified_gmt":"2019-08-14T17:56:52","slug":"historico-dos-eventos-realizados-pelo-curso","status":"publish","type":"page","link":"https:\/\/www.ufsm.br\/cursos\/pos-graduacao\/santa-maria\/espedambiental\/historico-dos-eventos-realizados-pelo-curso","title":{"rendered":"Hist\u00f3rico dos Eventos realizados pelo Curso"},"content":{"rendered":"\n<p><strong><a href=\"https:\/\/www.ufsm.br\/cursos\/pos-graduacao\/santa-maria\/espedambiental\/2017-2\/\">2017 &#8211; Palestra: &#8220;Gesti\u00f3n de Residuos S\u00f3lidos Urbanos en la UNCuyo con inclusi\u00f3n social&#8221;<\/a><\/strong><\/p>\n<p><strong><a href=\"https:\/\/www.ufsm.br\/cursos\/pos-graduacao\/santa-maria\/espedambiental\/2016-2\/\">2016 &#8211;\u00a0Aula de Campo &#8211; Silveira Martins<\/a><\/strong><\/p>\n<p><strong><a href=\"https:\/\/www.ufsm.br\/cursos\/pos-graduacao\/santa-maria\/espedambiental\/2016-3\/\">2016 &#8211;\u00a0Dia Mundial do Meio Ambiente &#8211; Evento Viva o Campus<\/a><\/strong><\/p>\n<p><strong><a href=\"https:\/\/www.ufsm.br\/cursos\/pos-graduacao\/santa-maria\/espedambiental\/2015-2\/\">2015 &#8211;\u00a0I Encontro de Saberes e Di\u00e1logos Ambientais<\/a><\/strong><\/p>\n<p><strong><a href=\"https:\/\/www.ufsm.br\/cursos\/pos-graduacao\/santa-maria\/espedambiental\/2015-3\/\" target=\"_blank\" rel=\"noopener noreferrer\">2015<\/a>\u00a0<\/strong>&#8211; Dia Mundial do Meio Ambiente &#8211; Evento de Divulga\u00e7\u00e3o em estandes no Royal Shopping<\/p>\n<p><strong><a href=\"https:\/\/www.ufsm.br\/cursos\/pos-graduacao\/santa-maria\/espedambiental\/2015-4\/\">2015<\/a> <\/strong>&#8211; Confraterniza\u00e7\u00e3o de encerramento \u2013 1\u00ba Semestre\/2015<\/p>\n<p><strong><a href=\"https:\/\/www.ufsm.br\/cursos\/pos-graduacao\/santa-maria\/espedambiental\/2014-2\/\" target=\"_blank\" rel=\"noopener noreferrer\">2014<\/a><\/strong>\u00a0&#8211; I Simp\u00f3sio do Meio Ambiente\u00a0<\/p>\n<p><strong><a href=\"https:\/\/www.ufsm.br\/cursos\/pos-graduacao\/santa-maria\/espedambiental\/2014-3\/\" target=\"_blank\" rel=\"noopener noreferrer\">2014<\/a><\/strong>\u00a0&#8211; III Congresso Internacional de Educa\u00e7\u00e3o Ambiental<\/p>\n<p><strong><a href=\"https:\/\/www.ufsm.br\/cursos\/pos-graduacao\/santa-maria\/espedambiental\/2011-2\/\" target=\"_blank\" rel=\"noopener noreferrer\">2011<\/a><\/strong>\u00a0&#8211; II Congresso Internacional de Educa\u00e7\u00e3o Ambiental<\/p>\n<p><strong><a href=\"https:\/\/www.ufsm.br\/cursos\/pos-graduacao\/santa-maria\/espedambiental\/2010-2\/\" target=\"_blank\" rel=\"noopener noreferrer\">2010<\/a>\u00a0<\/strong>&#8211; 15 Anos de Hist\u00f3ria (palestra do Prof. Holgonsi)<\/p>\n<p><strong><a href=\"https:\/\/www.ufsm.br\/cursos\/pos-graduacao\/santa-maria\/espedambiental\/2009-2\/\" target=\"_blank\" rel=\"noopener noreferrer\">2009<\/a>\u00a0<\/strong>&#8211; I Congresso Internacional de Educa\u00e7\u00e3o Ambiental<\/p>\n<p><strong><a href=\"https:\/\/www.ufsm.br\/cursos\/pos-graduacao\/santa-maria\/espedambiental\/2007-2\/\" target=\"_blank\" rel=\"noopener noreferrer\">2007<\/a><\/strong>\u00a0&#8211; Semin\u00e1rio de Educa\u00e7\u00e3o Ambiental: compartilhando experi\u00eancias<\/p>\n","protected":false},"excerpt":{"rendered":"<p>2017 &#8211; Palestra: &#8220;Gesti\u00f3n de Residuos S\u00f3lidos Urbanos en la UNCuyo con inclusi\u00f3n social&#8221; 2016 &#8211;\u00a0Aula de Campo &#8211; Silveira Martins 2016 &#8211;\u00a0Dia Mundial do Meio Ambiente &#8211; Evento Viva o Campus 2015 &#8211;\u00a0I Encontro de Saberes e Di\u00e1logos Ambientais 2015\u00a0&#8211; Dia Mundial do Meio Ambiente &#8211; Evento de Divulga\u00e7\u00e3o em estandes no Royal Shopping [&hellip;]<\/p>\n","protected":false},"author":772,"featured_media":0,"parent":0,"menu_order":0,"comment_status":"closed","ping_status":"closed","template":"","meta":{"footnotes":""},"categories":[],"tags":[],"class_list":["post-239","page","type-page","status-publish","hentry"],"acf":[],"_links":{"self":[{"href":"https:\/\/www.ufsm.br\/cursos\/pos-graduacao\/santa-maria\/espedambiental\/wp-json\/wp\/v2\/pages\/239","targetHints":{"allow":["GET"]}}],"collection":[{"href":"https:\/\/www.ufsm.br\/cursos\/pos-graduacao\/santa-maria\/espedambiental\/wp-json\/wp\/v2\/pages"}],"about":[{"href":"https:\/\/www.ufsm.br\/cursos\/pos-graduacao\/santa-maria\/espedambiental\/wp-json\/wp\/v2\/types\/page"}],"author":[{"embeddable":true,"href":"https:\/\/www.ufsm.br\/cursos\/pos-graduacao\/santa-maria\/espedambiental\/wp-json\/wp\/v2\/users\/772"}],"replies":[{"embeddable":true,"href":"https:\/\/www.ufsm.br\/cursos\/pos-graduacao\/santa-maria\/espedambiental\/wp-json\/wp\/v2\/comments?post=239"}],"version-history":[{"count":0,"href":"https:\/\/www.ufsm.br\/cursos\/pos-graduacao\/santa-maria\/espedambiental\/wp-json\/wp\/v2\/pages\/239\/revisions"}],"wp:attachment":[{"href":"https:\/\/www.ufsm.br\/cursos\/pos-graduacao\/santa-maria\/espedambiental\/wp-json\/wp\/v2\/media?parent=239"}],"wp:term":[{"taxonomy":"category","embeddable":true,"href":"https:\/\/www.ufsm.br\/cursos\/pos-graduacao\/santa-maria\/espedambiental\/wp-json\/wp\/v2\/categories?post=239"},{"taxonomy":"post_tag","embeddable":true,"href":"https:\/\/www.ufsm.br\/cursos\/pos-graduacao\/santa-maria\/espedambiental\/wp-json\/wp\/v2\/tags?post=239"}],"curies":[{"name":"wp","href":"https:\/\/api.w.org\/{rel}","templated":true}]}}