{"id":160,"date":"2019-01-30T13:14:33","date_gmt":"2019-01-30T15:14:33","guid":{"rendered":"https:\/\/www.ufsm.br\/cursos\/pos-graduacao\/santa-maria\/espestatistica\/?page_id=160"},"modified":"2019-01-30T13:14:36","modified_gmt":"2019-01-30T15:14:36","slug":"estatistica-aplicada","status":"publish","type":"page","link":"https:\/\/www.ufsm.br\/cursos\/pos-graduacao\/santa-maria\/espestatistica\/estatistica-aplicada","title":{"rendered":"Estat\u00edstica Aplicada"},"content":{"rendered":"\n<ul>\n<li>Procedimentos Amostrais;<\/li>\n<li>An\u00e1lise Descritiva;<\/li>\n<li>Infer\u00eancia Estat\u00edstica;<\/li>\n<li>Modelagem e Previs\u00e3o;<\/li>\n<li>Controle Estat\u00edstico de Qualidade<\/li>\n<li>Bioestat\u00edstica<\/li>\n<\/ul>\n","protected":false},"excerpt":{"rendered":"<p>Procedimentos Amostrais; An\u00e1lise Descritiva; Infer\u00eancia Estat\u00edstica; Modelagem e Previs\u00e3o; Controle Estat\u00edstico de Qualidade Bioestat\u00edstica<\/p>\n","protected":false},"author":118,"featured_media":0,"parent":0,"menu_order":0,"comment_status":"closed","ping_status":"closed","template":"","meta":{"footnotes":""},"categories":[],"tags":[],"class_list":["post-160","page","type-page","status-publish","hentry"],"acf":[],"_links":{"self":[{"href":"https:\/\/www.ufsm.br\/cursos\/pos-graduacao\/santa-maria\/espestatistica\/wp-json\/wp\/v2\/pages\/160","targetHints":{"allow":["GET"]}}],"collection":[{"href":"https:\/\/www.ufsm.br\/cursos\/pos-graduacao\/santa-maria\/espestatistica\/wp-json\/wp\/v2\/pages"}],"about":[{"href":"https:\/\/www.ufsm.br\/cursos\/pos-graduacao\/santa-maria\/espestatistica\/wp-json\/wp\/v2\/types\/page"}],"author":[{"embeddable":true,"href":"https:\/\/www.ufsm.br\/cursos\/pos-graduacao\/santa-maria\/espestatistica\/wp-json\/wp\/v2\/users\/118"}],"replies":[{"embeddable":true,"href":"https:\/\/www.ufsm.br\/cursos\/pos-graduacao\/santa-maria\/espestatistica\/wp-json\/wp\/v2\/comments?post=160"}],"version-history":[{"count":0,"href":"https:\/\/www.ufsm.br\/cursos\/pos-graduacao\/santa-maria\/espestatistica\/wp-json\/wp\/v2\/pages\/160\/revisions"}],"wp:attachment":[{"href":"https:\/\/www.ufsm.br\/cursos\/pos-graduacao\/santa-maria\/espestatistica\/wp-json\/wp\/v2\/media?parent=160"}],"wp:term":[{"taxonomy":"category","embeddable":true,"href":"https:\/\/www.ufsm.br\/cursos\/pos-graduacao\/santa-maria\/espestatistica\/wp-json\/wp\/v2\/categories?post=160"},{"taxonomy":"post_tag","embeddable":true,"href":"https:\/\/www.ufsm.br\/cursos\/pos-graduacao\/santa-maria\/espestatistica\/wp-json\/wp\/v2\/tags?post=160"}],"curies":[{"name":"wp","href":"https:\/\/api.w.org\/{rel}","templated":true}]}}