{"id":161,"date":"2019-04-29T09:23:48","date_gmt":"2019-04-29T12:23:48","guid":{"rendered":"https:\/\/www.ufsm.br\/cursos\/pos-graduacao\/santa-maria\/espfisicomotora\/?page_id=161"},"modified":"2019-04-29T09:23:49","modified_gmt":"2019-04-29T12:23:49","slug":"fisioterapia-hospitalar","status":"publish","type":"page","link":"https:\/\/www.ufsm.br\/cursos\/pos-graduacao\/santa-maria\/espfisicomotora\/fisioterapia-hospitalar","title":{"rendered":"Fisioterapia Hospitalar"},"content":{"rendered":"\n<p><strong>10 vagas<\/strong><br \/><strong>P\u00fablico-alvo<\/strong>: Fisioterapeutas<br \/><br \/><strong>Objetivo<\/strong>:<\/p>\n<p>A \u00e1rea de concentra\u00e7\u00e3o Fisioterapia Hospitalar est\u00e1 voltada \u00e0 ampla e aprofundada difus\u00e3o do conhecimento e \u00e0 capacita\u00e7\u00e3o t\u00e9cnica e cient\u00edfica de fisioterapeutas. O processo de reabilita\u00e7\u00e3o f\u00edsico-motora, com enfoque na atua\u00e7\u00e3o da fisioterapia hospitalar, est\u00e1 alicer\u00e7ado na aten\u00e7\u00e3o interdisciplinar e humanizado em sa\u00fade, voltado a pacientes em tratamento cl\u00ednico, pr\u00e9 e p\u00f3s-cir\u00fargico e em terapia intensiva, com o intuito de aprimorar e consolidar as a\u00e7\u00f5es fisioterap\u00eauticas no ambiente hospitalar, fundamentada na pr\u00e1tica baseada em evid\u00eancia.<br \/><br \/><strong>Linhas de pesquisa<\/strong>:<\/p>\n<p>\u2022 Abordagem fisioterap\u00eauticas nos dist\u00farbios cardiorrespirat\u00f3rios<\/p>\n<p>A participa\u00e7\u00e3o do fisioterapeuta no tratamento de dist\u00farbios cardiorrespirat\u00f3rios vem aumentando devido \u00e0 elevada incid\u00eancia desses em pacientes hospitalizados. A interven\u00e7\u00e3o da fisioterapia cardiorrespirat\u00f3ria \u00e9 amplamente prescrita em unidades hospitalares e \u00e9 de fundamental import\u00e2ncia em virtude da complexidade cl\u00ednica e das complica\u00e7\u00f5es inerentes ao per\u00edodo de interna\u00e7\u00e3o. Al\u00e9m disso, exerce influ\u00eancia significativa para redu\u00e7\u00e3o no tempo de interna\u00e7\u00e3o, morbidades e mortalidade dos pacientes. Est\u00e3o agregados a essa linha de pesquisa projetos relacionados \u00e0 fisioterapia respirat\u00f3ria hospitalar, reabilita\u00e7\u00e3o card\u00edaca na Fase 1, fisioterapia em terapia intensiva e fisioterapia no pr\u00e9 e p\u00f3s-operat\u00f3rio, envolvendo dessa forma a ampla rede de atua\u00e7\u00e3o do fisioterapeuta em unidades de interna\u00e7\u00e3o hospitalar.<\/p>\n","protected":false},"excerpt":{"rendered":"<p>10 vagasP\u00fablico-alvo: Fisioterapeutas Objetivo: A \u00e1rea de concentra\u00e7\u00e3o Fisioterapia Hospitalar est\u00e1 voltada \u00e0 ampla e aprofundada difus\u00e3o do conhecimento e \u00e0 capacita\u00e7\u00e3o t\u00e9cnica e cient\u00edfica de fisioterapeutas. O processo de reabilita\u00e7\u00e3o f\u00edsico-motora, com enfoque na atua\u00e7\u00e3o da fisioterapia hospitalar, est\u00e1 alicer\u00e7ado na aten\u00e7\u00e3o interdisciplinar e humanizado em sa\u00fade, voltado a pacientes em tratamento cl\u00ednico, pr\u00e9 [&hellip;]<\/p>\n","protected":false},"author":115,"featured_media":0,"parent":0,"menu_order":0,"comment_status":"closed","ping_status":"closed","template":"","meta":{"footnotes":""},"categories":[],"tags":[],"class_list":["post-161","page","type-page","status-publish","hentry"],"acf":[],"_links":{"self":[{"href":"https:\/\/www.ufsm.br\/cursos\/pos-graduacao\/santa-maria\/espfisicomotora\/wp-json\/wp\/v2\/pages\/161","targetHints":{"allow":["GET"]}}],"collection":[{"href":"https:\/\/www.ufsm.br\/cursos\/pos-graduacao\/santa-maria\/espfisicomotora\/wp-json\/wp\/v2\/pages"}],"about":[{"href":"https:\/\/www.ufsm.br\/cursos\/pos-graduacao\/santa-maria\/espfisicomotora\/wp-json\/wp\/v2\/types\/page"}],"author":[{"embeddable":true,"href":"https:\/\/www.ufsm.br\/cursos\/pos-graduacao\/santa-maria\/espfisicomotora\/wp-json\/wp\/v2\/users\/115"}],"replies":[{"embeddable":true,"href":"https:\/\/www.ufsm.br\/cursos\/pos-graduacao\/santa-maria\/espfisicomotora\/wp-json\/wp\/v2\/comments?post=161"}],"version-history":[{"count":0,"href":"https:\/\/www.ufsm.br\/cursos\/pos-graduacao\/santa-maria\/espfisicomotora\/wp-json\/wp\/v2\/pages\/161\/revisions"}],"wp:attachment":[{"href":"https:\/\/www.ufsm.br\/cursos\/pos-graduacao\/santa-maria\/espfisicomotora\/wp-json\/wp\/v2\/media?parent=161"}],"wp:term":[{"taxonomy":"category","embeddable":true,"href":"https:\/\/www.ufsm.br\/cursos\/pos-graduacao\/santa-maria\/espfisicomotora\/wp-json\/wp\/v2\/categories?post=161"},{"taxonomy":"post_tag","embeddable":true,"href":"https:\/\/www.ufsm.br\/cursos\/pos-graduacao\/santa-maria\/espfisicomotora\/wp-json\/wp\/v2\/tags?post=161"}],"curies":[{"name":"wp","href":"https:\/\/api.w.org\/{rel}","templated":true}]}}