{"id":162,"date":"2019-04-29T09:24:26","date_gmt":"2019-04-29T12:24:26","guid":{"rendered":"https:\/\/www.ufsm.br\/cursos\/pos-graduacao\/santa-maria\/espfisicomotora\/?page_id=162"},"modified":"2019-04-29T09:24:27","modified_gmt":"2019-04-29T12:24:27","slug":"abordagem-integralizadora-da-postura-corporal","status":"publish","type":"page","link":"https:\/\/www.ufsm.br\/cursos\/pos-graduacao\/santa-maria\/espfisicomotora\/abordagem-integralizadora-da-postura-corporal","title":{"rendered":"Abordagem Integralizadora da postura corporal"},"content":{"rendered":"\n<p><strong>15\u00a0vagas\u200b<\/strong><br \/><strong>P\u00fablico-alvo:<\/strong>\u00a0Fisioterapeutas e terapeutas ocupacionais<\/p>\n<p><br \/><strong>Objetivo:<\/strong><\/p>\n<p>Nessa \u00e1rea de concentra\u00e7\u00e3o, a vis\u00e3o abrangente do desenvolvimento humano e o entendimento do indiv\u00edduo como um ser biopsicosocial corroboram para organizar as sensa\u00e7\u00f5es, as percep\u00e7\u00f5es e as cogni\u00e7\u00f5es em respostas motoras adaptativas.\u00a0A apropria\u00e7\u00e3o de conhecimentos interdisciplinares, que envolvam as quest\u00f5es do crescimento, desenvolvimento e envelhecimento corporal, permitir\u00e1, aos profissionais fisioterapeutas e terapeutas ocupacionais, uma concep\u00e7\u00e3o abrangente das altera\u00e7\u00f5es que incidem sobre a postura corporal, as quais podem acarretar limita\u00e7\u00f5es f\u00edsico-motoras, com graus variados de comprometimento do sistema neuro-m\u00fasculo-esquel\u00e9tico. A capacidade de desvelar a trajet\u00f3ria evolutiva das altera\u00e7\u00f5es encontradas, por meio da an\u00e1lise cinesioterap\u00eautica, a partir da consequ\u00eancia (queixa) at\u00e9 a origem (causa) do problema apresentado, propiciar\u00e1 a constru\u00e7\u00e3o de propostas fisioterap\u00eauticas eficazes.<\/p>\n<p>\u00a0<\/p>\n<p><strong>Linhas de pesquisa:<\/strong><\/p>\n<ul>\n<li>Altera\u00e7\u00f5es da postura\u00a0corporal\u00a0nos diferentes ciclos da vida<\/li>\n<\/ul>\n<p>Os estudos sobre os cuidados e as altera\u00e7\u00f5es da postura corporal, nos diferentes ciclos da vida, permitem a elabora\u00e7\u00e3o de propostas em a\u00e7\u00f5es corporais mais espec\u00edficas, para superar processos, dolorosos ou assintom\u00e1ticos, que limitam o movimento corporal. Nessa linha de pesquisa estar\u00e3o inseridos os projetos que envolvam as investiga\u00e7\u00f5es para promover a compreens\u00e3o da express\u00e3o corporal nos diferentes ciclos da vida, considerando as viv\u00eancias cotidianas para, a partir da\u00ed, elaborar as propostas terap\u00eauticas ativas e efetivas.<\/p>\n<ul>\n<li>Reabilita\u00e7\u00e3o nas desordens do movimento humano<\/li>\n<\/ul>\n<p>O conhecimento do desenvolvimento dos sistemas nervoso, osteoarticular e miofascial, oferecem condi\u00e7\u00f5es para a compreens\u00e3o dos processos normais e dos dist\u00farbios que acometem essas estruturas. Assim, propostas reabilitadoras das desordens do movimento humano, s\u00e3o elaboradas e empregadas por meio de abordagens f\u00edsico-motoras integrativas com a postura corporal. Tamb\u00e9m, s\u00e3o consideradas a influ\u00eancia do meio ambiente (fatores epigen\u00e9ticos) na organiza\u00e7\u00e3o normal e nos processos terap\u00eauticos sobre o sistema nervoso (neuroplasticidade), que envolvem a aprendizagem e o controle motor, expressos no comportamento e na fun\u00e7\u00e3o motora. Nessa linha de pesquisa estar\u00e3o inseridos os projetos que envolvam estudos e a\u00e7\u00f5es de avalia\u00e7\u00e3o e diagn\u00f3stico funcional, de tratamento e de tecnologias, no campo da fisioterapia e da terapia ocupacional, nas distintas disfun\u00e7\u00f5es neurol\u00f3gicas e\/ou motoras (sensitivo-motoras, cognitivas, afetivas, comportamentais e de aprendizagem) na busca de propostas com vistas a validar e propor novas t\u00e9cnicas ou m\u00e9todos de reabilita\u00e7\u00e3o f\u00edsico-motora.<\/p>\n","protected":false},"excerpt":{"rendered":"<p>15\u00a0vagas\u200bP\u00fablico-alvo:\u00a0Fisioterapeutas e terapeutas ocupacionais Objetivo: Nessa \u00e1rea de concentra\u00e7\u00e3o, a vis\u00e3o abrangente do desenvolvimento humano e o entendimento do indiv\u00edduo como um ser biopsicosocial corroboram para organizar as sensa\u00e7\u00f5es, as percep\u00e7\u00f5es e as cogni\u00e7\u00f5es em respostas motoras adaptativas.\u00a0A apropria\u00e7\u00e3o de conhecimentos interdisciplinares, que envolvam as quest\u00f5es do crescimento, desenvolvimento e envelhecimento corporal, permitir\u00e1, aos profissionais [&hellip;]<\/p>\n","protected":false},"author":115,"featured_media":0,"parent":0,"menu_order":0,"comment_status":"closed","ping_status":"closed","template":"","meta":{"footnotes":""},"categories":[],"tags":[],"class_list":["post-162","page","type-page","status-publish","hentry"],"acf":[],"_links":{"self":[{"href":"https:\/\/www.ufsm.br\/cursos\/pos-graduacao\/santa-maria\/espfisicomotora\/wp-json\/wp\/v2\/pages\/162","targetHints":{"allow":["GET"]}}],"collection":[{"href":"https:\/\/www.ufsm.br\/cursos\/pos-graduacao\/santa-maria\/espfisicomotora\/wp-json\/wp\/v2\/pages"}],"about":[{"href":"https:\/\/www.ufsm.br\/cursos\/pos-graduacao\/santa-maria\/espfisicomotora\/wp-json\/wp\/v2\/types\/page"}],"author":[{"embeddable":true,"href":"https:\/\/www.ufsm.br\/cursos\/pos-graduacao\/santa-maria\/espfisicomotora\/wp-json\/wp\/v2\/users\/115"}],"replies":[{"embeddable":true,"href":"https:\/\/www.ufsm.br\/cursos\/pos-graduacao\/santa-maria\/espfisicomotora\/wp-json\/wp\/v2\/comments?post=162"}],"version-history":[{"count":0,"href":"https:\/\/www.ufsm.br\/cursos\/pos-graduacao\/santa-maria\/espfisicomotora\/wp-json\/wp\/v2\/pages\/162\/revisions"}],"wp:attachment":[{"href":"https:\/\/www.ufsm.br\/cursos\/pos-graduacao\/santa-maria\/espfisicomotora\/wp-json\/wp\/v2\/media?parent=162"}],"wp:term":[{"taxonomy":"category","embeddable":true,"href":"https:\/\/www.ufsm.br\/cursos\/pos-graduacao\/santa-maria\/espfisicomotora\/wp-json\/wp\/v2\/categories?post=162"},{"taxonomy":"post_tag","embeddable":true,"href":"https:\/\/www.ufsm.br\/cursos\/pos-graduacao\/santa-maria\/espfisicomotora\/wp-json\/wp\/v2\/tags?post=162"}],"curies":[{"name":"wp","href":"https:\/\/api.w.org\/{rel}","templated":true}]}}