{"id":167,"date":"2019-04-29T09:31:59","date_gmt":"2019-04-29T12:31:59","guid":{"rendered":"https:\/\/www.ufsm.br\/cursos\/pos-graduacao\/santa-maria\/espfisicomotora\/?page_id=167"},"modified":"2019-04-29T09:32:01","modified_gmt":"2019-04-29T12:32:01","slug":"trabalhos","status":"publish","type":"page","link":"https:\/\/www.ufsm.br\/cursos\/pos-graduacao\/santa-maria\/espfisicomotora\/trabalhos","title":{"rendered":"Trabalhos"},"content":{"rendered":"\n<p><strong>T\u00edtulo<\/strong>: Short-term inspiratory muscle training potentiates the benefits of aerobic and resistance training in patients undergoing CABG in phase II cardiac rehabilitation program\u00a0<br \/><strong>Autores<\/strong>: B\u00e1rbara Maria Hermes; Dannuey Machado Cardoso; Tiago Jos\u00e9 Nardi Gomes; Tamires Daros dos Santos; Mar\u00edlia Severo Vicente; S\u00e9rgio Nunes Pereira; Viviane Acunha Barbosa; Isabella Martins de Albuquerque<br \/><strong>Peri\u00f3dico<\/strong>: Rev Bras Cir Cardiovasc 2015;30(4):474-481.<\/p>\n<p><strong>T\u00edtulo<\/strong>: Compara\u00e7\u00e3o de dois protocolos de espirometria de incentivo no p\u00f3s-operat\u00f3rio de cirurgia de revasculariza\u00e7\u00e3o do mioc\u00e1rdio: estudo piloto<br \/><strong>Autores<\/strong>: Flayani da Silva Schmitz, Fernanda dos Santos Pascotini, Sandra Regina Cortelini Trevisan, Isabella Martins de Albuquerque, Maria Elaine Trevisan<br \/><strong>Peri\u00f3dico<\/strong>:\u00a0<a href=\"http:\/\/cascavel.ufsm.br\/revistas\/ojs-2.2.2\/index.php\/revistasaude\/issue\/view\/915\" target=\"_blank\" rel=\"noopener noreferrer\">Revista Sa\u00fade (Santa Maria), Vol.41, n.2, Jul.\/Dez. 2015<\/a><\/p>\n<p><strong>T\u00edtulo<\/strong>: Coleta de secre\u00e7\u00e3o traqueal: estudo comparativo de t\u00e9cnicas<br \/><strong>Autores<\/strong>: Silvia Dubou Serafim, Juliana Alves Souza, Janice Cristina Soares, Nara Lucia Frasson Dal Forno<br \/><strong>Peri\u00f3dico<\/strong>:\u00a0<a href=\"http:\/\/cascavel.ufsm.br\/revistas\/ojs-2.2.2\/index.php\/revistasaude\/index\" target=\"_blank\" rel=\"noopener noreferrer\">Revista Sa\u00fade (Santa Maria), Vol.41, n.1, Jan.\/Jul. 2015<\/a><\/p>\n<p>\u00a0<br \/><strong>Titulo<\/strong>:\u00a0Low back pain in adolescent and associated factors: A cross sectional study with schoolchildren<br \/><strong>Autores<\/strong>:\u00a0M\u00f4nica R. O. G. C. M. Silva, Ana F\u00e1tima V. Badar\u00f3, Marinel M. Dall\u2019Agnol.<br \/><strong>Peri\u00f3dico<\/strong>:\u00a0Braz J Phys Ther. 2014 Sep-Oct; 18(5): 402\u2013 409.<\/p>\n<p><strong>Titulo<\/strong>:\u00a0Effects of two respiratory physiotherapy protocols on respiratory mechanics and cardiorespiratory parameters of patients under mechanical ventilation: a pilot study<br \/><strong>Autores<\/strong>:\u00a0Fernanda Klose\u00a0Preuss, Fernanda Vianna\u00a0Schmitt\u00a0, Janice Cristina\u00a0Soares\u00a0, Isabella Martins de\u00a0Albuquerque\u00a0\u00a0, Maria Elaine\u00a0Trevisan<br \/><strong>Peri\u00f3dico<\/strong>:\u00a0Fisioter. Pesqui.\u00a0vol.22\u00a0no.3\u00a0S\u00e3o Paulo\u00a0July\/Sept.\u00a02015<\/p>\n<p><strong>Titulo<\/strong>:\u00a0Epidemiological profile, respiratory signs and symptoms of individuals who inhaled toxic smoke in Kiss nightclub fire, Santa Maria, RS, Brazil<br \/><strong>Autores<\/strong>:\u00a0Adriane Schmidt Pasqualoto ; Isabella Martins de Albuquerque ; Marisa Bastos Pereira ; Alessandra Naimaier Bertolazi ; Carla Simone Pessota Ribeiro da Silva ; Ana Lucia Cervi Prado ; Maria Elaine Trevisan ; Soeli Teresinha Guerra<br \/><strong>Peri\u00f3dico<\/strong>:\u00a0Conscientiae Sa\u00fade\u00a001\/2015; 14(2):229-235.<\/p>\n<p><strong>Titulo<\/strong>: Efeitos de um teste incremental de caminhada na marcha de indiv\u00edduos com Doen\u00e7a Pulmonar Obstrutiva Cr\u00f4nica\u00a0<br \/><strong>Autores<\/strong>: Cec\u00edlia Rossatto Facco, Juliana Corr\u00eaa Soares, Carlos Bolli Mota, Maria Elaine Trevisan<br \/><strong>Peri\u00f3dico<\/strong>: Fisioter. Pesq. 2013;20(4):355-360<\/p>\n<p><strong>Titulo<\/strong>: Espirometria de incentivo a volume versus a fluxo sobre par\u00e2metros respirat\u00f3rios em idosos\u00a0<br \/><strong>Autores<\/strong>: Fernanda dos Santos Pascotini, M\u00f4nica de Castro Ramos, Ant\u00f4nio Marcos Vargas da Silva, Maria Elaine Trevisan<br \/><strong>Peri\u00f3dico<\/strong>: Fisioter. Pesq. 2014;21(1):47-52<\/p>\n<p><strong>Titulo<\/strong>: Caracter\u00edsticas cl\u00ednico-demogr\u00e1ficas de pacientes hospitalizados por acidente vascular cerebral\u00a0<br \/><strong>Autores<\/strong>: T\u00e1bada Samantha Marques Rosa, Anaelena Bragan\u00e7a de Moraes, Maria Elaine Trevisan<br \/><strong>Peri\u00f3dico<\/strong>: Rev. Neurocienc 2015;23(3):405-412<br \/><br \/><strong>Titulo<\/strong>: An\u00e1lise funcional com enfoque f\u00edsico de membros superiores em professores com s\u00edndrome dolorosa\/Functional analysis with physical focus on upper limbs in teachers with painful syndrome<br \/><strong>Autores<\/strong>: Emilyn Borba da Silva, Miriam Cabrera Corvelo Delboni, Amara L\u00facia Holanda Tavares Battistel, Luis Ulisses Signori<br \/><strong>Peri\u00f3dico<\/strong>:\u00a0Cad. Ter. Ocup. UFSCar, S\u00e3o Carlos, v. 23, n. 4, p. 757-764, 2015.<\/p>\n<p><strong>Titulo<\/strong>: Obstructive sleep apnea: acute effects of CPAP on polyssonographic variable\u00a0Apneia obstrutiva do sono: efeitos agudos do CPAP sobre vari\u00e1veis polissonogr\u00e1ficas<br \/><strong>Autores<\/strong>:\u00a0Marco Colom\u00e9\u00a0Beck\u00a0, Chaiane Facco\u00a0Piccin\u00a0, Luiz Carlos Alves de\u00a0Oliveira\u00a0\u00a0, Fabr\u00edcio\u00a0Scapini, Reinaldo Fernando\u00a0Coser\u00a0Neto\u00a0, Ant\u00f4nio Marcos Vargas da\u00a0Silva<br \/><strong>Peri\u00f3dico<\/strong>: Fisioter. mov.\u00a0vol.28\u00a0no.2\u00a0Curitiba\u00a0Apr.\/June\u00a02015<\/p>\n<p><strong>Titulo<\/strong>: Ativa\u00e7\u00e3o do centro de for\u00e7a e da musculatura \u00a0respirat\u00f3ria de idosas com e sem incontin\u00eancia \u00a0urin\u00e1ria de esfor\u00e7o<br \/><strong>Autores<\/strong>: POROLNIK, S.; BRAZ, M.M.; PADILHA, J.F.; SEIDEL, E.J.<br \/><strong>Peri\u00f3dico<\/strong>: Fisioterapia Brasil, v.16, n.2, p. 101-6,\u00a02015<\/p>\n<p><br \/><strong>Titulo<\/strong>: Functional Movement Screen: avalia\u00e7\u00e3o da funcionalidade em idosas com incontin\u00eancia urin\u00e1ria de esfor\u00e7o<br \/><strong>Autores<\/strong>: POROLNIK, S.; BRAZ, M.M.; PADILHA, J.F.; SEIDEL, E.J.<br \/><strong>Peri\u00f3dico<\/strong>: Revista Kair\u00f3s, v.18, n.1, p. 245-58,\u00a02015<\/p>\n<p><strong>Titulo<\/strong>: Equil\u00edbrio corporal est\u00e1tico e risco de queda em idosas com incontin\u00eancia urin\u00e1ria de esfor\u00e7o<br \/><strong>Autores<\/strong>: PADILHA, J.F.;\u00a0BRAZ, M.M.;\u00a0SEIDEL, E.J.;\u00a0POROLNIK, S.; \u00a0MOTTA, C.B.\u00a0<br \/><strong>Peri\u00f3dico<\/strong>: Fisioterapia Brasil, v.15, n.4, p. 257-62,\u00a02014<\/p>\n","protected":false},"excerpt":{"rendered":"<p>T\u00edtulo: Short-term inspiratory muscle training potentiates the benefits of aerobic and resistance training in patients undergoing CABG in phase II cardiac rehabilitation program\u00a0Autores: B\u00e1rbara Maria Hermes; Dannuey Machado Cardoso; Tiago Jos\u00e9 Nardi Gomes; Tamires Daros dos Santos; Mar\u00edlia Severo Vicente; S\u00e9rgio Nunes Pereira; Viviane Acunha Barbosa; Isabella Martins de AlbuquerquePeri\u00f3dico: Rev Bras Cir Cardiovasc 2015;30(4):474-481. [&hellip;]<\/p>\n","protected":false},"author":115,"featured_media":0,"parent":0,"menu_order":0,"comment_status":"closed","ping_status":"closed","template":"","meta":{"footnotes":""},"categories":[],"tags":[],"class_list":["post-167","page","type-page","status-publish","hentry"],"acf":[],"_links":{"self":[{"href":"https:\/\/www.ufsm.br\/cursos\/pos-graduacao\/santa-maria\/espfisicomotora\/wp-json\/wp\/v2\/pages\/167","targetHints":{"allow":["GET"]}}],"collection":[{"href":"https:\/\/www.ufsm.br\/cursos\/pos-graduacao\/santa-maria\/espfisicomotora\/wp-json\/wp\/v2\/pages"}],"about":[{"href":"https:\/\/www.ufsm.br\/cursos\/pos-graduacao\/santa-maria\/espfisicomotora\/wp-json\/wp\/v2\/types\/page"}],"author":[{"embeddable":true,"href":"https:\/\/www.ufsm.br\/cursos\/pos-graduacao\/santa-maria\/espfisicomotora\/wp-json\/wp\/v2\/users\/115"}],"replies":[{"embeddable":true,"href":"https:\/\/www.ufsm.br\/cursos\/pos-graduacao\/santa-maria\/espfisicomotora\/wp-json\/wp\/v2\/comments?post=167"}],"version-history":[{"count":0,"href":"https:\/\/www.ufsm.br\/cursos\/pos-graduacao\/santa-maria\/espfisicomotora\/wp-json\/wp\/v2\/pages\/167\/revisions"}],"wp:attachment":[{"href":"https:\/\/www.ufsm.br\/cursos\/pos-graduacao\/santa-maria\/espfisicomotora\/wp-json\/wp\/v2\/media?parent=167"}],"wp:term":[{"taxonomy":"category","embeddable":true,"href":"https:\/\/www.ufsm.br\/cursos\/pos-graduacao\/santa-maria\/espfisicomotora\/wp-json\/wp\/v2\/categories?post=167"},{"taxonomy":"post_tag","embeddable":true,"href":"https:\/\/www.ufsm.br\/cursos\/pos-graduacao\/santa-maria\/espfisicomotora\/wp-json\/wp\/v2\/tags?post=167"}],"curies":[{"name":"wp","href":"https:\/\/api.w.org\/{rel}","templated":true}]}}