{"id":180,"date":"2019-04-29T09:43:00","date_gmt":"2019-04-29T12:43:00","guid":{"rendered":"https:\/\/www.ufsm.br\/cursos\/pos-graduacao\/santa-maria\/espfisicomotora\/?page_id=180"},"modified":"2019-04-29T09:43:02","modified_gmt":"2019-04-29T12:43:02","slug":"perguntas-frequentes","status":"publish","type":"page","link":"https:\/\/www.ufsm.br\/cursos\/pos-graduacao\/santa-maria\/espfisicomotora\/perguntas-frequentes","title":{"rendered":"Perguntas Frequentes"},"content":{"rendered":"\n<h2 class=\"western\" style=\"margin-top: 0.16cm;margin-bottom: 0cm;line-height: 0.51cm\"><span style=\"border: none;padding: 0cm\"><span style=\"font-family: Helvetica, serif\"><span style=\"font-size: 13pt\"><span lang=\"pt-PT\"><span style=\"font-weight: normal\"><span style=\"color: #656565\">FAQ &#8211; Perguntas Frequentes PRPGP<\/span><\/span><\/span><\/span><\/span><\/span><\/h2>\n<h2 class=\"western\" style=\"margin-top: 0cm;margin-bottom: 0cm;line-height: 0.51cm\"><span style=\"border: none;padding: 0cm\"><span style=\"font-family: Helvetica, serif\"><span style=\"font-size: 13pt\"><span lang=\"pt-PT\"><span style=\"font-weight: normal\"><span style=\"color: #656565\">1.\u00a0<a href=\"http:\/\/coral.ufsm.br\/prpgp\/index.php\/component\/content\/article\/2-uncategorised\/559-faq-perguntas-frequentes-prpgp#ingressar\">Como posso ingressar em um curso de p\u00f3s-gradua\u00e7\u00e3o da UFSM<\/a>?<a href=\"http:\/\/coral.ufsm.br\/prpgp\/index.php\/component\/content\/article\/2-uncategorised\/559-faq-perguntas-frequentes-prpgp#ingressar\"><br \/><\/a>2.\u00a0<a href=\"http:\/\/coral.ufsm.br\/prpgp\/index.php\/component\/content\/article\/2-uncategorised\/559-faq-perguntas-frequentes-prpgp#mestradoead\">A UFSM oferece cursos de mestrado a dist\u00e2ncia<\/a>?<a href=\"http:\/\/coral.ufsm.br\/prpgp\/index.php\/component\/content\/article\/2-uncategorised\/559-faq-perguntas-frequentes-prpgp#funciona\"><br \/><\/a>3.\u00a0<a href=\"http:\/\/coral.ufsm.br\/prpgp\/index.php\/component\/content\/article\/2-uncategorised\/559-faq-perguntas-frequentes-prpgp#quaiscursos\">Quais cursos de p\u00f3s-gradua\u00e7\u00e3o a UFSM oferece e como posso obter mais\u00a0<\/a><a href=\"http:\/\/coral.ufsm.br\/prpgp\/index.php\/component\/content\/article\/2-uncategorised\/559-faq-perguntas-frequentes-prpgp#quaiscursos\">informa\u00e7\u00f5es sobre cada um deles<\/a>?<br \/>4.\u00a0<a href=\"http:\/\/coral.ufsm.br\/prpgp\/index.php\/component\/content\/article\/2-uncategorised\/559-faq-perguntas-frequentes-prpgp#infopgead\">Como obtenho informa\u00e7\u00f5es sobre os cursos de p\u00f3s-gradua\u00e7\u00e3o \u00e0 dist\u00e2ncia da UFSM<\/a>?<br \/>5.\u00a0<a href=\"http:\/\/coral.ufsm.br\/prpgp\/index.php\/component\/content\/article\/2-uncategorised\/559-faq-perguntas-frequentes-prpgp#comoabroprocesso\">Como abro meu processo de defesa de MDT<\/a>?<br \/>6.\u00a0<a href=\"http:\/\/coral.ufsm.br\/prpgp\/index.php\/component\/content\/article\/2-uncategorised\/559-faq-perguntas-frequentes-prpgp#testesuf\">Como funciona o teste de sufici\u00eancia em l\u00edngua estrangeira da UFSM<\/a>?<br \/>7.\u00a0<a href=\"http:\/\/coral.ufsm.br\/prpgp\/index.php\/component\/content\/article\/2-uncategorised\/559-faq-perguntas-frequentes-prpgp#validartestesuf\">Posso validar um teste de sufici\u00eancia de l\u00edngua estrangeira de outra IES na UFSM<\/a>?<br \/>8.\u00a0<a href=\"http:\/\/coral.ufsm.br\/prpgp\/index.php\/component\/content\/article\/2-uncategorised\/559-faq-perguntas-frequentes-prpgp#alunoespecial\">Como fa\u00e7o para me matricular como aluno especial em um curso de p\u00f3s-gradua\u00e7\u00e3o<\/a>?<br \/>9.\u00a0<a href=\"http:\/\/coral.ufsm.br\/prpgp\/index.php\/component\/content\/article\/2-uncategorised\/559-faq-perguntas-frequentes-prpgp#noverevalidacao\">Como solicito revalida\u00e7\u00e3o de t\u00edtulo de p\u00f3s-gradua\u00e7\u00e3o obtido no exterior<\/a>?<br \/>10.\u00a0<a href=\"http:\/\/coral.ufsm.br\/prpgp\/index.php\/component\/content\/article\/2-uncategorised\/559-faq-perguntas-frequentes-prpgp#dez\">O que mant\u00e9m o v\u00ednculo entre o aluno e a UFSM<\/a>?<br \/>11.\u00a0<a href=\"http:\/\/coral.ufsm.br\/prpgp\/index.php\/component\/content\/article\/2-uncategorised\/559-faq-perguntas-frequentes-prpgp#onze\">O aluno de p\u00f3s-gradua\u00e7\u00e3o pode frequentar o Restaurante Universit\u00e1rio \u2013 RU<\/a>?<br \/>12.\u00a0<a href=\"http:\/\/coral.ufsm.br\/prpgp\/index.php\/component\/content\/article\/2-uncategorised\/559-faq-perguntas-frequentes-prpgp#doze\">Como o aluno de p\u00f3s-gradua\u00e7\u00e3o pode fazer sua carteira da Biblioteca Central e RU<\/a>?<br \/>13.\u00a0<a href=\"http:\/\/coral.ufsm.br\/prpgp\/index.php\/component\/content\/article\/2-uncategorised\/559-faq-perguntas-frequentes-prpgp#matriculasimltaneas\">Posso frequentar dois cursos de p\u00f3s-gradua\u00e7\u00e3o simultaneamente<\/a>?<br \/>14.\u00a0<a href=\"http:\/\/coral.ufsm.br\/prpgp\/index.php\/component\/content\/article\/2-uncategorised\/559-faq-perguntas-frequentes-prpgp#quatorze\">Qual \u00e9 a diferen\u00e7a entre o mestrado acad\u00eamico e o mestrado profissional?<\/a><\/span><\/span><\/span><\/span><\/span><\/span><\/h2>\n","protected":false},"excerpt":{"rendered":"<p>FAQ &#8211; Perguntas Frequentes PRPGP 1.\u00a0Como posso ingressar em um curso de p\u00f3s-gradua\u00e7\u00e3o da UFSM?2.\u00a0A UFSM oferece cursos de mestrado a dist\u00e2ncia?3.\u00a0Quais cursos de p\u00f3s-gradua\u00e7\u00e3o a UFSM oferece e como posso obter mais\u00a0informa\u00e7\u00f5es sobre cada um deles?4.\u00a0Como obtenho informa\u00e7\u00f5es sobre os cursos de p\u00f3s-gradua\u00e7\u00e3o \u00e0 dist\u00e2ncia da UFSM?5.\u00a0Como abro meu processo de defesa de MDT?6.\u00a0Como [&hellip;]<\/p>\n","protected":false},"author":115,"featured_media":0,"parent":0,"menu_order":0,"comment_status":"closed","ping_status":"closed","template":"","meta":{"footnotes":""},"categories":[],"tags":[],"class_list":["post-180","page","type-page","status-publish","hentry"],"acf":[],"_links":{"self":[{"href":"https:\/\/www.ufsm.br\/cursos\/pos-graduacao\/santa-maria\/espfisicomotora\/wp-json\/wp\/v2\/pages\/180","targetHints":{"allow":["GET"]}}],"collection":[{"href":"https:\/\/www.ufsm.br\/cursos\/pos-graduacao\/santa-maria\/espfisicomotora\/wp-json\/wp\/v2\/pages"}],"about":[{"href":"https:\/\/www.ufsm.br\/cursos\/pos-graduacao\/santa-maria\/espfisicomotora\/wp-json\/wp\/v2\/types\/page"}],"author":[{"embeddable":true,"href":"https:\/\/www.ufsm.br\/cursos\/pos-graduacao\/santa-maria\/espfisicomotora\/wp-json\/wp\/v2\/users\/115"}],"replies":[{"embeddable":true,"href":"https:\/\/www.ufsm.br\/cursos\/pos-graduacao\/santa-maria\/espfisicomotora\/wp-json\/wp\/v2\/comments?post=180"}],"version-history":[{"count":0,"href":"https:\/\/www.ufsm.br\/cursos\/pos-graduacao\/santa-maria\/espfisicomotora\/wp-json\/wp\/v2\/pages\/180\/revisions"}],"wp:attachment":[{"href":"https:\/\/www.ufsm.br\/cursos\/pos-graduacao\/santa-maria\/espfisicomotora\/wp-json\/wp\/v2\/media?parent=180"}],"wp:term":[{"taxonomy":"category","embeddable":true,"href":"https:\/\/www.ufsm.br\/cursos\/pos-graduacao\/santa-maria\/espfisicomotora\/wp-json\/wp\/v2\/categories?post=180"},{"taxonomy":"post_tag","embeddable":true,"href":"https:\/\/www.ufsm.br\/cursos\/pos-graduacao\/santa-maria\/espfisicomotora\/wp-json\/wp\/v2\/tags?post=180"}],"curies":[{"name":"wp","href":"https:\/\/api.w.org\/{rel}","templated":true}]}}