{"id":183,"date":"2019-04-29T09:45:02","date_gmt":"2019-04-29T12:45:02","guid":{"rendered":"https:\/\/www.ufsm.br\/cursos\/pos-graduacao\/santa-maria\/espfisicomotora\/?page_id=183"},"modified":"2019-04-29T09:45:03","modified_gmt":"2019-04-29T12:45:03","slug":"processo-de-selecao","status":"publish","type":"page","link":"https:\/\/www.ufsm.br\/cursos\/pos-graduacao\/santa-maria\/espfisicomotora\/processo-de-selecao","title":{"rendered":"Processo de sele\u00e7\u00e3o"},"content":{"rendered":"\n<p>O processo de sele\u00e7\u00e3o ocorre no primeiro semestre do ano, por meio de edital publicado no site da\u00a0<a href=\"http:\/\/site.ufsm.br\/pro-reitorias\/prpgp\" target=\"_blank\" rel=\"noopener noreferrer\">PRPGP<\/a>. Consiste em An\u00e1lise do hist\u00f3rico escolar, an\u00e1lise do curriculum vitae (modelo Lattes) e an\u00e1lise do pr\u00e9-projeto de pesquisa.<br \/>S\u00e3o aceitos candidatos graduados em Fisioterapia e Terapia Ocupacional.<\/p>\n","protected":false},"excerpt":{"rendered":"<p>O processo de sele\u00e7\u00e3o ocorre no primeiro semestre do ano, por meio de edital publicado no site da\u00a0PRPGP. Consiste em An\u00e1lise do hist\u00f3rico escolar, an\u00e1lise do curriculum vitae (modelo Lattes) e an\u00e1lise do pr\u00e9-projeto de pesquisa.S\u00e3o aceitos candidatos graduados em Fisioterapia e Terapia Ocupacional.<\/p>\n","protected":false},"author":115,"featured_media":0,"parent":0,"menu_order":0,"comment_status":"closed","ping_status":"closed","template":"","meta":{"footnotes":""},"categories":[],"tags":[],"class_list":["post-183","page","type-page","status-publish","hentry"],"acf":[],"_links":{"self":[{"href":"https:\/\/www.ufsm.br\/cursos\/pos-graduacao\/santa-maria\/espfisicomotora\/wp-json\/wp\/v2\/pages\/183","targetHints":{"allow":["GET"]}}],"collection":[{"href":"https:\/\/www.ufsm.br\/cursos\/pos-graduacao\/santa-maria\/espfisicomotora\/wp-json\/wp\/v2\/pages"}],"about":[{"href":"https:\/\/www.ufsm.br\/cursos\/pos-graduacao\/santa-maria\/espfisicomotora\/wp-json\/wp\/v2\/types\/page"}],"author":[{"embeddable":true,"href":"https:\/\/www.ufsm.br\/cursos\/pos-graduacao\/santa-maria\/espfisicomotora\/wp-json\/wp\/v2\/users\/115"}],"replies":[{"embeddable":true,"href":"https:\/\/www.ufsm.br\/cursos\/pos-graduacao\/santa-maria\/espfisicomotora\/wp-json\/wp\/v2\/comments?post=183"}],"version-history":[{"count":0,"href":"https:\/\/www.ufsm.br\/cursos\/pos-graduacao\/santa-maria\/espfisicomotora\/wp-json\/wp\/v2\/pages\/183\/revisions"}],"wp:attachment":[{"href":"https:\/\/www.ufsm.br\/cursos\/pos-graduacao\/santa-maria\/espfisicomotora\/wp-json\/wp\/v2\/media?parent=183"}],"wp:term":[{"taxonomy":"category","embeddable":true,"href":"https:\/\/www.ufsm.br\/cursos\/pos-graduacao\/santa-maria\/espfisicomotora\/wp-json\/wp\/v2\/categories?post=183"},{"taxonomy":"post_tag","embeddable":true,"href":"https:\/\/www.ufsm.br\/cursos\/pos-graduacao\/santa-maria\/espfisicomotora\/wp-json\/wp\/v2\/tags?post=183"}],"curies":[{"name":"wp","href":"https:\/\/api.w.org\/{rel}","templated":true}]}}