{"id":186,"date":"2019-04-29T09:48:52","date_gmt":"2019-04-29T12:48:52","guid":{"rendered":"https:\/\/www.ufsm.br\/cursos\/pos-graduacao\/santa-maria\/espfisicomotora\/?page_id=186"},"modified":"2019-04-29T09:48:54","modified_gmt":"2019-04-29T12:48:54","slug":"docentes","status":"publish","type":"page","link":"https:\/\/www.ufsm.br\/cursos\/pos-graduacao\/santa-maria\/espfisicomotora\/docentes","title":{"rendered":"Docentes"},"content":{"rendered":"\n<p><a href=\"http:\/\/lattes.cnpq.br\/3243310050281330\">Adriane Schmidt Pasqualoto<\/a><\/p>\n<p>Amara L\u00facia Holanda Tavares Batistell<\/p>\n<p style=\"background-image: initial\"><span style=\"font-size: 10pt;font-family: Helvetica, sans-serif\"><a href=\"http:\/\/buscatextual.cnpq.br\/buscatextual\/visualizacv.do?id=C93544\" target=\"_blank\" rel=\"noopener noreferrer\"><span style=\"color: #656565;text-decoration: none\">Ana F\u00e1tima Viero Badar\u00f3<\/span><\/a><\/span><span style=\"font-size: 10pt;font-family: Helvetica, sans-serif;color: #656565\">\u00a0<\/span><\/p>\n<p style=\"background-image: initial\"><span style=\"font-size: 10pt;font-family: Helvetica, sans-serif\"><a href=\"http:\/\/buscatextual.cnpq.br\/buscatextual\/visualizacv.do?id=K4708734P0\" target=\"_blank\" rel=\"noopener noreferrer\"><span style=\"color: #656565;text-decoration: none\">Ana L\u00facia Cervi Prado<\/span><\/a><\/span><span style=\"font-size: 10pt;font-family: Helvetica, sans-serif;color: #656565\">\u00a0<br \/><\/span><\/p>\n<p style=\"background-image: initial\"><span style=\"font-size: 10pt;font-family: Helvetica, sans-serif\"><a href=\"http:\/\/buscatextual.cnpq.br\/buscatextual\/visualizacv.do?id=K4707620T1\" target=\"_blank\" rel=\"noopener noreferrer\"><span style=\"color: #656565;text-decoration: none\">Anal\u00fa Lopes Rodrigues<\/span><\/a><\/span><span style=\"font-size: 10pt;font-family: Helvetica, sans-serif;color: #656565\">\u00a0<br \/><\/span><\/p>\n<p style=\"background-image: initial\"><span style=\"font-size: 10pt;font-family: Helvetica, sans-serif\"><a href=\"http:\/\/buscatextual.cnpq.br\/buscatextual\/visualizacv.do?id=S885913\"><span style=\"color: #656565;text-decoration: none\">Antonio Marcos Vargas da Silva\u00a0<\/span><\/a><\/span><\/p>\n<p style=\"background-image: initial\"><span style=\"font-size: 10pt;font-family: Helvetica, sans-serif\"><a href=\"http:\/\/buscatextual.cnpq.br\/buscatextual\/visualizacv.do?id=K4766008J7\" target=\"_blank\" rel=\"noopener noreferrer\"><span style=\"color: #656565;text-decoration: none\">Claudia Morais Trevisan<\/span><\/a><\/span><span style=\"font-size: 10pt;font-family: Helvetica, sans-serif;color: #656565\">\u00a0<br \/><\/span><\/p>\n<p style=\"background-image: initial\"><span style=\"font-size: 10pt;font-family: Helvetica, sans-serif\"><a href=\"http:\/\/buscatextual.cnpq.br\/buscatextual\/visualizacv.do?id=K4700420T0\" target=\"_blank\" rel=\"noopener noreferrer\"><span style=\"color: #656565;text-decoration: none\">Cristiane K\u00f6hler Carpilovsky<\/span><\/a><\/span><span style=\"font-size: 10pt;font-family: Helvetica, sans-serif;color: #656565\">\u00a0<br \/><\/span><\/p>\n<p style=\"background-image: initial\"><span style=\"font-size: 10pt;font-family: Helvetica, sans-serif\"><a href=\"http:\/\/buscatextual.cnpq.br\/buscatextual\/visualizacv.do?id=K4756357H3\" target=\"_blank\" rel=\"noopener noreferrer\"><span style=\"color: #656565;text-decoration: none\">Dani Laura Peruzzolo<\/span><\/a><\/span><span style=\"font-size: 10pt;font-family: Helvetica, sans-serif;color: #656565\">\u00a0<\/span><\/p>\n<p style=\"background-image: initial\"><a href=\"http:\/\/lattes.cnpq.br\/4917469340402230\">Fernanda Alves Carvalho de Miranda<\/a><\/p>\n<p style=\"background-image: initial\"><span style=\"font-size: 10pt;font-family: Helvetica, sans-serif\"><a href=\"http:\/\/buscatextual.cnpq.br\/buscatextual\/visualizacv.do?id=K4755978T4\" target=\"_blank\" rel=\"noopener noreferrer\"><span style=\"color: #656565;text-decoration: none\">Hedion\u00e9ia Maria Foletto Pivetta<\/span><\/a><\/span><\/p>\n<p style=\"background-image: initial\"><span style=\"font-size: 10pt;font-family: Helvetica, sans-serif;color: #000080\"><span style=\"text-decoration: none\"><a style=\"color: #636363\" href=\"http:\/\/lattes.cnpq.br\/5579735303815692\" target=\"_blank\" rel=\"noopener noreferrer\">Isabella Martins de Albuquerque<\/a><\/span><\/span><\/p>\n<p style=\"background-image: initial\"><span style=\"font-size: 10pt;font-family: Helvetica, sans-serif\"><a href=\"http:\/\/buscatextual.cnpq.br\/buscatextual\/visualizacv.do?id=K4772226A1\" target=\"_blank\" rel=\"noopener noreferrer\"><span style=\"color: #656565;text-decoration: none\">Jefferson Potiguara de Moraes<\/span><\/a><\/span><span style=\"font-size: 10pt;font-family: Helvetica, sans-serif;color: #656565\">\u00a0\u00a0<\/span><\/p>\n<p style=\"background-image: initial\"><span style=\"font-size: 10pt;font-family: Helvetica, sans-serif\"><a href=\"http:\/\/buscatextual.cnpq.br\/buscatextual\/visualizacv.do?id=K4751278E3\" target=\"_blank\" rel=\"noopener noreferrer\"><span style=\"color: #656565;text-decoration: none\">Kayla Ara\u00fajo Ximenes Aguiar Palma<\/span><\/a><\/span><\/p>\n<p style=\"background-image: initial\">Liliane de Freitas Bauermann<\/p>\n<p style=\"background-image: initial\"><span style=\"font-size: 10pt;font-family: Helvetica, sans-serif\"><a href=\"http:\/\/buscatextual.cnpq.br\/buscatextual\/visualizacv.do?id=K4761479E0\" target=\"_blank\" rel=\"noopener noreferrer\"><span style=\"color: #656565;text-decoration: none\">\u00a0<\/span><\/a><\/span><\/p>\n<p>Lucielen Chequim da Silva<\/p>\n<p><a href=\"http:\/\/lattes.cnpq.br\/8302481057315339\">Luis Ulisses Signori<\/a><\/p>\n<p style=\"background-image: initial\"><span style=\"font-size: 10pt;font-family: Helvetica, sans-serif\"><a href=\"http:\/\/buscatextual.cnpq.br\/buscatextual\/visualizacv.do?id=K4777122Y4\" target=\"_blank\" rel=\"noopener noreferrer\"><span style=\"color: #656565;text-decoration: none\">Maria Elaine Trevisan<\/span><\/a><\/span><span style=\"font-size: 10pt;font-family: Helvetica, sans-serif;color: #656565\">\u00a0<\/span><\/p>\n<p style=\"background-image: initial\"><span style=\"font-size: 10pt;font-family: Helvetica, sans-serif\"><a href=\"http:\/\/buscatextual.cnpq.br\/buscatextual\/visualizacv.do?id=K4777407Z2\" target=\"_blank\" rel=\"noopener noreferrer\"><span style=\"color: #656565;text-decoration: none\">Melissa Medeiros Braz<\/span><\/a><\/span><span style=\"font-size: 10pt;font-family: Helvetica, sans-serif;color: #656565\">\u00a0\u00a0<\/span><\/p>\n<p style=\"background-image: initial\"><span style=\"font-size: 10pt;font-family: Helvetica, sans-serif;color: #656565\"><a href=\"http:\/\/lattes.cnpq.br\/6336612282081567\">Michele Forgiarini Saccol<\/a><br \/><\/span><\/p>\n<p style=\"background-image: initial\">M\u00edriam dos Santos Meira<\/p>\n<p style=\"background-image: initial\"><span style=\"font-size: 10pt;font-family: Helvetica, sans-serif\"><a href=\"http:\/\/buscatextual.cnpq.br\/buscatextual\/visualizacv.do?id=K4798010A4\" target=\"_blank\" rel=\"noopener noreferrer\"><span style=\"color: #656565;text-decoration: none\">\u00a0<\/span><\/a><\/span><\/p>\n<p style=\"background-image: initial\"><span style=\"font-size: 10pt;font-family: Helvetica, sans-serif;color: #656565\">Patricia Severo do Nascimento\u00a0<\/span><\/p>\n<p style=\"background-image: initial\"><span style=\"font-size: 10pt;font-family: Helvetica, sans-serif\"><a href=\"http:\/\/buscatextual.cnpq.br\/buscatextual\/visualizacv.do?id=K4735851P4\" target=\"_blank\" rel=\"noopener noreferrer\"><span style=\"color: #656565;text-decoration: none\">Viviane Acunha Barbosa<\/span><\/a><\/span><\/p>\n<p style=\"background-image: initial\">\u00a0<\/p>\n<p style=\"background-image: initial\"><span style=\"text-decoration: underline\"><span style=\"font-size: 10pt;font-family: Helvetica, sans-serif;color: #656565\">Fisioterapeutas do Hospital Universit\u00e1rio de Santa Maria (HUSM) Colaboradores<\/span><\/span><\/p>\n<p style=\"background-image: initial\">\u00a0<span style=\"font-size: 10pt;font-family: Helvetica, sans-serif;color: #656565\">Aline Balbinot<\/span><\/p>\n<p style=\"background-image: initial\"><span style=\"font-size: 10pt;font-family: Helvetica, sans-serif;color: #656565\">Anna Aracy Barcelos Ourique<\/span><\/p>\n<p style=\"background-image: initial\"><span style=\"font-size: 10pt;font-family: Helvetica, sans-serif\"><a href=\"http:\/\/buscatextual.cnpq.br\/buscatextual\/visualizacv.do?id=K4321231E4\" target=\"_blank\" rel=\"noopener noreferrer\"><span style=\"color: #656565;text-decoration: none\">Demian Girondi Kmohan<\/span><\/a><\/span><\/p>\n<p style=\"background-image: initial\"><span style=\"font-size: 10pt;font-family: Helvetica, sans-serif\"><a href=\"http:\/\/buscatextual.cnpq.br\/buscatextual\/visualizacv.do?id=K4209658J5\" target=\"_blank\" rel=\"noopener noreferrer\"><span style=\"color: #656565;text-decoration: none\">Janice Cristina Soares<\/span><\/a><\/span><\/p>\n<p style=\"background-image: initial\"><span style=\"font-size: 10pt;font-family: Helvetica, sans-serif;color: #656565\">Jaqueline Basso Stivanin<\/span><\/p>\n<p style=\"background-image: initial\"><span style=\"font-size: 10pt;font-family: Helvetica, sans-serif\"><a href=\"http:\/\/buscatextual.cnpq.br\/buscatextual\/visualizacv.do?id=K4254015U1\" target=\"_blank\" rel=\"noopener noreferrer\"><span style=\"color: #656565;text-decoration: none\">Juliana Alves Souza<\/span><\/a><\/span><\/p>\n<p style=\"background-image: initial\"><span style=\"font-size: 10pt;font-family: Helvetica, sans-serif;color: #656565\">Maria Fernanda Candia<\/span><\/p>\n<p style=\"background-image: initial\"><span style=\"font-size: 10pt;font-family: Helvetica, sans-serif;color: #656565\">Ricardo Salaberry Willeker<\/span><\/p>\n<p><span style=\"font-size: 10pt;font-family: Helvetica, sans-serif;color: #656565\">Viviane Bohrer Berni<\/span><\/p>\n<p style=\"background-image: initial\"><span style=\"font-size: 10pt;font-family: Helvetica, sans-serif\"><a href=\"http:\/\/buscatextual.cnpq.br\/buscatextual\/visualizacv.do?id=K4282729J3\" target=\"_blank\" rel=\"noopener noreferrer\"><span style=\"color: #656565;text-decoration: none\">Vivian da Pieve Antunes<\/span><\/a><\/span><\/p>\n","protected":false},"excerpt":{"rendered":"<p>Adriane Schmidt Pasqualoto Amara L\u00facia Holanda Tavares Batistell Ana F\u00e1tima Viero Badar\u00f3\u00a0 Ana L\u00facia Cervi Prado\u00a0 Anal\u00fa Lopes Rodrigues\u00a0 Antonio Marcos Vargas da Silva\u00a0 Claudia Morais Trevisan\u00a0 Cristiane K\u00f6hler Carpilovsky\u00a0 Dani Laura Peruzzolo\u00a0 Fernanda Alves Carvalho de Miranda Hedion\u00e9ia Maria Foletto Pivetta Isabella Martins de Albuquerque Jefferson Potiguara de Moraes\u00a0\u00a0 Kayla Ara\u00fajo Ximenes Aguiar Palma [&hellip;]<\/p>\n","protected":false},"author":115,"featured_media":0,"parent":0,"menu_order":0,"comment_status":"closed","ping_status":"closed","template":"","meta":{"footnotes":""},"categories":[],"tags":[],"class_list":["post-186","page","type-page","status-publish","hentry"],"acf":[],"_links":{"self":[{"href":"https:\/\/www.ufsm.br\/cursos\/pos-graduacao\/santa-maria\/espfisicomotora\/wp-json\/wp\/v2\/pages\/186","targetHints":{"allow":["GET"]}}],"collection":[{"href":"https:\/\/www.ufsm.br\/cursos\/pos-graduacao\/santa-maria\/espfisicomotora\/wp-json\/wp\/v2\/pages"}],"about":[{"href":"https:\/\/www.ufsm.br\/cursos\/pos-graduacao\/santa-maria\/espfisicomotora\/wp-json\/wp\/v2\/types\/page"}],"author":[{"embeddable":true,"href":"https:\/\/www.ufsm.br\/cursos\/pos-graduacao\/santa-maria\/espfisicomotora\/wp-json\/wp\/v2\/users\/115"}],"replies":[{"embeddable":true,"href":"https:\/\/www.ufsm.br\/cursos\/pos-graduacao\/santa-maria\/espfisicomotora\/wp-json\/wp\/v2\/comments?post=186"}],"version-history":[{"count":0,"href":"https:\/\/www.ufsm.br\/cursos\/pos-graduacao\/santa-maria\/espfisicomotora\/wp-json\/wp\/v2\/pages\/186\/revisions"}],"wp:attachment":[{"href":"https:\/\/www.ufsm.br\/cursos\/pos-graduacao\/santa-maria\/espfisicomotora\/wp-json\/wp\/v2\/media?parent=186"}],"wp:term":[{"taxonomy":"category","embeddable":true,"href":"https:\/\/www.ufsm.br\/cursos\/pos-graduacao\/santa-maria\/espfisicomotora\/wp-json\/wp\/v2\/categories?post=186"},{"taxonomy":"post_tag","embeddable":true,"href":"https:\/\/www.ufsm.br\/cursos\/pos-graduacao\/santa-maria\/espfisicomotora\/wp-json\/wp\/v2\/tags?post=186"}],"curies":[{"name":"wp","href":"https:\/\/api.w.org\/{rel}","templated":true}]}}