{"id":29,"date":"2018-01-18T09:10:07","date_gmt":"2018-01-18T11:10:07","guid":{"rendered":"https:\/\/www.ufsm.br\/cursos\/graduacao\/nutricao\/12352\/?page_id=29"},"modified":"2025-08-27T07:31:03","modified_gmt":"2025-08-27T10:31:03","slug":"contato","status":"publish","type":"page","link":"https:\/\/www.ufsm.br\/cursos\/pos-graduacao\/santa-maria\/espgenero\/contato","title":{"rendered":"Contato"},"content":{"rendered":"\n<p><strong>Coordena\u00e7\u00e3o da Especializa\u00e7\u00e3o em Estudos de G\u00eanero<\/strong><\/p>\n<p><strong>Coordenador Prof. Joacir Marques Costa<\/strong><\/p>\n<p><strong><a href=\"https:\/\/www.ufsm.br\/app\/uploads\/sites\/598\/2025\/08\/PORT_CCSH_2025_275-1.pdf\">PORT_CCSH_2025_275 (1)<\/a><\/strong><\/p>\n<p>Coordenador Substituta: Profa. Jurema Gorski Brites<\/p>\n<p><a href=\"https:\/\/www.ufsm.br\/app\/uploads\/sites\/598\/2025\/08\/PORT_CCSH_2025_299-1.pdf\"><strong>PORT_CCSH_2025_299 (1)<\/strong><\/a><\/p>\n<p>E-mail: <strong><a href=\"mailto:espgenero@ufsm.br\">espgenero@ufsm.br<\/a><\/strong><\/p>\n<p><strong>Secretaria Integrada de P\u00f3s-gradua\u00e7\u00e3o do CCSH (SIPOS-CCSH)<br \/><\/strong>sipos.ccsh@ufsm.br<br \/>Telefone: <span style=\"color: #000000\">(55) 3220-9329<\/span><br \/>Hor\u00e1rio de atendimento: <br \/>De segunda a sexta-feira<br \/>Das 8h \u00e0s 12h e das 13h \u00e0s 17h<\/p>\n\n\n\n<p><\/p>\n","protected":false},"excerpt":{"rendered":"<p>Coordena\u00e7\u00e3o da Especializa\u00e7\u00e3o em Estudos de G\u00eanero Coordenador Prof. Joacir Marques Costa PORT_CCSH_2025_275 (1) Coordenador Substituta: Profa. Jurema Gorski Brites PORT_CCSH_2025_299 (1) E-mail: espgenero@ufsm.br Secretaria Integrada de P\u00f3s-gradua\u00e7\u00e3o do CCSH (SIPOS-CCSH)sipos.ccsh@ufsm.brTelefone: (55) 3220-9329Hor\u00e1rio de atendimento: De segunda a sexta-feiraDas 8h \u00e0s 12h e das 13h \u00e0s 17h<\/p>\n","protected":false},"author":8,"featured_media":0,"parent":0,"menu_order":0,"comment_status":"closed","ping_status":"closed","template":"","meta":{"footnotes":""},"categories":[],"tags":[],"class_list":["post-29","page","type-page","status-publish","hentry"],"acf":[],"_links":{"self":[{"href":"https:\/\/www.ufsm.br\/cursos\/pos-graduacao\/santa-maria\/espgenero\/wp-json\/wp\/v2\/pages\/29","targetHints":{"allow":["GET"]}}],"collection":[{"href":"https:\/\/www.ufsm.br\/cursos\/pos-graduacao\/santa-maria\/espgenero\/wp-json\/wp\/v2\/pages"}],"about":[{"href":"https:\/\/www.ufsm.br\/cursos\/pos-graduacao\/santa-maria\/espgenero\/wp-json\/wp\/v2\/types\/page"}],"author":[{"embeddable":true,"href":"https:\/\/www.ufsm.br\/cursos\/pos-graduacao\/santa-maria\/espgenero\/wp-json\/wp\/v2\/users\/8"}],"replies":[{"embeddable":true,"href":"https:\/\/www.ufsm.br\/cursos\/pos-graduacao\/santa-maria\/espgenero\/wp-json\/wp\/v2\/comments?post=29"}],"version-history":[{"count":0,"href":"https:\/\/www.ufsm.br\/cursos\/pos-graduacao\/santa-maria\/espgenero\/wp-json\/wp\/v2\/pages\/29\/revisions"}],"wp:attachment":[{"href":"https:\/\/www.ufsm.br\/cursos\/pos-graduacao\/santa-maria\/espgenero\/wp-json\/wp\/v2\/media?parent=29"}],"wp:term":[{"taxonomy":"category","embeddable":true,"href":"https:\/\/www.ufsm.br\/cursos\/pos-graduacao\/santa-maria\/espgenero\/wp-json\/wp\/v2\/categories?post=29"},{"taxonomy":"post_tag","embeddable":true,"href":"https:\/\/www.ufsm.br\/cursos\/pos-graduacao\/santa-maria\/espgenero\/wp-json\/wp\/v2\/tags?post=29"}],"curies":[{"name":"wp","href":"https:\/\/api.w.org\/{rel}","templated":true}]}}