{"id":559,"date":"2025-08-27T13:35:28","date_gmt":"2025-08-27T16:35:28","guid":{"rendered":"https:\/\/www.ufsm.br\/cursos\/pos-graduacao\/santa-maria\/espgenero\/?page_id=559"},"modified":"2025-08-27T13:35:29","modified_gmt":"2025-08-27T16:35:29","slug":"criacao-do-curso","status":"publish","type":"page","link":"https:\/\/www.ufsm.br\/cursos\/pos-graduacao\/santa-maria\/espgenero\/criacao-do-curso","title":{"rendered":"Cria\u00e7\u00e3o do Curso"},"content":{"rendered":"\n<table style=\"height: 23px;width: 100%;border-collapse: collapse;border-style: solid;border-color: #0a0101\">\n<tbody>\n<tr style=\"height: 23px\">\n<td style=\"width: 100%;height: 23px;border-style: solid;border-color: #1a0202;background-color: #e0d496\">\n<p><strong>\u00a0 \u00a0Resolu\u00e7\u00e3o de cria\u00e7\u00e3o do Cursos de Especializa\u00e7\u00e3o em Estudos de G\u00eanero<\/strong><\/p>\n<\/td>\n<\/tr>\n<tr>\n<td style=\"width: 100%;border-style: solid;border-color: #1a0202\">\n<p style=\"text-align: justify\">\u00a0&#8211; A Resolu\u00e7\u00e3o <b>UFSM<\/b>\u00a0N. 030, 21 de dezembro de\u00a0<b>2018<\/b>, que aprova a\u00a0<b>cria\u00e7\u00e3o do Curso de Especializa\u00e7\u00e3o Lato Sensu em Estudos de G\u00eanero<\/b> vinculado \u00e0 estrutura organizacional do Centro de Ci\u00eancias Sociais e Humanas &#8211; CCSH da Universidade Federal de Santa Maria.<\/p>\n<p style=\"text-align: justify\"><a href=\"https:\/\/www.ufsm.br\/app\/uploads\/sites\/598\/2025\/08\/RES_GR_2018_030-Criacao-do-cursos-esp-em-estudo-de-Genero-2018.pdf\">RES_GR_2018_030 &#8211; Cria\u00e7\u00e3o do curso Esp em estudo de G\u00eanero 2018<\/a><\/p>\n<\/td>\n<\/tr>\n<\/tbody>\n<\/table>\n\n\n\n<p><\/p>\n","protected":false},"excerpt":{"rendered":"<p>\u00a0 \u00a0Resolu\u00e7\u00e3o de cria\u00e7\u00e3o do Cursos de Especializa\u00e7\u00e3o em Estudos de G\u00eanero \u00a0&#8211; A Resolu\u00e7\u00e3o UFSM\u00a0N. 030, 21 de dezembro de\u00a02018, que aprova a\u00a0cria\u00e7\u00e3o do Curso de Especializa\u00e7\u00e3o Lato Sensu em Estudos de G\u00eanero vinculado \u00e0 estrutura organizacional do Centro de Ci\u00eancias Sociais e Humanas &#8211; CCSH da Universidade Federal de Santa Maria. RES_GR_2018_030 &#8211; [&hellip;]<\/p>\n","protected":false},"author":905,"featured_media":0,"parent":0,"menu_order":0,"comment_status":"closed","ping_status":"closed","template":"","meta":{"footnotes":""},"categories":[],"tags":[],"class_list":["post-559","page","type-page","status-publish","hentry"],"acf":[],"_links":{"self":[{"href":"https:\/\/www.ufsm.br\/cursos\/pos-graduacao\/santa-maria\/espgenero\/wp-json\/wp\/v2\/pages\/559","targetHints":{"allow":["GET"]}}],"collection":[{"href":"https:\/\/www.ufsm.br\/cursos\/pos-graduacao\/santa-maria\/espgenero\/wp-json\/wp\/v2\/pages"}],"about":[{"href":"https:\/\/www.ufsm.br\/cursos\/pos-graduacao\/santa-maria\/espgenero\/wp-json\/wp\/v2\/types\/page"}],"author":[{"embeddable":true,"href":"https:\/\/www.ufsm.br\/cursos\/pos-graduacao\/santa-maria\/espgenero\/wp-json\/wp\/v2\/users\/905"}],"replies":[{"embeddable":true,"href":"https:\/\/www.ufsm.br\/cursos\/pos-graduacao\/santa-maria\/espgenero\/wp-json\/wp\/v2\/comments?post=559"}],"version-history":[{"count":0,"href":"https:\/\/www.ufsm.br\/cursos\/pos-graduacao\/santa-maria\/espgenero\/wp-json\/wp\/v2\/pages\/559\/revisions"}],"wp:attachment":[{"href":"https:\/\/www.ufsm.br\/cursos\/pos-graduacao\/santa-maria\/espgenero\/wp-json\/wp\/v2\/media?parent=559"}],"wp:term":[{"taxonomy":"category","embeddable":true,"href":"https:\/\/www.ufsm.br\/cursos\/pos-graduacao\/santa-maria\/espgenero\/wp-json\/wp\/v2\/categories?post=559"},{"taxonomy":"post_tag","embeddable":true,"href":"https:\/\/www.ufsm.br\/cursos\/pos-graduacao\/santa-maria\/espgenero\/wp-json\/wp\/v2\/tags?post=559"}],"curies":[{"name":"wp","href":"https:\/\/api.w.org\/{rel}","templated":true}]}}