{"id":160,"date":"2019-04-17T16:16:23","date_gmt":"2019-04-17T19:16:23","guid":{"rendered":"https:\/\/www.ufsm.br\/cursos\/pos-graduacao\/santa-maria\/espgestao\/?page_id=160"},"modified":"2019-04-17T17:25:52","modified_gmt":"2019-04-17T20:25:52","slug":"historico","status":"publish","type":"page","link":"https:\/\/www.ufsm.br\/cursos\/pos-graduacao\/santa-maria\/espgestao\/historico","title":{"rendered":"Hist\u00f3rico"},"content":{"rendered":"\n<p>O Curso de Especializa\u00e7\u00e3o em Gest\u00e3o Educacional visa proporcionar a forma\u00e7\u00e3o continuada aos profissionais da Educa\u00e7\u00e3o atrav\u00e9s de conhecimentos pertinentes ao campo da Gest\u00e3o Educacional. Visa tamb\u00e9m oportunizar an\u00e1lises e reflex\u00f5es do sistema escolar, suas compreens\u00f5es sobre pr\u00e1ticas escolares nos aspectos administrativos, t\u00e9cnicos, pol\u00edticos, legais, pedag\u00f3gicos visando a constru\u00e7\u00e3o coletiva do projeto pol\u00edtico-pedag\u00f3gico.<\/p>\n<p>O Curso atende a portadores de Diploma de Curso Superior em licenciatura plena.<\/p>\n<p>O\u00a0PROGRAMA DE P\u00d3S-GRADUA\u00c7\u00c3O EM POL\u00cdTICAS P\u00daBLICAS E GEST\u00c3O EDUCACIONAL\u00a0&#8211;\u00a0PPPG\u00a0est\u00e1 inserido na \u00e1rea da Educa\u00e7\u00e3o e \u00e9 constitu\u00eddo por dois cursos:<\/p>\n<p><strong>1.\u00a0ESPECIALIZA\u00c7\u00c3O EM GEST\u00c3O EDUCACIONAL\u00a0&#8211;\u00a0CEGE (968):<\/strong><\/p>\n<p>&#8211; Edital de Sele\u00e7\u00e3o: abertura em outubro<\/p>\n<p>&#8211; Ingresso: no 1\u00ba semestre<\/p>\n<p>&#8211; Vagas: 35<\/p>\n<p><strong>2.\u00a0MESTRADO PROFISSIONAL EM POL\u00cdTICAS P\u00daBLICAS E GEST\u00c3O EDUCACIONAL \u2013 MP (1125):<\/strong><\/p>\n<p>&#8211; Edital de Sele\u00e7\u00e3o: abertura em maio<\/p>\n<p>&#8211; Ingresso: no 2\u00ba semestre<\/p>\n<p>&#8211; Vagas: 30<\/p>\n<p><strong>MESTRADO PROFISSIOANL EM POL\u00cdTICAS P\u00daBLICAS E GEST\u00c3O EDUCACIONAL \u2013 MP (1125)<\/strong>\u00a0(site em constru\u00e7\u00e3o)<\/p>\n<p>\u00a0<\/p>\n<p>Mestrado Profissional em Pol\u00edticas P\u00fablicas e Gest\u00e3o Educacional<\/p>\n<p>\u00a0<\/p>\n<p>O Mestrado Profissional em Pol\u00edticas P\u00fablicas e Gest\u00e3o Educacional, inserido no Programa de P\u00f3s-Gradua\u00e7\u00e3o em Pol\u00edticas P\u00fablicas e Gest\u00e3o Educacional, tem como objetivo priorit\u00e1rio qualificar a forma\u00e7\u00e3o dos profissionais da educa\u00e7\u00e3o para a atua\u00e7\u00e3o em processos de gest\u00e3o das redes\/sistemas e contextos educativos das institui\u00e7\u00f5es de ensino, considerando a articula\u00e7\u00e3o das pol\u00edticas p\u00fablicas para a educa\u00e7\u00e3o b\u00e1sica e educa\u00e7\u00e3o superior.<\/p>\n<p>\u00a0<\/p>\n<p>\u00a0<\/p>\n<p>\u00a0<\/p>\n<p>Linhas de Pesquisa<\/p>\n<p>\u00a0<\/p>\n<p><strong>L 1 \u2013 POL\u00cdTICAS E GEST\u00c3O DA EDUCA\u00c7\u00c3O B\u00c1SICA:<\/strong><\/p>\n<p>\u00a0<\/p>\n<p>Nesta linha desenvolvem-se pesquisas aplicadas e projetos de interven\u00e7\u00e3o no contexto social, econ\u00f4mico, das pol\u00edticas p\u00fablicas educacionais mais amplo, no qual as Redes de Ensino, os Sistemas Educacionais e contextos educacionais governamentais e n\u00e3o governamentais est\u00e3o inseridos.<\/p>\n<p>\u00a0<\/p>\n<p>\u00a0<\/p>\n<p>\u00a0<\/p>\n<p><strong>L 2 \u2013 GEST\u00c3O PEDAG\u00d3GICA E CONTEXTOS EDUCATIVOS:<\/strong><\/p>\n<p>\u00a0<\/p>\n<p>Nesta linha desenvolvem-se pesquisas aplicadas e projetos de interven\u00e7\u00e3o com o foco na gest\u00e3o pedag\u00f3gica e contextos educativos, em especial na gest\u00e3o escolar.<\/p>\n<p style=\"margin-top: 0px;margin-bottom: 6px;padding: 0px;color: #444444;font-family: Verdana, 'BitStream vera Sans', Tahoma, Helvetica, sans-serif;font-size: 12px\">\u00a0<\/p>\n","protected":false},"excerpt":{"rendered":"<p>O Curso de Especializa\u00e7\u00e3o em Gest\u00e3o Educacional visa proporcionar a forma\u00e7\u00e3o continuada aos profissionais da Educa\u00e7\u00e3o atrav\u00e9s de conhecimentos pertinentes ao campo da Gest\u00e3o Educacional. Visa tamb\u00e9m oportunizar an\u00e1lises e reflex\u00f5es do sistema escolar, suas compreens\u00f5es sobre pr\u00e1ticas escolares nos aspectos administrativos, t\u00e9cnicos, pol\u00edticos, legais, pedag\u00f3gicos visando a constru\u00e7\u00e3o coletiva do projeto pol\u00edtico-pedag\u00f3gico. O Curso [&hellip;]<\/p>\n","protected":false},"author":117,"featured_media":0,"parent":0,"menu_order":0,"comment_status":"closed","ping_status":"closed","template":"","meta":{"footnotes":""},"categories":[],"tags":[],"class_list":["post-160","page","type-page","status-publish","hentry"],"acf":[],"_links":{"self":[{"href":"https:\/\/www.ufsm.br\/cursos\/pos-graduacao\/santa-maria\/espgestao\/wp-json\/wp\/v2\/pages\/160","targetHints":{"allow":["GET"]}}],"collection":[{"href":"https:\/\/www.ufsm.br\/cursos\/pos-graduacao\/santa-maria\/espgestao\/wp-json\/wp\/v2\/pages"}],"about":[{"href":"https:\/\/www.ufsm.br\/cursos\/pos-graduacao\/santa-maria\/espgestao\/wp-json\/wp\/v2\/types\/page"}],"author":[{"embeddable":true,"href":"https:\/\/www.ufsm.br\/cursos\/pos-graduacao\/santa-maria\/espgestao\/wp-json\/wp\/v2\/users\/117"}],"replies":[{"embeddable":true,"href":"https:\/\/www.ufsm.br\/cursos\/pos-graduacao\/santa-maria\/espgestao\/wp-json\/wp\/v2\/comments?post=160"}],"version-history":[{"count":0,"href":"https:\/\/www.ufsm.br\/cursos\/pos-graduacao\/santa-maria\/espgestao\/wp-json\/wp\/v2\/pages\/160\/revisions"}],"wp:attachment":[{"href":"https:\/\/www.ufsm.br\/cursos\/pos-graduacao\/santa-maria\/espgestao\/wp-json\/wp\/v2\/media?parent=160"}],"wp:term":[{"taxonomy":"category","embeddable":true,"href":"https:\/\/www.ufsm.br\/cursos\/pos-graduacao\/santa-maria\/espgestao\/wp-json\/wp\/v2\/categories?post=160"},{"taxonomy":"post_tag","embeddable":true,"href":"https:\/\/www.ufsm.br\/cursos\/pos-graduacao\/santa-maria\/espgestao\/wp-json\/wp\/v2\/tags?post=160"}],"curies":[{"name":"wp","href":"https:\/\/api.w.org\/{rel}","templated":true}]}}