{"id":170,"date":"2019-04-17T17:32:48","date_gmt":"2019-04-17T20:32:48","guid":{"rendered":"https:\/\/www.ufsm.br\/cursos\/pos-graduacao\/santa-maria\/espgestao\/?page_id=170"},"modified":"2019-04-17T17:32:50","modified_gmt":"2019-04-17T20:32:50","slug":"links-uteis","status":"publish","type":"page","link":"https:\/\/www.ufsm.br\/cursos\/pos-graduacao\/santa-maria\/espgestao\/links-uteis","title":{"rendered":"Links \u00dateis"},"content":{"rendered":"\n<ul class=\"xoxo blogroll\">\n<li><a href=\"http:\/\/w3.ufsm.br\/biblioteca\/\">Biblioteca Central<\/a><\/li>\n<li><a title=\"P\u00e1ginas 1 a 9 e 253 a 261\" href=\"http:\/\/w3.ufsm.br\/espgestao\/wp-content\/uploads\/2017\/05\/EDITAL-N%C2%BA-017-CPG-MP-2017-2.pdf\">Edital 0017\/2017 (MP) Sele\u00e7\u00e3o para Especializa\u00e7\u00e3o, Mestrado e Doutorado<\/a><\/li>\n<li><a title=\"CEGE: P\u00e1gs: 1-10 e 361-364\" href=\"http:\/\/site.ufsm.br\/arquivos\/uploaded\/editais\/4c5c1c69-4ef3-4272-b42a-773ead1c5cb5.pdf\">Edital 0033\/2015 (CEGE) Sele\u00e7\u00e3o para Especializa\u00e7\u00e3o, Mestrado e Doutorado<\/a><\/li>\n<li><a title=\"Mestrado Profissional em Pol\u00edticas P\u00fablicas e Gest\u00e3o Educacional \u2013 p\u00e1ginas 19 a 27\" href=\"http:\/\/site.ufsm.br\/arquivos\/uploaded\/editais\/ce18bd9b-c702-492e-ab6a-38fe5308f69b.pdf\">Edital 022\/2015 \u2013 (PPPG) \u2013 Sele\u00e7\u00e3o para Esp., Mestr e Dout.<\/a><\/li>\n<li><a title=\"Informa\u00e7\u00f5es referente ao Curso de Esp. em Gest\u00e3o Educacional nas p\u00e1ginas 1 a 9 e 334 a 339.\" href=\"http:\/\/site.ufsm.br\/noticias\/exibir\/prpgp-divulga-edital-de-abertura-de-inscricao-aos\">Edital 037\/2014 \u2013 Sele\u00e7\u00e3o para Esp., Mestr. e Dout.<\/a><\/li>\n<li><a title=\"Especializa\u00e7\u00e3o em Gest\u00e3o Educacional (968) \u2013 presencial: p\u00e1ginas 1 a 7 e 319 a 323.\" href=\"http:\/\/coral.ufsm.br\/prpgp\/images\/editais-selecao\/2013\/Edital048-2013\/Edital048-2013-SELECAO-PG-1sem2014.pdf\">Edital 048\/2013 \u2013 Sele\u00e7\u00e3o para Especializa\u00e7\u00e3o, Mestrado e Doutorado<\/a><\/li>\n<li><a href=\"http:\/\/coral.ufsm.br\/ppge\">http:\/\/coral.ufsm.br\/ppge<\/a><\/li>\n<li><a href=\"http:\/\/www.ufsm.br\/\">Portal UFSM<\/a><\/li>\n<li><a href=\"http:\/\/w3.ufsm.br\/regae\">REGAE Revista de Gest\u00e3o e Avalia\u00e7\u00e3o Educacional<\/a><\/li>\n<li><a href=\"http:\/\/coral.ufsm.br\/prpgp\/images\/fomularios-diversos\/2014\/015-2014%20-%20Regimento%20da%20Ps%20Graduao.pdf\">REGULAMENTO PG Stritu Senso e Lato Sensu \u2013 Resolu\u00e7\u00e3o 015\/2014<\/a><\/li>\n<li><a href=\"http:\/\/www.ufsm.br\/ce\">Site CE<\/a><\/li>\n<li><a href=\"http:\/\/www.ufsm.br\/ppge\">Site PPGE<\/a><\/li>\n<li><a href=\"http:\/\/www.ufsm.br\/ppgter\">Site PPGTER<\/a><\/li>\n<\/ul>\n","protected":false},"excerpt":{"rendered":"<p>Biblioteca Central Edital 0017\/2017 (MP) Sele\u00e7\u00e3o para Especializa\u00e7\u00e3o, Mestrado e Doutorado Edital 0033\/2015 (CEGE) Sele\u00e7\u00e3o para Especializa\u00e7\u00e3o, Mestrado e Doutorado Edital 022\/2015 \u2013 (PPPG) \u2013 Sele\u00e7\u00e3o para Esp., Mestr e Dout. Edital 037\/2014 \u2013 Sele\u00e7\u00e3o para Esp., Mestr. e Dout. Edital 048\/2013 \u2013 Sele\u00e7\u00e3o para Especializa\u00e7\u00e3o, Mestrado e Doutorado http:\/\/coral.ufsm.br\/ppge Portal UFSM REGAE Revista de [&hellip;]<\/p>\n","protected":false},"author":117,"featured_media":0,"parent":0,"menu_order":0,"comment_status":"closed","ping_status":"closed","template":"","meta":{"footnotes":""},"categories":[],"tags":[],"class_list":["post-170","page","type-page","status-publish","hentry"],"acf":[],"_links":{"self":[{"href":"https:\/\/www.ufsm.br\/cursos\/pos-graduacao\/santa-maria\/espgestao\/wp-json\/wp\/v2\/pages\/170","targetHints":{"allow":["GET"]}}],"collection":[{"href":"https:\/\/www.ufsm.br\/cursos\/pos-graduacao\/santa-maria\/espgestao\/wp-json\/wp\/v2\/pages"}],"about":[{"href":"https:\/\/www.ufsm.br\/cursos\/pos-graduacao\/santa-maria\/espgestao\/wp-json\/wp\/v2\/types\/page"}],"author":[{"embeddable":true,"href":"https:\/\/www.ufsm.br\/cursos\/pos-graduacao\/santa-maria\/espgestao\/wp-json\/wp\/v2\/users\/117"}],"replies":[{"embeddable":true,"href":"https:\/\/www.ufsm.br\/cursos\/pos-graduacao\/santa-maria\/espgestao\/wp-json\/wp\/v2\/comments?post=170"}],"version-history":[{"count":0,"href":"https:\/\/www.ufsm.br\/cursos\/pos-graduacao\/santa-maria\/espgestao\/wp-json\/wp\/v2\/pages\/170\/revisions"}],"wp:attachment":[{"href":"https:\/\/www.ufsm.br\/cursos\/pos-graduacao\/santa-maria\/espgestao\/wp-json\/wp\/v2\/media?parent=170"}],"wp:term":[{"taxonomy":"category","embeddable":true,"href":"https:\/\/www.ufsm.br\/cursos\/pos-graduacao\/santa-maria\/espgestao\/wp-json\/wp\/v2\/categories?post=170"},{"taxonomy":"post_tag","embeddable":true,"href":"https:\/\/www.ufsm.br\/cursos\/pos-graduacao\/santa-maria\/espgestao\/wp-json\/wp\/v2\/tags?post=170"}],"curies":[{"name":"wp","href":"https:\/\/api.w.org\/{rel}","templated":true}]}}