{"id":160,"date":"2019-04-18T13:09:43","date_gmt":"2019-04-18T16:09:43","guid":{"rendered":"https:\/\/www.ufsm.br\/cursos\/pos-graduacao\/santa-maria\/espmusica\/?page_id=160"},"modified":"2019-04-18T13:09:45","modified_gmt":"2019-04-18T16:09:45","slug":"sobre-o-curso","status":"publish","type":"page","link":"https:\/\/www.ufsm.br\/cursos\/pos-graduacao\/santa-maria\/espmusica\/sobre-o-curso","title":{"rendered":"Sobre o Curso"},"content":{"rendered":"\n<p dir=\"auto\" data-sourcepos=\"10:1-10:836\">O curso de Especializa\u00e7\u00e3o em M\u00fasica: M\u00daSICAS DOS S\u00c9CULOS XX E XXI \u2013 PERFOMANCE E PEDAGOGIA prop\u00f5e uma p\u00f3s-gradua\u00e7\u00e3o lato sensu no qual os fazeres musicais contempor\u00e2neos sejam estudados e valorizados em sua diversidade \u2013 a m\u00fasica de concerto, manifesta\u00e7\u00f5es regionais do Rio Grande do Sul, o choro, rock e jazz \u2013 atrav\u00e9s da investiga\u00e7\u00e3o e reflex\u00e3o sobre as M\u00fasicas desenvolvidos na sociedade atual em suas muitas vertentes. Em raz\u00e3o disso, a express\u00e3o \u201cM\u00fasicas\u201d e n\u00e3o \u201cM\u00fasica\u201d \u00e9 utilizada para evitar uma conota\u00e7\u00e3o enviesada. Essa vis\u00e3o se coaduna com a supera\u00e7\u00e3o da Musicologia Hist\u00f3rica da divis\u00e3o entre popular e erudito que tem se firmando desde o final do S\u00e9culo XX, permitindo que a discuss\u00e3o cr\u00edtica da atividade musical avance frente a diferen\u00e7as que existiram ou ainda persistem.<\/p>\n<p dir=\"auto\" data-sourcepos=\"12:1-12:13\"><strong>P\u00fablico alvo<\/strong><\/p>\n<p dir=\"auto\" data-sourcepos=\"14:1-14:365\">O p\u00fablico alvo do curso de Especializa\u00e7\u00e3o abrange m\u00fasicos profissionais atuantes, seja como instrumentistas ou professores, egressos dos cursos de Bacharelado em Instrumento, Licenciatura Plena em M\u00fasica, e M\u00fasica e Tecnologia da UFSM, egressos de outras IES, professores de m\u00fasica que atuam em escolas p\u00fablicas e privadas, conjuntos instrumentais diversos.<\/p>\n","protected":false},"excerpt":{"rendered":"<p>O curso de Especializa\u00e7\u00e3o em M\u00fasica: M\u00daSICAS DOS S\u00c9CULOS XX E XXI \u2013 PERFOMANCE E PEDAGOGIA prop\u00f5e uma p\u00f3s-gradua\u00e7\u00e3o lato sensu no qual os fazeres musicais contempor\u00e2neos sejam estudados e valorizados em sua diversidade \u2013 a m\u00fasica de concerto, manifesta\u00e7\u00f5es regionais do Rio Grande do Sul, o choro, rock e jazz \u2013 atrav\u00e9s da investiga\u00e7\u00e3o [&hellip;]<\/p>\n","protected":false},"author":117,"featured_media":0,"parent":0,"menu_order":0,"comment_status":"closed","ping_status":"closed","template":"","meta":{"footnotes":""},"categories":[],"tags":[],"class_list":["post-160","page","type-page","status-publish","hentry"],"acf":[],"_links":{"self":[{"href":"https:\/\/www.ufsm.br\/cursos\/pos-graduacao\/santa-maria\/espmusica\/wp-json\/wp\/v2\/pages\/160","targetHints":{"allow":["GET"]}}],"collection":[{"href":"https:\/\/www.ufsm.br\/cursos\/pos-graduacao\/santa-maria\/espmusica\/wp-json\/wp\/v2\/pages"}],"about":[{"href":"https:\/\/www.ufsm.br\/cursos\/pos-graduacao\/santa-maria\/espmusica\/wp-json\/wp\/v2\/types\/page"}],"author":[{"embeddable":true,"href":"https:\/\/www.ufsm.br\/cursos\/pos-graduacao\/santa-maria\/espmusica\/wp-json\/wp\/v2\/users\/117"}],"replies":[{"embeddable":true,"href":"https:\/\/www.ufsm.br\/cursos\/pos-graduacao\/santa-maria\/espmusica\/wp-json\/wp\/v2\/comments?post=160"}],"version-history":[{"count":0,"href":"https:\/\/www.ufsm.br\/cursos\/pos-graduacao\/santa-maria\/espmusica\/wp-json\/wp\/v2\/pages\/160\/revisions"}],"wp:attachment":[{"href":"https:\/\/www.ufsm.br\/cursos\/pos-graduacao\/santa-maria\/espmusica\/wp-json\/wp\/v2\/media?parent=160"}],"wp:term":[{"taxonomy":"category","embeddable":true,"href":"https:\/\/www.ufsm.br\/cursos\/pos-graduacao\/santa-maria\/espmusica\/wp-json\/wp\/v2\/categories?post=160"},{"taxonomy":"post_tag","embeddable":true,"href":"https:\/\/www.ufsm.br\/cursos\/pos-graduacao\/santa-maria\/espmusica\/wp-json\/wp\/v2\/tags?post=160"}],"curies":[{"name":"wp","href":"https:\/\/api.w.org\/{rel}","templated":true}]}}