{"id":1029,"date":"2025-03-12T11:08:33","date_gmt":"2025-03-12T14:08:33","guid":{"rendered":"https:\/\/www.ufsm.br\/cursos\/pos-graduacao\/santa-maria\/mpcs\/?page_id=1029"},"modified":"2025-09-12T15:38:58","modified_gmt":"2025-09-12T18:38:58","slug":"autoavaliacao","status":"publish","type":"page","link":"https:\/\/www.ufsm.br\/cursos\/pos-graduacao\/santa-maria\/mpcs\/autoavaliacao","title":{"rendered":"Autoavalia\u00e7\u00e3o"},"content":{"rendered":"<p>A autoavalia\u00e7\u00e3o \u00e9 uma etapa fundamental para o aprimoramento cont\u00ednuo dos Programas de P\u00f3s-Gradua\u00e7\u00e3o, sendo um processo exigido tanto pela CAPES quanto pela Universidade Federal de Santa Maria. <strong>Seu objetivo \u00e9 promover uma reflex\u00e3o cr\u00edtica sobre as pr\u00e1ticas de forma\u00e7\u00e3o, produ\u00e7\u00e3o cient\u00edfica, inser\u00e7\u00e3o social e gest\u00e3o acad\u00eamica, permitindo identificar potencialidades, fragilidades e tra\u00e7ar estrat\u00e9gias de desenvolvimento.<\/strong><\/p>\n<p>No Mestrado Profissional em Ci\u00eancias da Sa\u00fade, o tema vem sendo pauta constante das reuni\u00f5es do Colegiado e encontra-se em fase de implementa\u00e7\u00e3o. Como subs\u00eddio inicial, disponibilizamos o documento elaborado pela CAPES, que apresenta diretrizes e recomenda\u00e7\u00f5es para a condu\u00e7\u00e3o do processo de autoavalia\u00e7\u00e3o em Programas de P\u00f3s-Gradua\u00e7\u00e3o.<\/p>\n\n\n<div data-wp-interactive=\"core\/file\" class=\"wp-block-file\"><object data-wp-bind--hidden=\"!state.hasPdfPreview\" hidden class=\"wp-block-file__embed\" data=\"https:\/\/www.ufsm.br\/app\/uploads\/sites\/566\/2025\/09\/CAPES-autoavaliacao-de-programas-de-pos-graduacao-3.pdf\" type=\"application\/pdf\" style=\"width:100%;height:600px\" aria-label=\"Incorporado de CAPES autoavaliacao-de-programas-de-pos-graduacao.\"><\/object><a id=\"wp-block-file--media-1d9576e4-ac5d-447a-8c16-864e3a6e58f6\" href=\"https:\/\/www.ufsm.br\/app\/uploads\/sites\/566\/2025\/09\/CAPES-autoavaliacao-de-programas-de-pos-graduacao-3.pdf\">CAPES autoavaliacao-de-programas-de-pos-graduacao<\/a><a href=\"https:\/\/www.ufsm.br\/app\/uploads\/sites\/566\/2025\/09\/CAPES-autoavaliacao-de-programas-de-pos-graduacao-3.pdf\" class=\"wp-block-file__button wp-element-button\" download aria-describedby=\"wp-block-file--media-1d9576e4-ac5d-447a-8c16-864e3a6e58f6\">Baixar<\/a><\/div>\n","protected":false},"excerpt":{"rendered":"<p>A autoavalia\u00e7\u00e3o \u00e9 uma etapa fundamental para o aprimoramento cont\u00ednuo dos Programas de P\u00f3s-Gradua\u00e7\u00e3o, sendo um processo exigido tanto pela CAPES quanto pela Universidade Federal de Santa Maria. Seu objetivo \u00e9 promover uma reflex\u00e3o cr\u00edtica sobre as pr\u00e1ticas de forma\u00e7\u00e3o, produ\u00e7\u00e3o cient\u00edfica, inser\u00e7\u00e3o social e gest\u00e3o acad\u00eamica, permitindo identificar potencialidades, fragilidades e tra\u00e7ar estrat\u00e9gias de [&hellip;]<\/p>\n","protected":false},"author":990,"featured_media":1152,"parent":0,"menu_order":0,"comment_status":"closed","ping_status":"closed","template":"","meta":{"footnotes":""},"categories":[71],"tags":[189],"class_list":["post-1029","page","type-page","status-publish","has-post-thumbnail","hentry","category-paginas","tag-autoavaliacao"],"acf":[],"_links":{"self":[{"href":"https:\/\/www.ufsm.br\/cursos\/pos-graduacao\/santa-maria\/mpcs\/wp-json\/wp\/v2\/pages\/1029","targetHints":{"allow":["GET"]}}],"collection":[{"href":"https:\/\/www.ufsm.br\/cursos\/pos-graduacao\/santa-maria\/mpcs\/wp-json\/wp\/v2\/pages"}],"about":[{"href":"https:\/\/www.ufsm.br\/cursos\/pos-graduacao\/santa-maria\/mpcs\/wp-json\/wp\/v2\/types\/page"}],"author":[{"embeddable":true,"href":"https:\/\/www.ufsm.br\/cursos\/pos-graduacao\/santa-maria\/mpcs\/wp-json\/wp\/v2\/users\/990"}],"replies":[{"embeddable":true,"href":"https:\/\/www.ufsm.br\/cursos\/pos-graduacao\/santa-maria\/mpcs\/wp-json\/wp\/v2\/comments?post=1029"}],"version-history":[{"count":0,"href":"https:\/\/www.ufsm.br\/cursos\/pos-graduacao\/santa-maria\/mpcs\/wp-json\/wp\/v2\/pages\/1029\/revisions"}],"wp:featuredmedia":[{"embeddable":true,"href":"https:\/\/www.ufsm.br\/cursos\/pos-graduacao\/santa-maria\/mpcs\/wp-json\/wp\/v2\/media\/1152"}],"wp:attachment":[{"href":"https:\/\/www.ufsm.br\/cursos\/pos-graduacao\/santa-maria\/mpcs\/wp-json\/wp\/v2\/media?parent=1029"}],"wp:term":[{"taxonomy":"category","embeddable":true,"href":"https:\/\/www.ufsm.br\/cursos\/pos-graduacao\/santa-maria\/mpcs\/wp-json\/wp\/v2\/categories?post=1029"},{"taxonomy":"post_tag","embeddable":true,"href":"https:\/\/www.ufsm.br\/cursos\/pos-graduacao\/santa-maria\/mpcs\/wp-json\/wp\/v2\/tags?post=1029"}],"curies":[{"name":"wp","href":"https:\/\/api.w.org\/{rel}","templated":true}]}}