{"id":175,"date":"2019-04-10T12:42:20","date_gmt":"2019-04-10T15:42:20","guid":{"rendered":"https:\/\/www.ufsm.br\/cursos\/pos-graduacao\/santa-maria\/mpcs\/?page_id=175"},"modified":"2025-03-06T00:02:37","modified_gmt":"2025-03-06T03:02:37","slug":"pesquisa","status":"publish","type":"page","link":"https:\/\/www.ufsm.br\/cursos\/pos-graduacao\/santa-maria\/mpcs\/pesquisa","title":{"rendered":"Projetos de Pesquisa"},"content":{"rendered":"\t\t<div data-elementor-type=\"wp-post\" data-elementor-id=\"175\" class=\"elementor elementor-175\">\n\t\t\t\t\t\t<section class=\"elementor-section elementor-top-section elementor-element elementor-element-70e4f9e elementor-section-boxed elementor-section-height-default elementor-section-height-default\" data-id=\"70e4f9e\" data-element_type=\"section\">\n\t\t\t\t\t\t<div class=\"elementor-container elementor-column-gap-default\">\n\t\t\t\t\t<div class=\"elementor-column elementor-col-100 elementor-top-column elementor-element elementor-element-f6ef2ef\" data-id=\"f6ef2ef\" data-element_type=\"column\">\n\t\t\t<div class=\"elementor-widget-wrap elementor-element-populated\">\n\t\t\t\t\t\t<div class=\"elementor-element elementor-element-cd7c581 elementor-widget elementor-widget-heading\" data-id=\"cd7c581\" data-element_type=\"widget\" data-widget_type=\"heading.default\">\n\t\t\t\t<div class=\"elementor-widget-container\">\n\t\t\t<h5 class=\"elementor-heading-title elementor-size-default\">Projetos de Pesquisa<\/h5>\t\t<\/div>\n\t\t\t\t<\/div>\n\t\t\t\t<div class=\"elementor-element elementor-element-92812c2 elementor-widget elementor-widget-text-editor\" data-id=\"92812c2\" data-element_type=\"widget\" data-widget_type=\"text-editor.default\">\n\t\t\t\t<div class=\"elementor-widget-container\">\n\t\t\t\t\t\t\t<p>\u00a0<\/p><ul><li><strong>Linha M\u00c9TODOS E T\u00c9CNICAS DIAGN\u00d3STICAS E TERAP\u00caUTICAS<\/strong><ul><li>ANTROPOMETRIA TRIDIMENSIONAL DA FACE: NOVAS PERSPECTIVAS DE CAPTURA DE IMAGEM E DE AVALIA\u00c7\u00c3O ATRAV\u00c9S DE SOFTWARE DE C\u00d3DIGO ABERTO. [<a href=\"https:\/\/portal.ufsm.br\/projetos\/publico\/projetos\/view.html?idProjeto=68321\">visualizar projeto<\/a>]<\/li><li>ASPECTOS PSICOEMOCIONAIS E FUNCIONAIS DE PACIENTES P\u00d3S COVID-19 CLASSIFICADOS PELO ESTADO NUTRICIONAL. [<a href=\"https:\/\/portal.ufsm.br\/projetos\/publico\/projetos\/view.html?idProjeto=70141\">visualizar projeto<\/a>]<\/li><li>ASSOCIA\u00c7\u00c3O ENTRE DIAGN\u00d3STICO PR\u00c9-NATAL DE CRESCIMENTO INTRAUTERINO RESTRITO E ESTRESSE OXIDATIVO. [<a href=\"https:\/\/portal.ufsm.br\/projetos\/publico\/projetos\/view.html?idProjeto=68054\">visualizar projeto<\/a>]<\/li><li>ATEN\u00c7\u00c3O MULTIPROFISSIONAL AO PACIENTE ONCOL\u00d3GICO<\/li><li>DOEN\u00c7AS CR\u00d4NICO DEGENERATIVAS: ESTUDO DA PREVEN\u00c7\u00c3O AO TRATAMENTO E REABILITA\u00c7\u00c3O DAS COMPLICA\u00c7\u00d5ES<\/li><li>PREVAL\u00caNCIA DE DISLIPIDEMIA E DE ALTERA\u00c7\u00d5ES HEP\u00c1TICAS EM PACIENTES COM ACNE VULGAR TRATADOS COM ISOTRETINOINA ORAL EM UM HOSPITAL TERCI\u00c1RIO DO SUL DO BRASIL. [<a href=\"https:\/\/portal.ufsm.br\/projetos\/publico\/projetos\/view.html?idProjeto=70822\">visualizar projeto<\/a>]<\/li><\/ul><\/li><\/ul><ul><li><strong>Linha PROMO\u00c7\u00c3O DA SA\u00daDE<\/strong><ul><li>APS-REDES: ATEN\u00c7\u00c3O PRIM\u00c1RIA E REDES REGIONAIS NO SUS<\/li><li>EFEITO DE UM FORMULADO DESENVOLVIDO COM GUARAN\u00c1 E SEMENTE DE A\u00c7A\u00cd EM MODELOS EXPERIMENTAIS P\u00d3S-CIR\u00daRGICOS: ESTUDO DA REPARA\u00c7\u00c3O IN VITRO E IN VIVO. [<a href=\"https:\/\/portal.ufsm.br\/projetos\/publico\/projetos\/view.html?idProjeto=66677\">visualizar projeto<\/a>]<\/li><li>ENFRENTAMENTO DA EPIDEMIA DA COVID-19 NO ESTADO DO RIO GRANDE DO SUL. [<a href=\"https:\/\/portal.ufsm.br\/projetos\/publico\/projetos\/view.html?idProjeto=66291\">visualizar projeto<\/a>]<\/li><li>SA\u00daDE MENTAL DE CRIAN\u00c7AS, ADOLESCENTES E ADULTOS NA ATEN\u00c7\u00c3O PRIM\u00c1RIA E SECUND\u00c1RIA E TERCI\u00c1RIA<\/li><\/ul><\/li><\/ul>\t\t\t\t\t\t<\/div>\n\t\t\t\t<\/div>\n\t\t\t\t\t<\/div>\n\t\t<\/div>\n\t\t\t\t\t<\/div>\n\t\t<\/section>\n\t\t\t\t<\/div>\n\t\t","protected":false},"excerpt":{"rendered":"<p>Projetos de Pesquisa \u00a0 Linha M\u00c9TODOS E T\u00c9CNICAS DIAGN\u00d3STICAS E TERAP\u00caUTICAS ANTROPOMETRIA TRIDIMENSIONAL DA FACE: NOVAS PERSPECTIVAS DE CAPTURA DE IMAGEM E DE AVALIA\u00c7\u00c3O ATRAV\u00c9S DE SOFTWARE DE C\u00d3DIGO ABERTO. [visualizar projeto] ASPECTOS PSICOEMOCIONAIS E FUNCIONAIS DE PACIENTES P\u00d3S COVID-19 CLASSIFICADOS PELO ESTADO NUTRICIONAL. [visualizar projeto] ASSOCIA\u00c7\u00c3O ENTRE DIAGN\u00d3STICO PR\u00c9-NATAL DE CRESCIMENTO INTRAUTERINO RESTRITO E [&hellip;]<\/p>\n","protected":false},"author":115,"featured_media":0,"parent":0,"menu_order":0,"comment_status":"closed","ping_status":"closed","template":"","meta":{"footnotes":""},"categories":[71],"tags":[175,174],"class_list":["post-175","page","type-page","status-publish","hentry","category-paginas","tag-pesquisa","tag-projetos"],"acf":[],"_links":{"self":[{"href":"https:\/\/www.ufsm.br\/cursos\/pos-graduacao\/santa-maria\/mpcs\/wp-json\/wp\/v2\/pages\/175","targetHints":{"allow":["GET"]}}],"collection":[{"href":"https:\/\/www.ufsm.br\/cursos\/pos-graduacao\/santa-maria\/mpcs\/wp-json\/wp\/v2\/pages"}],"about":[{"href":"https:\/\/www.ufsm.br\/cursos\/pos-graduacao\/santa-maria\/mpcs\/wp-json\/wp\/v2\/types\/page"}],"author":[{"embeddable":true,"href":"https:\/\/www.ufsm.br\/cursos\/pos-graduacao\/santa-maria\/mpcs\/wp-json\/wp\/v2\/users\/115"}],"replies":[{"embeddable":true,"href":"https:\/\/www.ufsm.br\/cursos\/pos-graduacao\/santa-maria\/mpcs\/wp-json\/wp\/v2\/comments?post=175"}],"version-history":[{"count":0,"href":"https:\/\/www.ufsm.br\/cursos\/pos-graduacao\/santa-maria\/mpcs\/wp-json\/wp\/v2\/pages\/175\/revisions"}],"wp:attachment":[{"href":"https:\/\/www.ufsm.br\/cursos\/pos-graduacao\/santa-maria\/mpcs\/wp-json\/wp\/v2\/media?parent=175"}],"wp:term":[{"taxonomy":"category","embeddable":true,"href":"https:\/\/www.ufsm.br\/cursos\/pos-graduacao\/santa-maria\/mpcs\/wp-json\/wp\/v2\/categories?post=175"},{"taxonomy":"post_tag","embeddable":true,"href":"https:\/\/www.ufsm.br\/cursos\/pos-graduacao\/santa-maria\/mpcs\/wp-json\/wp\/v2\/tags?post=175"}],"curies":[{"name":"wp","href":"https:\/\/api.w.org\/{rel}","templated":true}]}}