{"id":180,"date":"2019-04-10T12:47:03","date_gmt":"2019-04-10T15:47:03","guid":{"rendered":"https:\/\/www.ufsm.br\/cursos\/pos-graduacao\/santa-maria\/mpcs\/?page_id=180"},"modified":"2019-04-10T12:47:06","modified_gmt":"2019-04-10T15:47:06","slug":"pro-reitoria-de-pos-graduacao-e-pesquisa","status":"publish","type":"page","link":"https:\/\/www.ufsm.br\/cursos\/pos-graduacao\/santa-maria\/mpcs\/pro-reitoria-de-pos-graduacao-e-pesquisa","title":{"rendered":"Pr\u00f3-Reitoria de P\u00f3s-Gradua\u00e7\u00e3o e Pesquisa"},"content":{"rendered":"\n<div class=\"PwMt2d\"><a class=\"dhtgD\" href=\"http:\/\/www.google.com\/url?q=http%3A%2F%2Fsite.ufsm.br%2Feditais%2Fprpgp&amp;sa=D&amp;sntz=1&amp;usg=AFQjCNFbaD2T-thedOqqqJpnjrSa4FjXGg\" target=\"_blank\" rel=\"noopener noreferrer\">Editais de Sele\u00e7\u00e3o &#8211; Pr\u00f3-Reitoria de P\u00f3s-Gradua\u00e7\u00e3o e Pesquisa<\/a><\/div>\n<div class=\"PwMt2d\">\n<div class=\"a4qjWd EKJj3b\">\n<div class=\"U26fgb mUbCce fKz7Od LRAOtb JrP5Kb M9Bg4d\" role=\"presentation\" aria-describedby=\"h.p_ID_34\" aria-label=\"Copiar link do t\u00edtulo\" data-tooltip=\"Copiar link do t\u00edtulo\" aria-hidden=\"true\" data-tooltip-position=\"top\" data-tooltip-vertical-offset=\"12\" data-tooltip-horizontal-offset=\"0\">\n<div class=\"VTBa7b MbhUzd\">\u00a0<\/div>\n<\/div>\n<\/div>\n<a class=\"dhtgD\" href=\"http:\/\/www.google.com\/url?q=http%3A%2F%2Fsite.ufsm.br%2Fservicos%2Fingresso-na-pos-graduacao&amp;sa=D&amp;sntz=1&amp;usg=AFQjCNH_PTajX4FTnozzzSj9Tww4VxEasQ\" target=\"_blank\" rel=\"noopener noreferrer\">Sistema de Inscri\u00e7\u00f5es da P\u00f3s-Gradua\u00e7\u00e3o<\/a><\/div>\n","protected":false},"excerpt":{"rendered":"<p>Editais de Sele\u00e7\u00e3o &#8211; Pr\u00f3-Reitoria de P\u00f3s-Gradua\u00e7\u00e3o e Pesquisa \u00a0 Sistema de Inscri\u00e7\u00f5es da P\u00f3s-Gradua\u00e7\u00e3o<\/p>\n","protected":false},"author":115,"featured_media":0,"parent":0,"menu_order":0,"comment_status":"closed","ping_status":"closed","template":"","meta":{"footnotes":""},"categories":[],"tags":[],"class_list":["post-180","page","type-page","status-publish","hentry"],"acf":[],"_links":{"self":[{"href":"https:\/\/www.ufsm.br\/cursos\/pos-graduacao\/santa-maria\/mpcs\/wp-json\/wp\/v2\/pages\/180","targetHints":{"allow":["GET"]}}],"collection":[{"href":"https:\/\/www.ufsm.br\/cursos\/pos-graduacao\/santa-maria\/mpcs\/wp-json\/wp\/v2\/pages"}],"about":[{"href":"https:\/\/www.ufsm.br\/cursos\/pos-graduacao\/santa-maria\/mpcs\/wp-json\/wp\/v2\/types\/page"}],"author":[{"embeddable":true,"href":"https:\/\/www.ufsm.br\/cursos\/pos-graduacao\/santa-maria\/mpcs\/wp-json\/wp\/v2\/users\/115"}],"replies":[{"embeddable":true,"href":"https:\/\/www.ufsm.br\/cursos\/pos-graduacao\/santa-maria\/mpcs\/wp-json\/wp\/v2\/comments?post=180"}],"version-history":[{"count":0,"href":"https:\/\/www.ufsm.br\/cursos\/pos-graduacao\/santa-maria\/mpcs\/wp-json\/wp\/v2\/pages\/180\/revisions"}],"wp:attachment":[{"href":"https:\/\/www.ufsm.br\/cursos\/pos-graduacao\/santa-maria\/mpcs\/wp-json\/wp\/v2\/media?parent=180"}],"wp:term":[{"taxonomy":"category","embeddable":true,"href":"https:\/\/www.ufsm.br\/cursos\/pos-graduacao\/santa-maria\/mpcs\/wp-json\/wp\/v2\/categories?post=180"},{"taxonomy":"post_tag","embeddable":true,"href":"https:\/\/www.ufsm.br\/cursos\/pos-graduacao\/santa-maria\/mpcs\/wp-json\/wp\/v2\/tags?post=180"}],"curies":[{"name":"wp","href":"https:\/\/api.w.org\/{rel}","templated":true}]}}