{"id":29,"date":"2018-01-18T09:10:07","date_gmt":"2018-01-18T11:10:07","guid":{"rendered":"https:\/\/www.ufsm.br\/cursos\/graduacao\/nutricao\/12352\/?page_id=29"},"modified":"2026-03-27T09:52:51","modified_gmt":"2026-03-27T12:52:51","slug":"contato","status":"publish","type":"page","link":"https:\/\/www.ufsm.br\/cursos\/pos-graduacao\/santa-maria\/mpcs\/contato","title":{"rendered":"Contato"},"content":{"rendered":"\t\t<div data-elementor-type=\"wp-page\" data-elementor-id=\"29\" class=\"elementor elementor-29\">\n\t\t\t\t\t\t<section class=\"elementor-section elementor-top-section elementor-element elementor-element-ab5e81d elementor-section-boxed elementor-section-height-default elementor-section-height-default\" data-id=\"ab5e81d\" data-element_type=\"section\">\n\t\t\t\t\t\t<div class=\"elementor-container elementor-column-gap-default\">\n\t\t\t\t\t<div class=\"elementor-column elementor-col-100 elementor-top-column elementor-element elementor-element-ca75806\" data-id=\"ca75806\" data-element_type=\"column\">\n\t\t\t<div class=\"elementor-widget-wrap elementor-element-populated\">\n\t\t\t\t\t\t<div class=\"elementor-element elementor-element-eef4e1f elementor-widget elementor-widget-heading\" data-id=\"eef4e1f\" data-element_type=\"widget\" data-widget_type=\"heading.default\">\n\t\t\t\t<div class=\"elementor-widget-container\">\n\t\t\t<h5 class=\"elementor-heading-title elementor-size-default\"><strong>Secretaria Integrada dos Cursos de P\u00f3s-Gradua\u00e7\u00e3o do CCS<\/strong>\n<br>\n<i>Graduate Program Offices<\/i><\/h5>\t\t<\/div>\n\t\t\t\t<\/div>\n\t\t\t\t\t<\/div>\n\t\t<\/div>\n\t\t\t\t\t<\/div>\n\t\t<\/section>\n\t\t\t\t<section class=\"elementor-section elementor-top-section elementor-element elementor-element-4f366c7f elementor-section-boxed elementor-section-height-default elementor-section-height-default\" data-id=\"4f366c7f\" data-element_type=\"section\">\n\t\t\t\t\t\t<div class=\"elementor-container elementor-column-gap-default\">\n\t\t\t\t\t<div class=\"elementor-column elementor-col-100 elementor-top-column elementor-element elementor-element-64eb5668\" data-id=\"64eb5668\" data-element_type=\"column\">\n\t\t\t<div class=\"elementor-widget-wrap elementor-element-populated\">\n\t\t\t\t\t\t<div class=\"elementor-element elementor-element-6f3da8bc elementor-widget elementor-widget-text-editor\" data-id=\"6f3da8bc\" data-element_type=\"widget\" data-widget_type=\"text-editor.default\">\n\t\t\t\t<div class=\"elementor-widget-container\">\n\t\t\t\t\t\t\t<p><span style=\"color: #000000;font-size: 1rem\">Av. Roraima n\u00ba 1000, <strong>pr\u00e9dio 26A<\/strong>, Centro de Ci\u00eancias da Sa\u00fade (CCS), <strong>sala 1418<\/strong>.<\/span><\/p>\n<p>Cidade Universit\u00e1ria &#8211; Bairro Camobi<\/p>\n<p>Santa Maria &#8211; RS<\/p>\n<p>CEP: 97105-900<\/p>\n<p>e-mail: <a href=\"mailto:mpcs@ufsm.br\">mpcs@ufsm.br<\/a> (curso) e <a href=\"mailto:posccs@ufsm.br\">posccs@ufsm.br<\/a> (secretaria integrada)<\/p>\n<p>Telefone: (55) 3220-8206 (tamb\u00e9m <a href=\"http:\/\/wa.me\/+555532208206\">whatsapp<\/a>)<\/p>\n<p><!-- wp:tadv\/classic-paragraph \/--><\/p>\t\t\t\t\t\t<\/div>\n\t\t\t\t<\/div>\n\t\t\t\t\t<\/div>\n\t\t<\/div>\n\t\t\t\t\t<\/div>\n\t\t<\/section>\n\t\t\t\t<section class=\"elementor-section elementor-top-section elementor-element elementor-element-4b9b221 elementor-section-boxed elementor-section-height-default elementor-section-height-default\" data-id=\"4b9b221\" data-element_type=\"section\">\n\t\t\t\t\t\t<div class=\"elementor-container elementor-column-gap-default\">\n\t\t\t\t\t<div class=\"elementor-column elementor-col-100 elementor-top-column elementor-element elementor-element-43bd9b4\" data-id=\"43bd9b4\" data-element_type=\"column\">\n\t\t\t<div class=\"elementor-widget-wrap elementor-element-populated\">\n\t\t\t\t\t\t<div class=\"elementor-element elementor-element-aaa8688 elementor-widget elementor-widget-heading\" data-id=\"aaa8688\" data-element_type=\"widget\" data-widget_type=\"heading.default\">\n\t\t\t\t<div class=\"elementor-widget-container\">\n\t\t\t<h5 class=\"elementor-heading-title elementor-size-default\"><strong>Coordena\u00e7\u00e3o do Programa de P\u00f3s-Gradua\u00e7\u00e3o Mestrado Profissional em Ci\u00eancias da Sa\u00fade<\/strong>\n<br>\n<i>Professional Master\u2019s Program in Health Sciences<\/i>\n<br>\n<i>Program Coordination Office<\/i><\/h5>\t\t<\/div>\n\t\t\t\t<\/div>\n\t\t\t\t\t<\/div>\n\t\t<\/div>\n\t\t\t\t\t<\/div>\n\t\t<\/section>\n\t\t\t\t<section class=\"elementor-section elementor-top-section elementor-element elementor-element-af4af11 elementor-section-boxed elementor-section-height-default elementor-section-height-default\" data-id=\"af4af11\" data-element_type=\"section\">\n\t\t\t\t\t\t<div class=\"elementor-container elementor-column-gap-default\">\n\t\t\t\t\t<div class=\"elementor-column elementor-col-100 elementor-top-column elementor-element elementor-element-5658de9\" data-id=\"5658de9\" data-element_type=\"column\">\n\t\t\t<div class=\"elementor-widget-wrap elementor-element-populated\">\n\t\t\t\t\t\t<div class=\"elementor-element elementor-element-7aad8d7 elementor-widget elementor-widget-text-editor\" data-id=\"7aad8d7\" data-element_type=\"widget\" data-widget_type=\"text-editor.default\">\n\t\t\t\t<div class=\"elementor-widget-container\">\n\t\t\t\t\t\t\t<p><strong>Coordenadora Prof\u00aa Dr\u00aa Rosmari Horner<\/strong><\/p>\n<p><em>Program Coordinator: Prof. Dr. Rosmari Horner<\/em><\/p>\n<p><span style=\"color: #000000;font-size: 1rem\">Av. Roraima n\u00ba 1000, <strong>pr\u00e9dio 26A<\/strong>, Centro de Ci\u00eancias da Sa\u00fade (CCS), <strong>sala 1205<\/strong>.<\/span><\/p>\n<p>Cidade Universit\u00e1ria &#8211; Bairro Camobi<\/p>\n<p>Santa Maria &#8211; RS<\/p>\n<p>CEP: 97105-900<\/p>\n<p>e-mail: <a href=\"mailto:rosmari.ufsm@gmail.com\">rosmari.ufsm@gmail.com<\/a><\/p>\t\t\t\t\t\t<\/div>\n\t\t\t\t<\/div>\n\t\t\t\t\t<\/div>\n\t\t<\/div>\n\t\t\t\t\t<\/div>\n\t\t<\/section>\n\t\t\t\t<\/div>\n\t\t","protected":false},"excerpt":{"rendered":"<p>Secretaria Integrada dos Cursos de P\u00f3s-Gradua\u00e7\u00e3o do CCS Graduate Program Offices Av. Roraima n\u00ba 1000, pr\u00e9dio 26A, Centro de Ci\u00eancias da Sa\u00fade (CCS), sala 1418. Cidade Universit\u00e1ria &#8211; Bairro Camobi Santa Maria &#8211; RS CEP: 97105-900 e-mail: mpcs@ufsm.br (curso) e posccs@ufsm.br (secretaria integrada) Telefone: (55) 3220-8206 (tamb\u00e9m whatsapp) Coordena\u00e7\u00e3o do Programa de P\u00f3s-Gradua\u00e7\u00e3o Mestrado Profissional [&hellip;]<\/p>\n","protected":false},"author":8,"featured_media":0,"parent":0,"menu_order":0,"comment_status":"closed","ping_status":"closed","template":"","meta":{"footnotes":""},"categories":[],"tags":[],"class_list":["post-29","page","type-page","status-publish","hentry"],"acf":[],"_links":{"self":[{"href":"https:\/\/www.ufsm.br\/cursos\/pos-graduacao\/santa-maria\/mpcs\/wp-json\/wp\/v2\/pages\/29","targetHints":{"allow":["GET"]}}],"collection":[{"href":"https:\/\/www.ufsm.br\/cursos\/pos-graduacao\/santa-maria\/mpcs\/wp-json\/wp\/v2\/pages"}],"about":[{"href":"https:\/\/www.ufsm.br\/cursos\/pos-graduacao\/santa-maria\/mpcs\/wp-json\/wp\/v2\/types\/page"}],"author":[{"embeddable":true,"href":"https:\/\/www.ufsm.br\/cursos\/pos-graduacao\/santa-maria\/mpcs\/wp-json\/wp\/v2\/users\/8"}],"replies":[{"embeddable":true,"href":"https:\/\/www.ufsm.br\/cursos\/pos-graduacao\/santa-maria\/mpcs\/wp-json\/wp\/v2\/comments?post=29"}],"version-history":[{"count":0,"href":"https:\/\/www.ufsm.br\/cursos\/pos-graduacao\/santa-maria\/mpcs\/wp-json\/wp\/v2\/pages\/29\/revisions"}],"wp:attachment":[{"href":"https:\/\/www.ufsm.br\/cursos\/pos-graduacao\/santa-maria\/mpcs\/wp-json\/wp\/v2\/media?parent=29"}],"wp:term":[{"taxonomy":"category","embeddable":true,"href":"https:\/\/www.ufsm.br\/cursos\/pos-graduacao\/santa-maria\/mpcs\/wp-json\/wp\/v2\/categories?post=29"},{"taxonomy":"post_tag","embeddable":true,"href":"https:\/\/www.ufsm.br\/cursos\/pos-graduacao\/santa-maria\/mpcs\/wp-json\/wp\/v2\/tags?post=29"}],"curies":[{"name":"wp","href":"https:\/\/api.w.org\/{rel}","templated":true}]}}