{"id":356,"date":"2021-07-31T14:47:49","date_gmt":"2021-07-31T17:47:49","guid":{"rendered":"https:\/\/www.ufsm.br\/cursos\/pos-graduacao\/santa-maria\/mpcs\/?page_id=356"},"modified":"2021-10-15T20:56:07","modified_gmt":"2021-10-15T23:56:07","slug":"processo-seletivo-2021","status":"publish","type":"page","link":"https:\/\/www.ufsm.br\/cursos\/pos-graduacao\/santa-maria\/mpcs\/processo-seletivo-2021","title":{"rendered":"Processo Seletivo 2021"},"content":{"rendered":"\t\t<div data-elementor-type=\"wp-page\" data-elementor-id=\"356\" class=\"elementor elementor-356\">\n\t\t\t\t\t\t<section class=\"elementor-section elementor-top-section elementor-element elementor-element-64049e5 elementor-section-boxed elementor-section-height-default elementor-section-height-default\" data-id=\"64049e5\" data-element_type=\"section\">\n\t\t\t\t\t\t<div class=\"elementor-container elementor-column-gap-default\">\n\t\t\t\t\t<div class=\"elementor-column elementor-col-66 elementor-top-column elementor-element elementor-element-0eb712e\" data-id=\"0eb712e\" data-element_type=\"column\">\n\t\t\t<div class=\"elementor-widget-wrap elementor-element-populated\">\n\t\t\t\t\t\t<div class=\"elementor-element elementor-element-f2afa9c elementor-widget elementor-widget-heading\" data-id=\"f2afa9c\" data-element_type=\"widget\" data-widget_type=\"heading.default\">\n\t\t\t\t<div class=\"elementor-widget-container\">\n\t\t\t<h2 class=\"elementor-heading-title elementor-size-large\">\u00daltimas publica\u00e7\u00f5es<\/h2>\t\t<\/div>\n\t\t\t\t<\/div>\n\t\t\t\t<div class=\"elementor-element elementor-element-ee75631 elementor-widget elementor-widget-text-editor\" data-id=\"ee75631\" data-element_type=\"widget\" data-widget_type=\"text-editor.default\">\n\t\t\t\t<div class=\"elementor-widget-container\">\n\t\t\t\t\t\t\t<ul><li><strong><span style=\"color: #ff0000\">[NOVO]<\/span> <a href=\"https:\/\/www.ufsm.br\/app\/uploads\/sites\/345\/2021\/07\/1ChamadaSuplente_Edital-019-2021-PRPGP.pdf\">Chamada de suplentes e orienta\u00e7\u00f5es para confirma\u00e7\u00e3o de vaga e matr\u00edcula.<\/a><\/strong><\/li><li><a href=\"https:\/\/www.ufsm.br\/app\/uploads\/sites\/345\/2021\/07\/ORIENTACOES-CONFIRMACAO-VAGAS-EDITAL-019-2021.pdf\">Orienta\u00e7\u00f5es para CONFIRMA\u00c7\u00c3O DE VAGA e MATR\u00cdCULA<\/a>.<\/li><li><a href=\"https:\/\/www.ufsm.br\/app\/uploads\/sites\/345\/2021\/07\/Relacao-Final-Classificados-Edital-019-2021-PRPGP.pdf\">Rela\u00e7\u00e3o FINAL de candidatos classificados e suplentes.<\/a><\/li><li><strong>Orienta\u00e7\u00f5es para interposi\u00e7\u00e3o de recurso administrativo:<\/strong><ul><li><strong>Conforme item 6.1 do nosso edital espec\u00edfico 019.52\/2021<\/strong>, &#8220;O candidato que desejar contestar o resultado final e a lista de candidatos classificados e suplentes, divulgada pela PRPGP, poder\u00e1 interpor recurso administrativo <strong>atrav\u00e9s de e-mail ao endere\u00e7o <a href=\"mailto:mpcs@ufsm.br\">mpcs@ufsm.br<\/a> com o assunto \u201cRecurso Edital 019\/2021\u201d e \u201cnome <\/strong><strong>do candidato\u201d,<\/strong> <strong>at\u00e9 \u00e0s 23h59min do dia 21 de setembro de 2021<\/strong>.\u00a0<\/li><li>No corpo do e-mail dever\u00e1 ser informado a manifesta\u00e7\u00e3o sobre o recurso interposto. Caso for anexar documentos, fazer <strong>em arquivo formato PDF (leg\u00edvel)<\/strong>.<\/li><li><strong>Em regra, por seguran\u00e7a, o candidato deve enviar o recurso utilizando o mesmo endere\u00e7o de e-mail fornecido no ato da inscri\u00e7\u00e3o.<\/strong><\/li><\/ul><\/li><li><strong><a href=\"https:\/\/www.ufsm.br\/app\/uploads\/sites\/345\/2021\/07\/RelClassificadosEdital-019-2021-PRPGP.pdf\">PRPGP divulga rela\u00e7\u00e3o dos CLASSIFICADOS e SUPLENTES<\/a><\/strong><\/li><li><strong><a href=\"https:\/\/www.ufsm.br\/app\/uploads\/sites\/566\/2021\/09\/Divulgacao-notas-2021-SITE.pdf\">Divulga\u00e7\u00e3o das notas<\/a><\/strong><\/li><li><a href=\"https:\/\/www.ufsm.br\/app\/uploads\/sites\/566\/2021\/08\/Portaria-117-Comissao-de-Selecao-2021.pdf\">Portaria Comiss\u00e3o de Sele\u00e7\u00e3o<\/a><\/li><li><a href=\"https:\/\/www.ufsm.br\/app\/uploads\/sites\/345\/2021\/07\/RelFinalInscritos-Edital-019-2021-PRPGP.pdf\"><strong>Rela\u00e7\u00e3o FINAL das inscri\u00e7\u00f5es homologadas<\/strong><\/a><\/li><li><a href=\"https:\/\/www.ufsm.br\/app\/uploads\/sites\/345\/2021\/07\/RelInscritos-Edital-019-2021-PRPGP.pdf\">Rela\u00e7\u00e3o das inscri\u00e7\u00f5es homologadas<\/a><\/li><li><a href=\"https:\/\/www.ufsm.br\/app\/uploads\/sites\/345\/2021\/07\/Relacao-de-ISENTOS-ao-Edital-019-21.pdf\">Resultado das solicita\u00e7\u00f5es de isen\u00e7\u00e3o da taxa de inscri\u00e7\u00e3o<\/a><\/li><li><a href=\"https:\/\/www.ufsm.br\/pro-reitorias\/prpgp\/editais\/019-2021\/\"><strong>Edital publicado 30\/07\/2021 20:07 &#8211; P\u00e1gina oficial do processo seletivo<\/strong><\/a><ul><li><a href=\"https:\/\/portal.ufsm.br\/documentos\/download.html?action=arquivosIndexados&amp;download=false&amp;id=13653324\">Edital <strong>Geral<\/strong> 019\/2021<\/a> com as regras comuns \u00e0 todos os cursos<\/li><li><a href=\"https:\/\/www.ufsm.br\/app\/uploads\/sites\/345\/2021\/07\/EdEsp-19.52-2021-MestCienSaude.pdf\">Edital <strong>Espec\u00edfico<\/strong> 019.<strong>52<\/strong>\/2021<\/a> com os crit\u00e9rios espec\u00edficos para a sele\u00e7\u00e3o do MPCS.<\/li><li><a href=\"https:\/\/portal.ufsm.br\/concursos\/inscricao\/opcoes.html?edicao=4147\">Sistema de Inscri\u00e7\u00f5es<\/a><\/li><li><a href=\"https:\/\/www.ufsm.br\/app\/uploads\/sites\/345\/2021\/07\/Orientacoes-inscricao-envio-arquivos-online.pdf\">Orienta\u00e7\u00f5es para inscri\u00e7\u00e3o e envio da documenta\u00e7\u00e3o online.<\/a><\/li><\/ul><\/li><\/ul>\t\t\t\t\t\t<\/div>\n\t\t\t\t<\/div>\n\t\t\t\t\t<\/div>\n\t\t<\/div>\n\t\t\t\t<div class=\"elementor-column elementor-col-33 elementor-top-column elementor-element elementor-element-6ce60c0\" data-id=\"6ce60c0\" data-element_type=\"column\">\n\t\t\t<div class=\"elementor-widget-wrap elementor-element-populated\">\n\t\t\t\t\t\t<div class=\"elementor-element elementor-element-5dd9839 elementor-widget elementor-widget-heading\" data-id=\"5dd9839\" data-element_type=\"widget\" data-widget_type=\"heading.default\">\n\t\t\t\t<div class=\"elementor-widget-container\">\n\t\t\t<h2 class=\"elementor-heading-title elementor-size-large\">Candidatos<\/h2>\t\t<\/div>\n\t\t\t\t<\/div>\n\t\t\t\t<div class=\"elementor-element elementor-element-fbae095 elementor-widget elementor-widget-counter\" data-id=\"fbae095\" data-element_type=\"widget\" data-widget_type=\"counter.default\">\n\t\t\t\t<div class=\"elementor-widget-container\">\n\t\t\t\t\t<div class=\"elementor-counter\">\n\t\t\t\t\t\t<div class=\"elementor-counter-number-wrapper\">\n\t\t\t\t<span class=\"elementor-counter-number-prefix\"><\/span>\n\t\t\t\t<span class=\"elementor-counter-number\" data-duration=\"2000\" data-to-value=\"23\" data-from-value=\"0\" data-delimiter=\".\">0<\/span>\n\t\t\t\t<span class=\"elementor-counter-number-suffix\"> inscritos<\/span>\n\t\t\t<\/div>\n\t\t<\/div>\n\t\t\t\t<\/div>\n\t\t\t\t<\/div>\n\t\t\t\t<div class=\"elementor-element elementor-element-006b0c0 elementor-widget elementor-widget-heading\" data-id=\"006b0c0\" data-element_type=\"widget\" data-settings=\"{&quot;_animation&quot;:&quot;none&quot;}\" data-widget_type=\"heading.default\">\n\t\t\t\t<div class=\"elementor-widget-container\">\n\t\t\t<h2 class=\"elementor-heading-title elementor-size-large\">candidato\/vaga<\/h2>\t\t<\/div>\n\t\t\t\t<\/div>\n\t\t\t\t<div class=\"elementor-element elementor-element-dcfe858 elementor-icon-list--layout-traditional elementor-list-item-link-full_width elementor-widget elementor-widget-icon-list\" data-id=\"dcfe858\" data-element_type=\"widget\" data-widget_type=\"icon-list.default\">\n\t\t\t\t<div class=\"elementor-widget-container\">\n\t\t\t\t\t<ul class=\"elementor-icon-list-items\">\n\t\t\t\t\t\t\t<li class=\"elementor-icon-list-item\">\n\t\t\t\t\t\t\t\t\t\t\t<span class=\"elementor-icon-list-icon\">\n\t\t\t\t\t\t\t<i aria-hidden=\"true\" class=\"fas fa-user-graduate\"><\/i>\t\t\t\t\t\t<\/span>\n\t\t\t\t\t\t\t\t\t\t<span class=\"elementor-icon-list-text\">3\/1 Prof\u00aa Cristine Konopka<\/span>\n\t\t\t\t\t\t\t\t\t<\/li>\n\t\t\t\t\t\t\t\t<li class=\"elementor-icon-list-item\">\n\t\t\t\t\t\t\t\t\t\t\t<span class=\"elementor-icon-list-icon\">\n\t\t\t\t\t\t\t<i aria-hidden=\"true\" class=\"fas fa-user-graduate\"><\/i>\t\t\t\t\t\t<\/span>\n\t\t\t\t\t\t\t\t\t\t<span class=\"elementor-icon-list-text\">1\/1 Frabcisci Gallarreta<\/span>\n\t\t\t\t\t\t\t\t\t<\/li>\n\t\t\t\t\t\t\t\t<li class=\"elementor-icon-list-item\">\n\t\t\t\t\t\t\t\t\t\t\t<span class=\"elementor-icon-list-icon\">\n\t\t\t\t\t\t\t<i aria-hidden=\"true\" class=\"fas fa-user-graduate\"><\/i>\t\t\t\t\t\t<\/span>\n\t\t\t\t\t\t\t\t\t\t<span class=\"elementor-icon-list-text\">4\/1 Prof Diego Chemello<\/span>\n\t\t\t\t\t\t\t\t\t<\/li>\n\t\t\t\t\t\t\t\t<li class=\"elementor-icon-list-item\">\n\t\t\t\t\t\t\t\t\t\t\t<span class=\"elementor-icon-list-icon\">\n\t\t\t\t\t\t\t<i aria-hidden=\"true\" class=\"fas fa-user-graduate\"><\/i>\t\t\t\t\t\t<\/span>\n\t\t\t\t\t\t\t\t\t\t<span class=\"elementor-icon-list-text\">4\/1 Prof\u00aa Liziane Flores<\/span>\n\t\t\t\t\t\t\t\t\t<\/li>\n\t\t\t\t\t\t\t\t<li class=\"elementor-icon-list-item\">\n\t\t\t\t\t\t\t\t\t\t\t<span class=\"elementor-icon-list-icon\">\n\t\t\t\t\t\t\t<i aria-hidden=\"true\" class=\"fas fa-user-graduate\"><\/i>\t\t\t\t\t\t<\/span>\n\t\t\t\t\t\t\t\t\t\t<span class=\"elementor-icon-list-text\">3\/2 Prof\u00aa Luciane Jacobi<\/span>\n\t\t\t\t\t\t\t\t\t<\/li>\n\t\t\t\t\t\t\t\t<li class=\"elementor-icon-list-item\">\n\t\t\t\t\t\t\t\t\t\t\t<span class=\"elementor-icon-list-icon\">\n\t\t\t\t\t\t\t<i aria-hidden=\"true\" class=\"fas fa-user-graduate\"><\/i>\t\t\t\t\t\t<\/span>\n\t\t\t\t\t\t\t\t\t\t<span class=\"elementor-icon-list-text\">2\/1 Prof Marcos d\u00b4Ornellas<\/span>\n\t\t\t\t\t\t\t\t\t<\/li>\n\t\t\t\t\t\t\t\t<li class=\"elementor-icon-list-item\">\n\t\t\t\t\t\t\t\t\t\t\t<span class=\"elementor-icon-list-icon\">\n\t\t\t\t\t\t\t<i aria-hidden=\"true\" class=\"fas fa-user-graduate\"><\/i>\t\t\t\t\t\t<\/span>\n\t\t\t\t\t\t\t\t\t\t<span class=\"elementor-icon-list-text\">5\/2 Prof\u00aa Maristela Beck<\/span>\n\t\t\t\t\t\t\t\t\t<\/li>\n\t\t\t\t\t\t\t\t<li class=\"elementor-icon-list-item\">\n\t\t\t\t\t\t\t\t\t\t\t<span class=\"elementor-icon-list-icon\">\n\t\t\t\t\t\t\t<i aria-hidden=\"true\" class=\"far fa-thumbs-down\"><\/i>\t\t\t\t\t\t<\/span>\n\t\t\t\t\t\t\t\t\t\t<span class=\"elementor-icon-list-text\">1 inscri\u00e7\u00e3o indeferida<\/span>\n\t\t\t\t\t\t\t\t\t<\/li>\n\t\t\t\t\t\t<\/ul>\n\t\t\t\t<\/div>\n\t\t\t\t<\/div>\n\t\t\t\t\t<\/div>\n\t\t<\/div>\n\t\t\t\t\t<\/div>\n\t\t<\/section>\n\t\t\t\t<section class=\"elementor-section elementor-top-section elementor-element elementor-element-942b061 elementor-section-boxed elementor-section-height-default elementor-section-height-default\" data-id=\"942b061\" data-element_type=\"section\">\n\t\t\t\t\t\t<div class=\"elementor-container elementor-column-gap-default\">\n\t\t\t\t\t<div class=\"elementor-column elementor-col-100 elementor-top-column elementor-element elementor-element-8b03fd9\" data-id=\"8b03fd9\" data-element_type=\"column\">\n\t\t\t<div class=\"elementor-widget-wrap elementor-element-populated\">\n\t\t\t\t\t\t<div class=\"elementor-element elementor-element-10be721 elementor-widget elementor-widget-image\" data-id=\"10be721\" data-element_type=\"widget\" data-widget_type=\"image.default\">\n\t\t\t\t<div class=\"elementor-widget-container\">\n\t\t\t\t\t\t\t\t\t\t\t\t\t<img fetchpriority=\"high\" decoding=\"async\" width=\"699\" height=\"646\" src=\"https:\/\/www.ufsm.br\/app\/uploads\/sites\/566\/2021\/08\/Cronograma-edital-2021.png\" class=\"attachment-large size-large wp-image-403\" alt=\"\" srcset=\"https:\/\/www.ufsm.br\/app\/uploads\/sites\/566\/2021\/08\/Cronograma-edital-2021.png 699w, https:\/\/www.ufsm.br\/app\/uploads\/sites\/566\/2021\/08\/Cronograma-edital-2021-300x277.png 300w\" sizes=\"(max-width: 699px) 100vw, 699px\" \/>\t\t\t\t\t\t\t\t\t\t\t\t\t<\/div>\n\t\t\t\t<\/div>\n\t\t\t\t\t<\/div>\n\t\t<\/div>\n\t\t\t\t\t<\/div>\n\t\t<\/section>\n\t\t\t\t<\/div>\n\t\t","protected":false},"excerpt":{"rendered":"<p>\u00daltimas publica\u00e7\u00f5es [NOVO] Chamada de suplentes e orienta\u00e7\u00f5es para confirma\u00e7\u00e3o de vaga e matr\u00edcula. Orienta\u00e7\u00f5es para CONFIRMA\u00c7\u00c3O DE VAGA e MATR\u00cdCULA. Rela\u00e7\u00e3o FINAL de candidatos classificados e suplentes. Orienta\u00e7\u00f5es para interposi\u00e7\u00e3o de recurso administrativo: Conforme item 6.1 do nosso edital espec\u00edfico 019.52\/2021, &#8220;O candidato que desejar contestar o resultado final e a lista de candidatos [&hellip;]<\/p>\n","protected":false},"author":990,"featured_media":423,"parent":0,"menu_order":0,"comment_status":"closed","ping_status":"closed","template":"","meta":{"footnotes":""},"categories":[71],"tags":[80],"class_list":["post-356","page","type-page","status-publish","has-post-thumbnail","hentry","category-paginas","tag-processo-seletivo-2021"],"acf":[],"_links":{"self":[{"href":"https:\/\/www.ufsm.br\/cursos\/pos-graduacao\/santa-maria\/mpcs\/wp-json\/wp\/v2\/pages\/356","targetHints":{"allow":["GET"]}}],"collection":[{"href":"https:\/\/www.ufsm.br\/cursos\/pos-graduacao\/santa-maria\/mpcs\/wp-json\/wp\/v2\/pages"}],"about":[{"href":"https:\/\/www.ufsm.br\/cursos\/pos-graduacao\/santa-maria\/mpcs\/wp-json\/wp\/v2\/types\/page"}],"author":[{"embeddable":true,"href":"https:\/\/www.ufsm.br\/cursos\/pos-graduacao\/santa-maria\/mpcs\/wp-json\/wp\/v2\/users\/990"}],"replies":[{"embeddable":true,"href":"https:\/\/www.ufsm.br\/cursos\/pos-graduacao\/santa-maria\/mpcs\/wp-json\/wp\/v2\/comments?post=356"}],"version-history":[{"count":0,"href":"https:\/\/www.ufsm.br\/cursos\/pos-graduacao\/santa-maria\/mpcs\/wp-json\/wp\/v2\/pages\/356\/revisions"}],"wp:featuredmedia":[{"embeddable":true,"href":"https:\/\/www.ufsm.br\/cursos\/pos-graduacao\/santa-maria\/mpcs\/wp-json\/wp\/v2\/media\/423"}],"wp:attachment":[{"href":"https:\/\/www.ufsm.br\/cursos\/pos-graduacao\/santa-maria\/mpcs\/wp-json\/wp\/v2\/media?parent=356"}],"wp:term":[{"taxonomy":"category","embeddable":true,"href":"https:\/\/www.ufsm.br\/cursos\/pos-graduacao\/santa-maria\/mpcs\/wp-json\/wp\/v2\/categories?post=356"},{"taxonomy":"post_tag","embeddable":true,"href":"https:\/\/www.ufsm.br\/cursos\/pos-graduacao\/santa-maria\/mpcs\/wp-json\/wp\/v2\/tags?post=356"}],"curies":[{"name":"wp","href":"https:\/\/api.w.org\/{rel}","templated":true}]}}