{"id":627,"date":"2023-09-13T13:10:48","date_gmt":"2023-09-13T16:10:48","guid":{"rendered":"https:\/\/www.ufsm.br\/cursos\/pos-graduacao\/santa-maria\/mpcs\/?page_id=627"},"modified":"2024-09-30T22:04:12","modified_gmt":"2024-10-01T01:04:12","slug":"processo-seletivo-2024","status":"publish","type":"page","link":"https:\/\/www.ufsm.br\/cursos\/pos-graduacao\/santa-maria\/mpcs\/processo-seletivo-2024","title":{"rendered":"Processo Seletivo 2024"},"content":{"rendered":"\t\t<div data-elementor-type=\"wp-page\" data-elementor-id=\"627\" class=\"elementor elementor-627\">\n\t\t\t\t\t\t<section class=\"elementor-section elementor-top-section elementor-element elementor-element-161c719 elementor-section-boxed elementor-section-height-default elementor-section-height-default\" data-id=\"161c719\" data-element_type=\"section\">\n\t\t\t\t\t\t<div class=\"elementor-container elementor-column-gap-default\">\n\t\t\t\t\t<div class=\"elementor-column elementor-col-100 elementor-top-column elementor-element elementor-element-4f99187\" data-id=\"4f99187\" data-element_type=\"column\">\n\t\t\t<div class=\"elementor-widget-wrap elementor-element-populated\">\n\t\t\t\t\t\t<div class=\"elementor-element elementor-element-e43df64 elementor-widget elementor-widget-text-editor\" data-id=\"e43df64\" data-element_type=\"widget\" data-widget_type=\"text-editor.default\">\n\t\t\t\t<div class=\"elementor-widget-container\">\n\t\t\t\t\t\t\t<p style=\"padding-left: 40px\"><a href=\"https:\/\/www.ufsm.br\/pro-reitorias\/prpgp\/editais\/031-2023\">Pagina<strong>\u00a0oficial do Edital 031\/2023 \u2013 Processo Seletivo de P\u00f3s-Gradua\u00e7\u00e3o \u2013 Ingresso 2024.<\/strong><\/a><\/p><ul><li><a href=\"https:\/\/www.ufsm.br\/app\/uploads\/sites\/345\/2023\/08\/1-EDIT_031_2023_retif.pdf\">Edital <strong>GERAL<\/strong><\/a>. (com as regras comuns \u00e0 todos os cursos).<\/li><li><a href=\"https:\/\/www.ufsm.br\/app\/uploads\/sites\/345\/2023\/08\/MEST_CIESAUDE_031_2023_RETIF.pdf\">Edital <strong>ESPEC\u00cdFICO<\/strong> do curso com os crit\u00e9rios de sele\u00e7\u00e3o .<\/a>\u00a0<b>[RETIFICADO]<\/b><\/li><li><a href=\"https:\/\/www.ufsm.br\/app\/uploads\/sites\/345\/2023\/08\/RETIF_MEST_CIESAUDE_031_2023.pdf\">Retifica\u00e7\u00e3o 12\/07<\/a><\/li><li><a href=\"https:\/\/www.ufsm.br\/app\/uploads\/sites\/345\/2023\/08\/MEST_CIESAUDE_3JAN_031_2023.pdf\">Vagas e Cronograma<\/a> &#8211; 3\u00aa janela, ingresso\u00a0 em setembro\/2024.<\/li><li><a href=\"https:\/\/portal.ufsm.br\/concursos\/inscricao\/opcoes.html?edicao=4894\">3\u00aa janela &#8211; SISTEMA DE INSCRI\u00c7\u00c3O<\/a><\/li><li><a href=\"https:\/\/www.ufsm.br\/app\/uploads\/sites\/566\/2024\/07\/Portaria-142-Designar-Comisso-Selecao-MPCS.pdf\">Comiss\u00e3o de Sele\u00e7\u00e3o<\/a><\/li><li><a href=\"https:\/\/www.ufsm.br\/app\/uploads\/sites\/345\/2023\/08\/RELAC_PREV_INSCRI_3J_2023_031.pdf\">Lista preliminar dos candidatos inscritos<\/a><\/li><li><a href=\"https:\/\/www.ufsm.br\/app\/uploads\/sites\/345\/2023\/08\/RELAC_FINAL_INSCRI_3J_2023_031.pdf\">Lista final dos candidatos inscritos<\/a><\/li><li><a href=\"https:\/\/www.ufsm.br\/app\/uploads\/sites\/566\/2024\/08\/Candidatos-aptos-a-realizarem-a-prova-de-Defesa-Oral-do-Pre-Projeto.pdf\">Candidatos aptos a realizarem a Prova de Defesa Oral do Pr\u00e9-Projeto de Pesquisa.<\/a><\/li><li><a href=\"https:\/\/www.ufsm.br\/app\/uploads\/sites\/566\/2024\/08\/Prova-de-defesa-oral-do-pre-projeto-de-pesquisa-Cronograma-das-apresentacoes-Planilhas-Google.pdf\">Cronograma e orienta\u00e7\u00f5es para a apresenta\u00e7\u00e3o do pr\u00e9-projeto de pesquisa.<\/a><\/li><li><a href=\"https:\/\/www.ufsm.br\/app\/uploads\/sites\/566\/2024\/08\/DIVULGACAO-NOTAS-parciais-2024-SITE.pdf\">Notas preliminares<\/a><\/li><li><a href=\"https:\/\/www.ufsm.br\/app\/uploads\/sites\/566\/2024\/08\/FORMULARIO-RECURSO-notas-preliminares-2024.pdf\">Formul\u00e1rio para interposi\u00e7\u00e3o de recurso.<\/a><\/li><li><a href=\"https:\/\/www.ufsm.br\/app\/uploads\/sites\/566\/2024\/08\/DIVULGACAO-NOTAS-FINAIS-2024-SITE.pdf\">Notas FINAIS do processo seletivo 2024<\/a><\/li><li><a href=\"https:\/\/www.ufsm.br\/app\/uploads\/sites\/345\/2023\/08\/RELA_PREV_CLASS_3J_2_031_2023.pdf\">Rela\u00e7\u00e3o pr\u00e9via de classificados(as) e suplentes<\/a><\/li><li>Recursos at\u00e9 30\/08 conforme <span style=\"text-decoration: underline\"><a href=\"https:\/\/www.ufsm.br\/app\/uploads\/sites\/345\/2023\/08\/1-EDIT_031_2023_retif.pdf\">item 3.4 do Edital 031\/2023<\/a><\/span>.<\/li><li><a href=\"https:\/\/www.ufsm.br\/app\/uploads\/sites\/345\/2023\/08\/RELA_FINAL_CLASS_3J_2_031_2023.pdf\"><b>Rela\u00e7\u00e3o final de classificados(as) e suplentes<\/b><\/a><\/li><li><a href=\"https:\/\/www.ufsm.br\/app\/uploads\/sites\/345\/2023\/08\/3-anexo2-confirmacaovaga.pdf\"><b>Passo a passo para confirma\u00e7\u00e3o de vaga<\/b><\/a><\/li><li><a href=\"https:\/\/portal.ufsm.br\/confirmacao\/selecionaFormaConfirmacao.html\"><strong>Portal da Confirma\u00e7\u00e3o de vaga<\/strong><\/a><\/li><li><strong><a href=\"https:\/\/www.ufsm.br\/app\/uploads\/sites\/345\/2023\/08\/2CHAMADA_SUPLENTE_031_2023_PG_3janela.pdf\">Chamada de SUPLENTES<\/a><\/strong><\/li><\/ul><p><strong>Cronograma da 3\u00aa janela de sele\u00e7\u00e3o:<\/strong><\/p><ul><li>12\/07 \u2013 Divulga\u00e7\u00e3o das vagas e cronograma.<\/li><li>15\/07 a 05\/08 \u2013 Per\u00edodo de inscri\u00e7\u00f5es.<ul><li>06\/08 &#8211; Lista preliminar dos candidatos inscritos<\/li><li>at\u00e9 \u00e0s 12h de 07\/08 &#8211; Prazo para solicita\u00e7\u00e3o de reconsidera\u00e7\u00e3o de candidatos que n\u00e3o constaram na lista preliminar de candidatos inscritos<\/li><li>14h de 07\/08 &#8211;\u00a0Lista final de candidatos inscritos<\/li><\/ul><\/li><li>07\/08 &#8211; Publica\u00e7\u00e3o aqui site do MPCS (ufsm.br\/mpcs) das orienta\u00e7\u00f5es para a prova de defesa oral do pr\u00e9-projeto de pesquisa, local, sala(s) e hor\u00e1rio(s).<\/li><li>de 08 a 28\/08 &#8211; Per\u00edodo de sele\u00e7\u00e3o interna do curso<ul><li>de 08 a 21\/08 &#8211; Per\u00edodo para a avalia\u00e7\u00e3o da reda\u00e7\u00e3o do pr\u00e9-projeto de pesquisa e avalia\u00e7\u00e3o curricular, conforme respectivas fichas de avalia\u00e7\u00e3o.<\/li><li>22\/08 &#8211; Divulga\u00e7\u00e3o preliminar das notas.<\/li><li>de 23 a 26\/08 &#8211; Per\u00edodo para reconsidera\u00e7\u00e3o das notas preliminares.<\/li><li>27\/08 &#8211; Divulga\u00e7\u00e3o das notas finais ap\u00f3s reconsidera\u00e7\u00e3o.<\/li><li>28\/08 &#8211; Envio dos classificados e suplente para a PRPGP.<\/li><li>29\/08 &#8211; Lista preliminar de candidatos classificados e suplentes.<\/li><li>at\u00e9 30\/08 &#8211; Per\u00edodo de recurso \u00e0 lista preliminar de candidatos classificados e suplentes.<\/li><li>at\u00e9 05\/09 &#8211; Per\u00edodo de an\u00e1lise recursos pelo Colegiado do curso.<\/li><li>06\/09 &#8211; Lista final de candidatos classificados e suplentes.<\/li><\/ul><\/li><li>09 e 10\/09 &#8211; Confirma\u00e7\u00e3o de vaga<ul><li>de 09 a 11\/09 &#8211; Webconfer\u00eancias dos candidatos classificados em vagas reservadas \u00e0s a\u00e7\u00f5es afirmativas (comiss\u00f5es PRPGP).<\/li><\/ul><\/li><li>de 09 a 13\/13 &#8211; Matr\u00edculas e in\u00edcio do semestre, conforme orienta\u00e7\u00f5es do curso por e-mail.<\/li><li><strong>16\/09 &#8211; in\u00edcio da chamada dos suplentes.<\/strong><\/li><\/ul>\t\t\t\t\t\t<\/div>\n\t\t\t\t<\/div>\n\t\t\t\t\t<\/div>\n\t\t<\/div>\n\t\t\t\t\t<\/div>\n\t\t<\/section>\n\t\t\t\t<\/div>\n\t\t","protected":false},"excerpt":{"rendered":"<p>Pagina\u00a0oficial do Edital 031\/2023 \u2013 Processo Seletivo de P\u00f3s-Gradua\u00e7\u00e3o \u2013 Ingresso 2024. Edital GERAL. (com as regras comuns \u00e0 todos os cursos). Edital ESPEC\u00cdFICO do curso com os crit\u00e9rios de sele\u00e7\u00e3o .\u00a0[RETIFICADO] Retifica\u00e7\u00e3o 12\/07 Vagas e Cronograma &#8211; 3\u00aa janela, ingresso\u00a0 em setembro\/2024. 3\u00aa janela &#8211; SISTEMA DE INSCRI\u00c7\u00c3O Comiss\u00e3o de Sele\u00e7\u00e3o Lista preliminar dos [&hellip;]<\/p>\n","protected":false},"author":990,"featured_media":0,"parent":0,"menu_order":0,"comment_status":"closed","ping_status":"closed","template":"","meta":{"footnotes":""},"categories":[71],"tags":[],"class_list":["post-627","page","type-page","status-publish","hentry","category-paginas"],"acf":[],"_links":{"self":[{"href":"https:\/\/www.ufsm.br\/cursos\/pos-graduacao\/santa-maria\/mpcs\/wp-json\/wp\/v2\/pages\/627","targetHints":{"allow":["GET"]}}],"collection":[{"href":"https:\/\/www.ufsm.br\/cursos\/pos-graduacao\/santa-maria\/mpcs\/wp-json\/wp\/v2\/pages"}],"about":[{"href":"https:\/\/www.ufsm.br\/cursos\/pos-graduacao\/santa-maria\/mpcs\/wp-json\/wp\/v2\/types\/page"}],"author":[{"embeddable":true,"href":"https:\/\/www.ufsm.br\/cursos\/pos-graduacao\/santa-maria\/mpcs\/wp-json\/wp\/v2\/users\/990"}],"replies":[{"embeddable":true,"href":"https:\/\/www.ufsm.br\/cursos\/pos-graduacao\/santa-maria\/mpcs\/wp-json\/wp\/v2\/comments?post=627"}],"version-history":[{"count":0,"href":"https:\/\/www.ufsm.br\/cursos\/pos-graduacao\/santa-maria\/mpcs\/wp-json\/wp\/v2\/pages\/627\/revisions"}],"wp:attachment":[{"href":"https:\/\/www.ufsm.br\/cursos\/pos-graduacao\/santa-maria\/mpcs\/wp-json\/wp\/v2\/media?parent=627"}],"wp:term":[{"taxonomy":"category","embeddable":true,"href":"https:\/\/www.ufsm.br\/cursos\/pos-graduacao\/santa-maria\/mpcs\/wp-json\/wp\/v2\/categories?post=627"},{"taxonomy":"post_tag","embeddable":true,"href":"https:\/\/www.ufsm.br\/cursos\/pos-graduacao\/santa-maria\/mpcs\/wp-json\/wp\/v2\/tags?post=627"}],"curies":[{"name":"wp","href":"https:\/\/api.w.org\/{rel}","templated":true}]}}