{"id":719,"date":"2024-04-26T16:05:59","date_gmt":"2024-04-26T19:05:59","guid":{"rendered":"https:\/\/www.ufsm.br\/cursos\/pos-graduacao\/santa-maria\/mpcs\/?page_id=719"},"modified":"2026-03-25T15:43:02","modified_gmt":"2026-03-25T18:43:02","slug":"aluno-especial-i-de-pos-graduacao","status":"publish","type":"page","link":"https:\/\/www.ufsm.br\/cursos\/pos-graduacao\/santa-maria\/mpcs\/aluno-especial-i-de-pos-graduacao","title":{"rendered":"Aluno Especial I de P\u00f3s Gradua\u00e7\u00e3o"},"content":{"rendered":"\t\t<div data-elementor-type=\"wp-page\" data-elementor-id=\"719\" class=\"elementor elementor-719\">\n\t\t\t\t\t\t<section class=\"elementor-section elementor-top-section elementor-element elementor-element-67b8a8d elementor-section-boxed elementor-section-height-default elementor-section-height-default\" data-id=\"67b8a8d\" data-element_type=\"section\">\n\t\t\t\t\t\t<div class=\"elementor-container elementor-column-gap-default\">\n\t\t\t\t\t<div class=\"elementor-column elementor-col-100 elementor-top-column elementor-element elementor-element-2703637\" data-id=\"2703637\" data-element_type=\"column\">\n\t\t\t<div class=\"elementor-widget-wrap elementor-element-populated\">\n\t\t\t\t\t\t<div class=\"elementor-element elementor-element-75e7b49 elementor-widget elementor-widget-toggle\" data-id=\"75e7b49\" data-element_type=\"widget\" data-widget_type=\"toggle.default\">\n\t\t\t\t<div class=\"elementor-widget-container\">\n\t\t\t\t\t<div class=\"elementor-toggle\">\n\t\t\t\t\t\t\t<div class=\"elementor-toggle-item\">\n\t\t\t\t\t<div id=\"elementor-tab-title-1231\" class=\"elementor-tab-title\" data-tab=\"1\" role=\"button\" aria-controls=\"elementor-tab-content-1231\" aria-expanded=\"false\">\n\t\t\t\t\t\t\t\t\t\t\t\t<span class=\"elementor-toggle-icon elementor-toggle-icon-left\" aria-hidden=\"true\">\n\t\t\t\t\t\t\t\t\t\t\t\t\t\t\t<span class=\"elementor-toggle-icon-closed\"><i class=\"fas fa-caret-right\"><\/i><\/span>\n\t\t\t\t\t\t\t\t<span class=\"elementor-toggle-icon-opened\"><i class=\"elementor-toggle-icon-opened fas fa-caret-up\"><\/i><\/span>\n\t\t\t\t\t\t\t\t\t\t\t\t\t<\/span>\n\t\t\t\t\t\t\t\t\t\t\t\t<a class=\"elementor-toggle-title\" tabindex=\"0\">O que \u00e9, como funciona e quem pode<\/a>\n\t\t\t\t\t<\/div>\n\n\t\t\t\t\t<div id=\"elementor-tab-content-1231\" class=\"elementor-tab-content elementor-clearfix\" data-tab=\"1\" role=\"region\" aria-labelledby=\"elementor-tab-title-1231\"><p>A sele\u00e7\u00e3o para Aluno Especial I PG \u00e9 feita pelas Coordena\u00e7\u00f5es dos Cursos, de acordo com os\u00a0<a href=\"https:\/\/www.ufsm.br\/pro-reitorias\/prpgp\/editais\/\">editais publicados na p\u00e1gina da PRPGP<\/a>, o qual descreve as normas para inscri\u00e7\u00e3o, sele\u00e7\u00e3o e an\u00e1lise documental classificat\u00f3ria dos candidatos.<\/p><p>As vagas destinadas a esses alunos est\u00e3o condicionadas a disciplinas com saldo positivo de vagas, de acordo com o estipulado pelos cursos de p\u00f3s-gradua\u00e7\u00e3o para a quantidade de vaga em cada disciplina e com pelo menos um aluno regular\/vinculado da UFSM matriculado. Por essa raz\u00e3o, a classifica\u00e7\u00e3o para Aluno Especial I PG ocorre no in\u00edcio do semestre letivo, j\u00e1 que \u00e9 necess\u00e1rio avaliar tamb\u00e9m as matr\u00edculas e as vagas ociosas em disciplinas.<\/p><p>Veja a seguir quem pode se candidatar:<br \/><strong>I \u2013 ALUNOS DE GRADUA\u00c7\u00c3O:<\/strong> Discentes de gradua\u00e7\u00e3o de qualquer Institui\u00e7\u00e3o de Ensino Superior \u2013 IES <strong>que tenham cursado, no m\u00ednimo, 75% (setenta e cinco) dos cr\u00e9ditos necess\u00e1rios \u00e0 conclus\u00e3o do seu curso;<\/strong><br \/><strong>II \u2013 ALUNOS DE P\u00d3S-GRADUA\u00c7\u00c3O EXTERNOS:<\/strong> Discentes vinculados a programas de p\u00f3s-gradua\u00e7\u00e3o de outras IES <strong>nacionais ou estrangeiras;<\/strong><br \/><strong>III \u2013 PORTADORES DE DIPLOMA DE GRADUA\u00c7\u00c3O:<\/strong> Portadores de diploma de curso superior obtido em Institui\u00e7\u00e3o de Ensino Superior <strong>reconhecida no Brasil ou no Exterior.<\/strong><\/p><p>A crit\u00e9rio do programa de p\u00f3s-gradua\u00e7\u00e3o, considerando as disponibilidades institucionais, poder\u00e1 ser concedida a matr\u00edcula de Aluno(a) Especial I em 1 (uma) ou mais disciplinas, de acordo com o n\u00famero de vagas destinadas a aluno(a) especial I.<\/p><p><strong>Os editais s\u00e3o publicados na\u00a0<\/strong><a href=\"https:\/\/www.ufsm.br\/pro-reitorias\/prpgp\/editais\/\"><strong>p\u00e1gina de editais da PRPGP<\/strong> no link https:\/\/www.ufsm.br\/pro-reitorias\/prpgp\/editais\/<\/a><\/p><p>Normativa Legal: Artigo 88 do\u00a0<a href=\"https:\/\/www.ufsm.br\/app\/uploads\/sites\/345\/2023\/10\/RES_UFSM_2023_139_ANEXO_I_Regulamento-Geral-PG-Stricto-Sensu-UFSM-2023.pdf\">Regulamento Geral da P\u00f3s-Gradua\u00e7\u00e3o Stricto Sensu \u2013 RESOLU\u00c7\u00c3O UFSM N\u00b0 139\/2023 \u2013 ANEXO I<\/a>.<\/p><p><strong>ACESSO A BIBLIOTECA E RESTAURANTE UNIVERSIT\u00c1RIO<\/strong><\/p><p>Os alunos especiais n\u00e3o est\u00e3o habilitados a realizar o empr\u00e9stimo domiciliar nas Bibliotecas da UFSM, conforme\u00a0<a href=\"https:\/\/portal.ufsm.br\/documentos\/publico\/documento.html?id=12793018\">Regulamento de Empr\u00e9stimo de Material Bibliogr\u00e1fico<\/a>, que diz que \u201co empr\u00e9stimo domiciliar s\u00f3 poder\u00e1 ser efetuado por membros do corpo discente regularmente matriculados em curso na Institui\u00e7\u00e3o\u201d e matr\u00edcula dos alunos especiais \u00e9 vinculada \u00e0 disciplina e n\u00e3o ao curso. Maiores informa\u00e7\u00f5es no telefone (55) 3220-8651, e-mail atendimento.sib@ufsm.br e site\u00a0<a href=\"https:\/\/www.ufsm.br\/orgaos-suplementares\/biblioteca\/divisao-de-emprestimo\">https:\/\/www.ufsm.br\/orgaos-suplementares\/biblioteca\/divisao-de-emprestimo<\/a><\/p><p>De acordo com a administra\u00e7\u00e3o do Restaurante Universit\u00e1rio (RU\/UFSM),\u00a0<span class=\"il\">Aluno<\/span>\u00a0<span class=\"il\">Especial<\/span>\u00a0n\u00e3o tem direito\u00a0\u00e0s refei\u00e7\u00f5es no\u00a0<span class=\"il\">RU<\/span>. Maiores informa\u00e7\u00f5es no telefone (55) 3220-8405, e-mail secretaria.ru@ufsm.br e site\u00a0<a href=\"https:\/\/www.ufsm.br\/orgaos-suplementares\/ru\/\">https:\/\/www.ufsm.br\/orgaos-suplementares\/ru\/<\/a><\/p><\/div>\n\t\t\t\t<\/div>\n\t\t\t\t\t\t\t\t<\/div>\n\t\t\t\t<\/div>\n\t\t\t\t<\/div>\n\t\t\t\t\t<\/div>\n\t\t<\/div>\n\t\t\t\t\t<\/div>\n\t\t<\/section>\n\t\t\t\t<section class=\"elementor-section elementor-top-section elementor-element elementor-element-aa9e773 elementor-section-boxed elementor-section-height-default elementor-section-height-default\" data-id=\"aa9e773\" data-element_type=\"section\">\n\t\t\t\t\t\t<div class=\"elementor-container elementor-column-gap-default\">\n\t\t\t\t\t<div class=\"elementor-column elementor-col-100 elementor-top-column elementor-element elementor-element-19471f7\" data-id=\"19471f7\" data-element_type=\"column\">\n\t\t\t<div class=\"elementor-widget-wrap elementor-element-populated\">\n\t\t\t\t\t\t<div class=\"elementor-element elementor-element-141676a elementor-widget-divider--view-line_text elementor-widget-divider--element-align-center elementor-widget elementor-widget-divider\" data-id=\"141676a\" data-element_type=\"widget\" data-widget_type=\"divider.default\">\n\t\t\t\t<div class=\"elementor-widget-container\">\n\t\t\t\t\t<div class=\"elementor-divider\">\n\t\t\t<span class=\"elementor-divider-separator\">\n\t\t\t\t\t\t\t<h1 class=\"elementor-divider__text elementor-divider__element\">\n\t\t\t\t<strong>E D I T A I S\t\t\t\t<\/h1>\n\t\t\t\t\t\t<\/span>\n\t\t<\/div>\n\t\t\t\t<\/div>\n\t\t\t\t<\/div>\n\t\t\t\t\t<\/div>\n\t\t<\/div>\n\t\t\t\t\t<\/div>\n\t\t<\/section>\n\t\t\t\t<section class=\"elementor-section elementor-top-section elementor-element elementor-element-419ac06 elementor-section-boxed elementor-section-height-default elementor-section-height-default\" data-id=\"419ac06\" data-element_type=\"section\">\n\t\t\t\t\t\t<div class=\"elementor-container elementor-column-gap-default\">\n\t\t\t\t\t<div class=\"elementor-column elementor-col-100 elementor-top-column elementor-element elementor-element-6779b9b\" data-id=\"6779b9b\" data-element_type=\"column\">\n\t\t\t<div class=\"elementor-widget-wrap elementor-element-populated\">\n\t\t\t\t\t\t<div class=\"elementor-element elementor-element-b4290d1 elementor-tabs-view-horizontal elementor-widget elementor-widget-tabs\" data-id=\"b4290d1\" data-element_type=\"widget\" data-widget_type=\"tabs.default\">\n\t\t\t\t<div class=\"elementor-widget-container\">\n\t\t\t\t\t<div class=\"elementor-tabs\">\n\t\t\t<div class=\"elementor-tabs-wrapper\" role=\"tablist\" >\n\t\t\t\t\t\t\t\t\t<div id=\"elementor-tab-title-1881\" class=\"elementor-tab-title elementor-tab-desktop-title\" aria-selected=\"true\" data-tab=\"1\" role=\"tab\" tabindex=\"0\" aria-controls=\"elementor-tab-content-1881\" aria-expanded=\"false\"><strong>Aluno Especial 2026<\/strong><\/div>\n\t\t\t\t\t\t\t\t\t<div id=\"elementor-tab-title-1882\" class=\"elementor-tab-title elementor-tab-desktop-title\" aria-selected=\"false\" data-tab=\"2\" role=\"tab\" tabindex=\"-1\" aria-controls=\"elementor-tab-content-1882\" aria-expanded=\"false\">Editais passados<\/div>\n\t\t\t\t\t\t\t<\/div>\n\t\t\t<div class=\"elementor-tabs-content-wrapper\" role=\"tablist\" aria-orientation=\"vertical\">\n\t\t\t\t\t\t\t\t\t<div class=\"elementor-tab-title elementor-tab-mobile-title\" aria-selected=\"true\" data-tab=\"1\" role=\"tab\" tabindex=\"0\" aria-controls=\"elementor-tab-content-1881\" aria-expanded=\"false\"><strong>Aluno Especial 2026<\/strong><\/div>\n\t\t\t\t\t<div id=\"elementor-tab-content-1881\" class=\"elementor-tab-content elementor-clearfix\" data-tab=\"1\" role=\"tabpanel\" aria-labelledby=\"elementor-tab-title-1881\" tabindex=\"0\" hidden=\"false\"><ul><li><strong>005\/2026<\/strong> \u2013 <a href=\"https:\/\/www.ufsm.br\/pro-reitorias\/prpgp\/editais\/005-2026\" target=\"_blank\" rel=\"noopener\">Edital de Estudante Especial de P\u00f3s-Gradua\u00e7\u00e3o \u2013 1\u00ba Semestre Letivo de 2026<\/a>.<\/li><li>xxx\/2026 &#8211; Pr\u00f3ximo edital previsto para 10\/07\/2026.<\/li><\/ul><\/div>\n\t\t\t\t\t\t\t\t\t<div class=\"elementor-tab-title elementor-tab-mobile-title\" aria-selected=\"false\" data-tab=\"2\" role=\"tab\" tabindex=\"-1\" aria-controls=\"elementor-tab-content-1882\" aria-expanded=\"false\">Editais passados<\/div>\n\t\t\t\t\t<div id=\"elementor-tab-content-1882\" class=\"elementor-tab-content elementor-clearfix\" data-tab=\"2\" role=\"tabpanel\" aria-labelledby=\"elementor-tab-title-1882\" tabindex=\"0\" hidden=\"hidden\"><ul><li><strong>2025<\/strong><ul><li><a href=\"https:\/\/www.ufsm.br\/pro-reitorias\/prpgp\/editais\/007-2025\">007\/2025 \u2013 Edital de Aluno Especial de P\u00f3s-Gradua\u00e7\u00e3o \u2013 1\u00ba Semestre Letivo de 2025<\/a><ul><li>D\u00favidas referente ao edital: <a href=\"mailto:ingresso.prpgp@ufsm.br\">ingresso.prpgp@ufsm.br<\/a><\/li><li>D\u00favidas referente \u00e0s disciplinas do MPCS: <a href=\"mailto:mpcs@ufsm.br\">mpcs@ufsm.br<\/a><\/li><\/ul><\/li><li><a href=\"https:\/\/www.ufsm.br\/pro-reitorias\/prpgp\/editais\/026-2025\">026\/2025 \u2013 Edital de Aluno Especial de P\u00f3s-Gradua\u00e7\u00e3o \u2013 2\u00ba Semestre Letivo de 2025<\/a><\/li><\/ul><\/li><li><strong>2024<\/strong><ul><li class=\"my-2 py-2 editais-titulo\"><a href=\"https:\/\/www.ufsm.br\/pro-reitorias\/prpgp\/editais\/003-2024\">003\/2024 \u2013 Edital de Aluno Especial de P\u00f3s-Gradua\u00e7\u00e3o \u2013 1\u00ba Semestre Letivo de 2024.<\/a><\/li><li><a href=\"https:\/\/www.ufsm.br\/pro-reitorias\/prpgp\/editais\/016-2024\">016\/2024 \u2013 Edital de Aluno Especial de P\u00f3s-Gradua\u00e7\u00e3o \u2013 2\u00ba Semestre Letivo de 2024<\/a><\/li><\/ul><\/li><\/ul><\/div>\n\t\t\t\t\t\t\t<\/div>\n\t\t<\/div>\n\t\t\t\t<\/div>\n\t\t\t\t<\/div>\n\t\t\t\t\t<\/div>\n\t\t<\/div>\n\t\t\t\t\t<\/div>\n\t\t<\/section>\n\t\t\t\t<\/div>\n\t\t","protected":false},"excerpt":{"rendered":"<p>O que \u00e9, como funciona e quem pode A sele\u00e7\u00e3o para Aluno Especial I PG \u00e9 feita pelas Coordena\u00e7\u00f5es dos Cursos, de acordo com os\u00a0editais publicados na p\u00e1gina da PRPGP, o qual descreve as normas para inscri\u00e7\u00e3o, sele\u00e7\u00e3o e an\u00e1lise documental classificat\u00f3ria dos candidatos. As vagas destinadas a esses alunos est\u00e3o condicionadas a disciplinas com [&hellip;]<\/p>\n","protected":false},"author":990,"featured_media":998,"parent":0,"menu_order":0,"comment_status":"closed","ping_status":"closed","template":"","meta":{"footnotes":""},"categories":[71],"tags":[31],"class_list":["post-719","page","type-page","status-publish","has-post-thumbnail","hentry","category-paginas","tag-aluno-especial"],"acf":[],"_links":{"self":[{"href":"https:\/\/www.ufsm.br\/cursos\/pos-graduacao\/santa-maria\/mpcs\/wp-json\/wp\/v2\/pages\/719","targetHints":{"allow":["GET"]}}],"collection":[{"href":"https:\/\/www.ufsm.br\/cursos\/pos-graduacao\/santa-maria\/mpcs\/wp-json\/wp\/v2\/pages"}],"about":[{"href":"https:\/\/www.ufsm.br\/cursos\/pos-graduacao\/santa-maria\/mpcs\/wp-json\/wp\/v2\/types\/page"}],"author":[{"embeddable":true,"href":"https:\/\/www.ufsm.br\/cursos\/pos-graduacao\/santa-maria\/mpcs\/wp-json\/wp\/v2\/users\/990"}],"replies":[{"embeddable":true,"href":"https:\/\/www.ufsm.br\/cursos\/pos-graduacao\/santa-maria\/mpcs\/wp-json\/wp\/v2\/comments?post=719"}],"version-history":[{"count":0,"href":"https:\/\/www.ufsm.br\/cursos\/pos-graduacao\/santa-maria\/mpcs\/wp-json\/wp\/v2\/pages\/719\/revisions"}],"wp:featuredmedia":[{"embeddable":true,"href":"https:\/\/www.ufsm.br\/cursos\/pos-graduacao\/santa-maria\/mpcs\/wp-json\/wp\/v2\/media\/998"}],"wp:attachment":[{"href":"https:\/\/www.ufsm.br\/cursos\/pos-graduacao\/santa-maria\/mpcs\/wp-json\/wp\/v2\/media?parent=719"}],"wp:term":[{"taxonomy":"category","embeddable":true,"href":"https:\/\/www.ufsm.br\/cursos\/pos-graduacao\/santa-maria\/mpcs\/wp-json\/wp\/v2\/categories?post=719"},{"taxonomy":"post_tag","embeddable":true,"href":"https:\/\/www.ufsm.br\/cursos\/pos-graduacao\/santa-maria\/mpcs\/wp-json\/wp\/v2\/tags?post=719"}],"curies":[{"name":"wp","href":"https:\/\/api.w.org\/{rel}","templated":true}]}}