{"id":920,"date":"2025-01-23T16:41:02","date_gmt":"2025-01-23T19:41:02","guid":{"rendered":"https:\/\/www.ufsm.br\/cursos\/pos-graduacao\/santa-maria\/mpcs\/?page_id=920"},"modified":"2025-01-23T16:41:47","modified_gmt":"2025-01-23T19:41:47","slug":"mestrado-profissional-o-que-e","status":"publish","type":"page","link":"https:\/\/www.ufsm.br\/cursos\/pos-graduacao\/santa-maria\/mpcs\/mestrado-profissional-o-que-e","title":{"rendered":"Mestrado Profissional, o que \u00e9?"},"content":{"rendered":"\n<p>O <strong>Mestrado Profissional em Ci\u00eancias da Sa\u00fade (MPCS)<\/strong> \u00e9 uma modalidade de P\u00f3s-Gradua\u00e7\u00e3o stricto sensu que visa capacitar profissionais j\u00e1 inseridos no mercado de trabalho. Seu foco est\u00e1 no estudo e na aplica\u00e7\u00e3o de t\u00e9cnicas, processos e conhecimentos que atendam \u00e0s demandas pr\u00e1ticas das \u00e1reas de sa\u00fade, contribuindo diretamente para a melhoria e inova\u00e7\u00e3o no setor.<\/p>\n<p>O objetivo do MPCS \u00e9 agregar competitividade e produtividade a organiza\u00e7\u00f5es p\u00fablicas e privadas, promovendo a articula\u00e7\u00e3o entre conhecimentos cient\u00edficos atualizados e sua aplica\u00e7\u00e3o em problemas reais da \u00e1rea de atua\u00e7\u00e3o dos profissionais-alunos. Por isso, o curso possui uma estrutura curricular que enfatiza a aplica\u00e7\u00e3o pr\u00e1tica, com docentes que, al\u00e9m de sua qualifica\u00e7\u00e3o acad\u00eamica, s\u00e3o reconhecidos por sua experi\u00eancia destacada no mercado de trabalho.<\/p>\n<p>Ao contr\u00e1rio do Mestrado Acad\u00eamico, o <strong>Mestrado Profissional<\/strong> n\u00e3o possui disciplinas obrigat\u00f3rias voltadas \u00e0 forma\u00e7\u00e3o docente, j\u00e1 que seu p\u00fablico-alvo s\u00e3o profissionais que buscam aprimoramento t\u00e9cnico-cient\u00edfico para suas pr\u00e1ticas profissionais, e n\u00e3o necessariamente uma carreira acad\u00eamica. Al\u00e9m disso, os alunos do MPCS n\u00e3o t\u00eam acesso a bolsas de estudos governamentais, considerando-se que j\u00e1 possuem atua\u00e7\u00e3o no mercado de trabalho e renda pr\u00f3pria.<\/p>\n<p>O trabalho final do curso \u00e9 voltado para a solu\u00e7\u00e3o de problemas reais relacionados \u00e0 \u00e1rea de atua\u00e7\u00e3o do aluno e pode ser apresentado em formatos diversos, de acordo com a natureza e a finalidade do curso. Essa caracter\u00edstica possibilita que os resultados obtidos tenham impacto direto e imediato na pr\u00e1tica profissional e no setor produtivo.<\/p>\n<p>O curso \u00e9 avaliado e acompanhado pela <strong>CAPES<\/strong>, conforme crit\u00e9rios espec\u00edficos estabelecidos para os Mestrados Profissionais, garantindo sua qualidade e relev\u00e2ncia no cen\u00e1rio educacional e no mercado de trabalho.<\/p>\n","protected":false},"excerpt":{"rendered":"<p>O Mestrado Profissional em Ci\u00eancias da Sa\u00fade (MPCS) \u00e9 uma modalidade de P\u00f3s-Gradua\u00e7\u00e3o stricto sensu que visa capacitar profissionais j\u00e1 inseridos no mercado de trabalho. Seu foco est\u00e1 no estudo e na aplica\u00e7\u00e3o de t\u00e9cnicas, processos e conhecimentos que atendam \u00e0s demandas pr\u00e1ticas das \u00e1reas de sa\u00fade, contribuindo diretamente para a melhoria e inova\u00e7\u00e3o no [&hellip;]<\/p>\n","protected":false},"author":990,"featured_media":0,"parent":0,"menu_order":0,"comment_status":"closed","ping_status":"closed","template":"","meta":{"footnotes":""},"categories":[71],"tags":[96],"class_list":["post-920","page","type-page","status-publish","hentry","category-paginas","tag-mestrado-profissional"],"acf":[],"_links":{"self":[{"href":"https:\/\/www.ufsm.br\/cursos\/pos-graduacao\/santa-maria\/mpcs\/wp-json\/wp\/v2\/pages\/920","targetHints":{"allow":["GET"]}}],"collection":[{"href":"https:\/\/www.ufsm.br\/cursos\/pos-graduacao\/santa-maria\/mpcs\/wp-json\/wp\/v2\/pages"}],"about":[{"href":"https:\/\/www.ufsm.br\/cursos\/pos-graduacao\/santa-maria\/mpcs\/wp-json\/wp\/v2\/types\/page"}],"author":[{"embeddable":true,"href":"https:\/\/www.ufsm.br\/cursos\/pos-graduacao\/santa-maria\/mpcs\/wp-json\/wp\/v2\/users\/990"}],"replies":[{"embeddable":true,"href":"https:\/\/www.ufsm.br\/cursos\/pos-graduacao\/santa-maria\/mpcs\/wp-json\/wp\/v2\/comments?post=920"}],"version-history":[{"count":0,"href":"https:\/\/www.ufsm.br\/cursos\/pos-graduacao\/santa-maria\/mpcs\/wp-json\/wp\/v2\/pages\/920\/revisions"}],"wp:attachment":[{"href":"https:\/\/www.ufsm.br\/cursos\/pos-graduacao\/santa-maria\/mpcs\/wp-json\/wp\/v2\/media?parent=920"}],"wp:term":[{"taxonomy":"category","embeddable":true,"href":"https:\/\/www.ufsm.br\/cursos\/pos-graduacao\/santa-maria\/mpcs\/wp-json\/wp\/v2\/categories?post=920"},{"taxonomy":"post_tag","embeddable":true,"href":"https:\/\/www.ufsm.br\/cursos\/pos-graduacao\/santa-maria\/mpcs\/wp-json\/wp\/v2\/tags?post=920"}],"curies":[{"name":"wp","href":"https:\/\/api.w.org\/{rel}","templated":true}]}}