{"id":922,"date":"2025-01-23T16:54:45","date_gmt":"2025-01-23T19:54:45","guid":{"rendered":"https:\/\/www.ufsm.br\/cursos\/pos-graduacao\/santa-maria\/mpcs\/?page_id=922"},"modified":"2025-01-23T16:56:49","modified_gmt":"2025-01-23T19:56:49","slug":"linhas-de-pesquisa","status":"publish","type":"page","link":"https:\/\/www.ufsm.br\/cursos\/pos-graduacao\/santa-maria\/mpcs\/linhas-de-pesquisa","title":{"rendered":"Linhas de Pesquisa"},"content":{"rendered":"\n<p><strong>\u00c1rea de concentra\u00e7\u00e3o: PROMO\u00c7\u00c3O E TECNOLOGIA EM SA\u00daDE<\/strong><\/p>\n<p><strong>LINHA 1<\/strong><\/p>\n<ul>\n<li><strong><span class=\"fontstyle0\">M\u00c9TODOS E T\u00c9CNCIAS DIAGN\u00d3STICAS E TERAP\u00caUTICAS<\/span> <\/strong><br \/>\n<ul>\n<li><span class=\"fontstyle0\">Esta linha de pesquisa abrange o estudo, an\u00e1lise e desenvolvimento de m\u00e9todos e t\u00e9cnicas que visam o aprimoramento do diagn\u00f3stico e da terap\u00eautica envolvida nos processos de sa\u00fade e doen\u00e7a do viver humano.<\/span><\/li>\n<\/ul>\n<\/li>\n<\/ul>\n<p><strong>LINHA 2<\/strong><\/p>\n<ul>\n<li><strong><span class=\"fontstyle0\">PROMO\u00c7\u00c3O DA SA\u00daDE<\/span> <\/strong><br \/>\n<ul>\n<li><span class=\"fontstyle0\">Esta linha de pesquisa constitui-se em um campo interdisciplinar de conhecimentos e pr\u00e1ticas que tem como foco o processo sa\u00fade-doen\u00e7a e suas rela\u00e7\u00f5es, durante o ciclo vital. Desenvolve-se \u00e0 partir do estudo, an\u00e1lise e aprofundamento das a\u00e7\u00f5es na \u00e1rea da sa\u00fade, possibilitando a constru\u00e7\u00e3o, incorpora\u00e7\u00e3o e difus\u00e3o de novos conhecimentos e pr\u00e1ticas relacionadas, visando a promo\u00e7\u00e3o da sa\u00fade e qualidade de vida das pessoas.<\/span><\/li>\n<\/ul>\n<\/li>\n<\/ul>\n","protected":false},"excerpt":{"rendered":"<p>\u00c1rea de concentra\u00e7\u00e3o: PROMO\u00c7\u00c3O E TECNOLOGIA EM SA\u00daDE LINHA 1 M\u00c9TODOS E T\u00c9CNCIAS DIAGN\u00d3STICAS E TERAP\u00caUTICAS Esta linha de pesquisa abrange o estudo, an\u00e1lise e desenvolvimento de m\u00e9todos e t\u00e9cnicas que visam o aprimoramento do diagn\u00f3stico e da terap\u00eautica envolvida nos processos de sa\u00fade e doen\u00e7a do viver humano. LINHA 2 PROMO\u00c7\u00c3O DA SA\u00daDE Esta [&hellip;]<\/p>\n","protected":false},"author":990,"featured_media":0,"parent":0,"menu_order":0,"comment_status":"closed","ping_status":"closed","template":"","meta":{"footnotes":""},"categories":[71],"tags":[163],"class_list":["post-922","page","type-page","status-publish","hentry","category-paginas","tag-linha-de-pesquisa"],"acf":[],"_links":{"self":[{"href":"https:\/\/www.ufsm.br\/cursos\/pos-graduacao\/santa-maria\/mpcs\/wp-json\/wp\/v2\/pages\/922","targetHints":{"allow":["GET"]}}],"collection":[{"href":"https:\/\/www.ufsm.br\/cursos\/pos-graduacao\/santa-maria\/mpcs\/wp-json\/wp\/v2\/pages"}],"about":[{"href":"https:\/\/www.ufsm.br\/cursos\/pos-graduacao\/santa-maria\/mpcs\/wp-json\/wp\/v2\/types\/page"}],"author":[{"embeddable":true,"href":"https:\/\/www.ufsm.br\/cursos\/pos-graduacao\/santa-maria\/mpcs\/wp-json\/wp\/v2\/users\/990"}],"replies":[{"embeddable":true,"href":"https:\/\/www.ufsm.br\/cursos\/pos-graduacao\/santa-maria\/mpcs\/wp-json\/wp\/v2\/comments?post=922"}],"version-history":[{"count":0,"href":"https:\/\/www.ufsm.br\/cursos\/pos-graduacao\/santa-maria\/mpcs\/wp-json\/wp\/v2\/pages\/922\/revisions"}],"wp:attachment":[{"href":"https:\/\/www.ufsm.br\/cursos\/pos-graduacao\/santa-maria\/mpcs\/wp-json\/wp\/v2\/media?parent=922"}],"wp:term":[{"taxonomy":"category","embeddable":true,"href":"https:\/\/www.ufsm.br\/cursos\/pos-graduacao\/santa-maria\/mpcs\/wp-json\/wp\/v2\/categories?post=922"},{"taxonomy":"post_tag","embeddable":true,"href":"https:\/\/www.ufsm.br\/cursos\/pos-graduacao\/santa-maria\/mpcs\/wp-json\/wp\/v2\/tags?post=922"}],"curies":[{"name":"wp","href":"https:\/\/api.w.org\/{rel}","templated":true}]}}