{"id":947,"date":"2025-01-30T12:35:43","date_gmt":"2025-01-30T15:35:43","guid":{"rendered":"https:\/\/www.ufsm.br\/cursos\/pos-graduacao\/santa-maria\/mpcs\/?page_id=947"},"modified":"2025-01-30T12:35:44","modified_gmt":"2025-01-30T15:35:44","slug":"area-de-concentracao","status":"publish","type":"page","link":"https:\/\/www.ufsm.br\/cursos\/pos-graduacao\/santa-maria\/mpcs\/area-de-concentracao","title":{"rendered":"\u00c1rea de Concentra\u00e7\u00e3o"},"content":{"rendered":"\n<h3><strong>Promo\u00e7\u00e3o e Tecnologia em Sa\u00fade<\/strong><\/h3>\n<p>O Mestrado Profissional em Ci\u00eancias da Sa\u00fade da UFSM tem como \u00e1rea de concentra\u00e7\u00e3o <strong>Promo\u00e7\u00e3o e Tecnologia em Sa\u00fade<\/strong>, refletindo sua abordagem <strong>interdisciplinar<\/strong> voltada para a qualifica\u00e7\u00e3o profissional e o avan\u00e7o da ci\u00eancia aplicada \u00e0 pr\u00e1tica em sa\u00fade.<\/p>\n<p>Essa \u00e1rea abrange o desenvolvimento de conhecimentos, metodologias e inova\u00e7\u00f5es tecnol\u00f3gicas que contribuem para a promo\u00e7\u00e3o da sa\u00fade, preven\u00e7\u00e3o de doen\u00e7as e aprimoramento dos servi\u00e7os de assist\u00eancia \u00e0 popula\u00e7\u00e3o. O programa busca integrar saberes das ci\u00eancias biol\u00f3gicas e da sa\u00fade com estrat\u00e9gias interdisciplinares, favorecendo a forma\u00e7\u00e3o de profissionais qualificados para atuar em diferentes contextos do Sistema \u00danico de Sa\u00fade (SUS) e demais institui\u00e7\u00f5es de sa\u00fade.<\/p>\n<p>Dentro desse escopo, o curso incentiva a pesquisa aplicada e a produ\u00e7\u00e3o de solu\u00e7\u00f5es inovadoras para desafios contempor\u00e2neos da sa\u00fade coletiva e cl\u00ednica. As disserta\u00e7\u00f5es desenvolvidas no programa priorizam a aplicabilidade dos resultados na pr\u00e1tica profissional, promovendo impacto direto na qualidade da assist\u00eancia e na gest\u00e3o em sa\u00fade.<\/p>\n<p>Por meio dessa abordagem, o Mestrado Profissional em Ci\u00eancias da Sa\u00fade contribui para a capacita\u00e7\u00e3o de profissionais que almejam aperfei\u00e7oar sua atua\u00e7\u00e3o por meio da ci\u00eancia, tecnologia e inova\u00e7\u00e3o, fortalecendo a interface entre conhecimento acad\u00eamico e pr\u00e1tica profissional.<\/p>\n","protected":false},"excerpt":{"rendered":"<p>Promo\u00e7\u00e3o e Tecnologia em Sa\u00fade O Mestrado Profissional em Ci\u00eancias da Sa\u00fade da UFSM tem como \u00e1rea de concentra\u00e7\u00e3o Promo\u00e7\u00e3o e Tecnologia em Sa\u00fade, refletindo sua abordagem interdisciplinar voltada para a qualifica\u00e7\u00e3o profissional e o avan\u00e7o da ci\u00eancia aplicada \u00e0 pr\u00e1tica em sa\u00fade. Essa \u00e1rea abrange o desenvolvimento de conhecimentos, metodologias e inova\u00e7\u00f5es tecnol\u00f3gicas que [&hellip;]<\/p>\n","protected":false},"author":990,"featured_media":0,"parent":0,"menu_order":0,"comment_status":"closed","ping_status":"closed","template":"","meta":{"footnotes":""},"categories":[71],"tags":[177],"class_list":["post-947","page","type-page","status-publish","hentry","category-paginas","tag-area-de-concentracao"],"acf":[],"_links":{"self":[{"href":"https:\/\/www.ufsm.br\/cursos\/pos-graduacao\/santa-maria\/mpcs\/wp-json\/wp\/v2\/pages\/947","targetHints":{"allow":["GET"]}}],"collection":[{"href":"https:\/\/www.ufsm.br\/cursos\/pos-graduacao\/santa-maria\/mpcs\/wp-json\/wp\/v2\/pages"}],"about":[{"href":"https:\/\/www.ufsm.br\/cursos\/pos-graduacao\/santa-maria\/mpcs\/wp-json\/wp\/v2\/types\/page"}],"author":[{"embeddable":true,"href":"https:\/\/www.ufsm.br\/cursos\/pos-graduacao\/santa-maria\/mpcs\/wp-json\/wp\/v2\/users\/990"}],"replies":[{"embeddable":true,"href":"https:\/\/www.ufsm.br\/cursos\/pos-graduacao\/santa-maria\/mpcs\/wp-json\/wp\/v2\/comments?post=947"}],"version-history":[{"count":0,"href":"https:\/\/www.ufsm.br\/cursos\/pos-graduacao\/santa-maria\/mpcs\/wp-json\/wp\/v2\/pages\/947\/revisions"}],"wp:attachment":[{"href":"https:\/\/www.ufsm.br\/cursos\/pos-graduacao\/santa-maria\/mpcs\/wp-json\/wp\/v2\/media?parent=947"}],"wp:term":[{"taxonomy":"category","embeddable":true,"href":"https:\/\/www.ufsm.br\/cursos\/pos-graduacao\/santa-maria\/mpcs\/wp-json\/wp\/v2\/categories?post=947"},{"taxonomy":"post_tag","embeddable":true,"href":"https:\/\/www.ufsm.br\/cursos\/pos-graduacao\/santa-maria\/mpcs\/wp-json\/wp\/v2\/tags?post=947"}],"curies":[{"name":"wp","href":"https:\/\/api.w.org\/{rel}","templated":true}]}}