{"id":177,"date":"2025-09-30T13:26:34","date_gmt":"2025-09-30T16:26:34","guid":{"rendered":"https:\/\/www.ufsm.br\/cursos\/pos-graduacao\/santa-maria\/pgac\/?page_id=177"},"modified":"2025-12-02T13:45:44","modified_gmt":"2025-12-02T16:45:44","slug":"processo-seletivo-ingresso-no-1o-semestre-de-2026","status":"publish","type":"page","link":"https:\/\/www.ufsm.br\/cursos\/pos-graduacao\/santa-maria\/pgac\/processo-seletivo-ingresso-no-1o-semestre-de-2026","title":{"rendered":"Processo Seletivo &#8211; Ingresso no 1\u00ba semestre de 2026"},"content":{"rendered":"\t\t<div data-elementor-type=\"wp-page\" data-elementor-id=\"177\" class=\"elementor elementor-177\">\n\t\t\t\t\t\t<section class=\"elementor-section elementor-top-section elementor-element elementor-element-bfabdf8 elementor-section-boxed elementor-section-height-default elementor-section-height-default\" data-id=\"bfabdf8\" data-element_type=\"section\">\n\t\t\t\t\t\t<div class=\"elementor-container elementor-column-gap-default\">\n\t\t\t\t\t<div class=\"elementor-column elementor-col-50 elementor-top-column elementor-element elementor-element-f2b2734\" data-id=\"f2b2734\" data-element_type=\"column\">\n\t\t\t<div class=\"elementor-widget-wrap elementor-element-populated\">\n\t\t\t\t\t\t<div class=\"elementor-element elementor-element-45ec5fa elementor-widget elementor-widget-wp-widget-ufsm_slider_widget\" data-id=\"45ec5fa\" data-element_type=\"widget\" data-widget_type=\"wp-widget-ufsm_slider_widget.default\">\n\t\t\t\t<div class=\"elementor-widget-container\">\n\t\t\t<style>\n.ufsm-slider-progress-bar {\n    position: absolute;\n    left: 0; right: 0; bottom: 0;\n    height: 5px;\n    background: #e6b800; \/* ocre *\/\n    width: 0;\n    transition: none;\n    z-index: 10;\n    border-radius: 0 0 4px 4px;\n    opacity: 0.85;\n}\n.carousel-item {\n    position: relative;\n}\n<\/style>\n<div id='ufsm-slider-1775266467-1671820188' class='carousel slide carousel-ufsm' data-bs-ride='carousel' aria-hidden='true' style=\"\">\n    <div class='carousel-inner'>\n                                <div class='carousel-item active' data-bs-interval='7000'>\n                                    <img decoding=\"async\" class='h-100 w-100' style='max-height:400px; object-fit:cover;' alt=\"\" title=\"\" src=\"https:\/\/www.ufsm.br\/app\/uploads\/sites\/957\/2025\/10\/Card-Selecao2-1.png\" >\n                \n                <!-- Barra de progresso (apenas se houver mais de uma imagem) -->\n                \n                            <\/div>\n                    <\/div>\n<\/div>\n<script>\n(function(){\n    var carousel = document.getElementById('ufsm-slider-1775266467-1671820188');\n    if (!carousel) return;\n    var tempo = 7000;\n    var bars = carousel.querySelectorAll('.ufsm-slider-progress-bar');\n    var items = carousel.querySelectorAll('.carousel-item');\n    var intervalId = null;\n\n    \/\/ S\u00f3 ativa barra se houver mais de uma imagem\n    if (bars.length < 1) return;\n\n    function resetBars() {\n        bars.forEach(function(bar){ bar.style.width = '0'; bar.style.transition = 'none'; });\n    }\n    function animateBar(idx) {\n        resetBars();\n        var bar = bars[idx];\n        if (!bar) return;\n        \/\/ For\u00e7a reflow para reiniciar a anima\u00e7\u00e3o\n        void bar.offsetWidth;\n        bar.style.transition = 'width ' + (tempo\/1000) + 's linear';\n        bar.style.width = '100%';\n    }\n    function getActiveIdx() {\n        for (var i=0; i<items.length; i++) {\n            if (items[i].classList.contains('active')) return i;\n        }\n        return 0;\n    }\n    function onSlide() {\n        setTimeout(function(){\n            animateBar(getActiveIdx());\n        }, 50);\n    }\n    \/\/ Bootstrap 5: evento 'slid.bs.carousel'\n    carousel.addEventListener('slid.bs.carousel', onSlide);\n    \/\/ Inicializa na primeira imagem\n    animateBar(getActiveIdx());\n    \/\/ Se o usu\u00e1rio interagir manualmente, reinicia a barra\n    carousel.addEventListener('slide.bs.carousel', function(){ resetBars(); });\n})();\n<\/script>\n<ul class='visually-hidden'>\n    <\/ul>\n\t\t<\/div>\n\t\t\t\t<\/div>\n\t\t\t\t\t<\/div>\n\t\t<\/div>\n\t\t\t\t<div class=\"elementor-column elementor-col-50 elementor-top-column elementor-element elementor-element-17716ca\" data-id=\"17716ca\" data-element_type=\"column\">\n\t\t\t<div class=\"elementor-widget-wrap elementor-element-populated\">\n\t\t\t\t\t\t<div class=\"elementor-element elementor-element-34aea21 elementor-widget elementor-widget-heading\" data-id=\"34aea21\" data-element_type=\"widget\" data-widget_type=\"heading.default\">\n\t\t\t\t<div class=\"elementor-widget-container\">\n\t\t\t<h2 class=\"elementor-heading-title elementor-size-default\">Edital Geral<\/h2>\t\t<\/div>\n\t\t\t\t<\/div>\n\t\t\t\t<div class=\"elementor-element elementor-element-4e9c3cf elementor-widget elementor-widget-spacer\" data-id=\"4e9c3cf\" data-element_type=\"widget\" data-widget_type=\"spacer.default\">\n\t\t\t\t<div class=\"elementor-widget-container\">\n\t\t\t\t\t<div class=\"elementor-spacer\">\n\t\t\t<div class=\"elementor-spacer-inner\"><\/div>\n\t\t<\/div>\n\t\t\t\t<\/div>\n\t\t\t\t<\/div>\n\t\t\t\t<div class=\"elementor-element elementor-element-b6c68b8 elementor-widget elementor-widget-text-editor\" data-id=\"b6c68b8\" data-element_type=\"widget\" data-widget_type=\"text-editor.default\">\n\t\t\t\t<div class=\"elementor-widget-container\">\n\t\t\t\t\t\t\t<h5><a href=\"https:\/\/www.ufsm.br\/app\/uploads\/sites\/345\/2025\/08\/EDIT_030_2025.pdf\">EDITAL PRPGP\/UFSM N\u00ba 030, DE 29 DE SETEMBRO DE 2025.<\/a><\/h5><h5><a href=\"https:\/\/www.ufsm.br\/pro-reitorias\/prpgp\/editais\/030-2025\">P\u00e1gina Web do Edital N\u00ba 030\/2025<\/a><\/h5>\t\t\t\t\t\t<\/div>\n\t\t\t\t<\/div>\n\t\t\t\t<div class=\"elementor-element elementor-element-cbae8ac elementor-widget elementor-widget-heading\" data-id=\"cbae8ac\" data-element_type=\"widget\" data-widget_type=\"heading.default\">\n\t\t\t\t<div class=\"elementor-widget-container\">\n\t\t\t<h2 class=\"elementor-heading-title elementor-size-default\">Edital Espec\u00edfico<\/h2>\t\t<\/div>\n\t\t\t\t<\/div>\n\t\t\t\t<div class=\"elementor-element elementor-element-0377a17 elementor-widget elementor-widget-spacer\" data-id=\"0377a17\" data-element_type=\"widget\" data-widget_type=\"spacer.default\">\n\t\t\t\t<div class=\"elementor-widget-container\">\n\t\t\t\t\t<div class=\"elementor-spacer\">\n\t\t\t<div class=\"elementor-spacer-inner\"><\/div>\n\t\t<\/div>\n\t\t\t\t<\/div>\n\t\t\t\t<\/div>\n\t\t\t\t<div class=\"elementor-element elementor-element-ac5804c elementor-widget elementor-widget-text-editor\" data-id=\"ac5804c\" data-element_type=\"widget\" data-widget_type=\"text-editor.default\">\n\t\t\t\t<div class=\"elementor-widget-container\">\n\t\t\t\t\t\t\t<h5><a href=\"https:\/\/www.ufsm.br\/app\/uploads\/sites\/345\/2025\/09\/MEST_ARTESCENA_1J_030_2025_retif2.pdf\">Edital Espec\u00edfico \u2013 Mestrado em Artes da Cena<\/a><\/h5><h5><a href=\"https:\/\/www.ufsm.br\/app\/uploads\/sites\/345\/2025\/09\/VAGAS_CRONOGRAMA_RETIFICADO.docx.pdf\">Vagas e Cronograma<\/a><\/h5>\t\t\t\t\t\t<\/div>\n\t\t\t\t<\/div>\n\t\t\t\t\t<\/div>\n\t\t<\/div>\n\t\t\t\t\t<\/div>\n\t\t<\/section>\n\t\t\t\t<section class=\"elementor-section elementor-top-section elementor-element elementor-element-4577e1f elementor-section-boxed elementor-section-height-default elementor-section-height-default\" data-id=\"4577e1f\" data-element_type=\"section\">\n\t\t\t\t\t\t<div class=\"elementor-container elementor-column-gap-default\">\n\t\t\t\t\t<div class=\"elementor-column elementor-col-100 elementor-top-column elementor-element elementor-element-3644d00\" data-id=\"3644d00\" data-element_type=\"column\">\n\t\t\t<div class=\"elementor-widget-wrap elementor-element-populated\">\n\t\t\t\t\t\t<div class=\"elementor-element elementor-element-ffea632 elementor-widget elementor-widget-text-editor\" data-id=\"ffea632\" data-element_type=\"widget\" data-widget_type=\"text-editor.default\">\n\t\t\t\t<div class=\"elementor-widget-container\">\n\t\t\t\t\t\t\t<h4><span style=\"text-decoration: underline\">An\u00e1lise das inscri\u00e7\u00f5es<\/span><\/h4><h5><a href=\"https:\/\/www.ufsm.br\/app\/uploads\/sites\/957\/2025\/11\/Inscricoes-deferidas-Mestrado-PPGAC.pdf\">Inscri\u00e7\u00f5es deferidas\u00a0<\/a><\/h5><h5><a href=\"https:\/\/www.ufsm.br\/app\/uploads\/sites\/957\/2025\/11\/Inscricoes-indeferidas-Mestrado-PPGAC.pdf\">Inscri\u00e7\u00f5es indeferidas <\/a><\/h5>\t\t\t\t\t\t<\/div>\n\t\t\t\t<\/div>\n\t\t\t\t\t<\/div>\n\t\t<\/div>\n\t\t\t\t\t<\/div>\n\t\t<\/section>\n\t\t\t\t<section class=\"elementor-section elementor-top-section elementor-element elementor-element-03d4618 elementor-section-boxed elementor-section-height-default elementor-section-height-default\" data-id=\"03d4618\" data-element_type=\"section\">\n\t\t\t\t\t\t<div class=\"elementor-container elementor-column-gap-default\">\n\t\t\t\t\t<div class=\"elementor-column elementor-col-100 elementor-top-column elementor-element elementor-element-ee5a049\" data-id=\"ee5a049\" data-element_type=\"column\">\n\t\t\t<div class=\"elementor-widget-wrap elementor-element-populated\">\n\t\t\t\t\t\t<div class=\"elementor-element elementor-element-e47970f elementor-widget elementor-widget-text-editor\" data-id=\"e47970f\" data-element_type=\"widget\" data-widget_type=\"text-editor.default\">\n\t\t\t\t<div class=\"elementor-widget-container\">\n\t\t\t\t\t\t\t<h4><span style=\"text-decoration: underline\">Primeira Etapa \u2013 Avalia\u00e7\u00e3o do Projeto de Pesquisa e do Memorial<\/span><\/h4><h5><a href=\"https:\/\/www.ufsm.br\/app\/uploads\/sites\/957\/2025\/11\/Resultado-Preliminar-da-Primeira-Etapa-PPGAC-2.pdf\">Resultado Preliminar da Primeira Etapa<\/a><\/h5><h5><a href=\"https:\/\/www.ufsm.br\/app\/uploads\/sites\/957\/2025\/11\/Resultado-da-primeira-etapa-PPGAC.pdf\">Resultado da Primeira Etapa (ap\u00f3s reconsidera\u00e7\u00e3o)<\/a><\/h5>\t\t\t\t\t\t<\/div>\n\t\t\t\t<\/div>\n\t\t\t\t\t<\/div>\n\t\t<\/div>\n\t\t\t\t\t<\/div>\n\t\t<\/section>\n\t\t\t\t<section class=\"elementor-section elementor-top-section elementor-element elementor-element-08a14da elementor-section-boxed elementor-section-height-default elementor-section-height-default\" data-id=\"08a14da\" data-element_type=\"section\">\n\t\t\t\t\t\t<div class=\"elementor-container elementor-column-gap-default\">\n\t\t\t\t\t<div class=\"elementor-column elementor-col-100 elementor-top-column elementor-element elementor-element-06726d3\" data-id=\"06726d3\" data-element_type=\"column\">\n\t\t\t<div class=\"elementor-widget-wrap elementor-element-populated\">\n\t\t\t\t\t\t<div class=\"elementor-element elementor-element-2ef5c2d elementor-widget elementor-widget-text-editor\" data-id=\"2ef5c2d\" data-element_type=\"widget\" data-widget_type=\"text-editor.default\">\n\t\t\t\t<div class=\"elementor-widget-container\">\n\t\t\t\t\t\t\t<h4><span style=\"text-decoration: underline\">Segunda Etapa &#8211; Defesa Oral do Projeto e Memorial Descritivo<\/span><\/h4><h5><a href=\"https:\/\/www.ufsm.br\/app\/uploads\/sites\/957\/2025\/11\/Horarios-da-Segunda-Etapa-PPGAC.pdf\">Hor\u00e1rios da Segunda Etapa<\/a><\/h5><h5 style=\"text-align: left\"><a href=\"https:\/\/www.ufsm.br\/app\/uploads\/sites\/957\/2025\/12\/Resultado-preliminar-da-Segunda-Etapa-PPGAC.pdf\">Resultado Preliminar da Segunda Etapa<\/a><\/h5>\t\t\t\t\t\t<\/div>\n\t\t\t\t<\/div>\n\t\t\t\t\t<\/div>\n\t\t<\/div>\n\t\t\t\t\t<\/div>\n\t\t<\/section>\n\t\t\t\t<\/div>\n\t\t","protected":false},"excerpt":{"rendered":"<p>Edital Geral EDITAL PRPGP\/UFSM N\u00ba 030, DE 29 DE SETEMBRO DE 2025. P\u00e1gina Web do Edital N\u00ba 030\/2025 Edital Espec\u00edfico Edital Espec\u00edfico \u2013 Mestrado em Artes da Cena Vagas e Cronograma An\u00e1lise das inscri\u00e7\u00f5es Inscri\u00e7\u00f5es deferidas\u00a0 Inscri\u00e7\u00f5es indeferidas Primeira Etapa \u2013 Avalia\u00e7\u00e3o do Projeto de Pesquisa e do Memorial Resultado Preliminar da Primeira Etapa Resultado [&hellip;]<\/p>\n","protected":false},"author":969,"featured_media":0,"parent":0,"menu_order":0,"comment_status":"closed","ping_status":"closed","template":"","meta":{"footnotes":""},"categories":[],"tags":[],"class_list":["post-177","page","type-page","status-publish","hentry"],"acf":[],"_links":{"self":[{"href":"https:\/\/www.ufsm.br\/cursos\/pos-graduacao\/santa-maria\/pgac\/wp-json\/wp\/v2\/pages\/177","targetHints":{"allow":["GET"]}}],"collection":[{"href":"https:\/\/www.ufsm.br\/cursos\/pos-graduacao\/santa-maria\/pgac\/wp-json\/wp\/v2\/pages"}],"about":[{"href":"https:\/\/www.ufsm.br\/cursos\/pos-graduacao\/santa-maria\/pgac\/wp-json\/wp\/v2\/types\/page"}],"author":[{"embeddable":true,"href":"https:\/\/www.ufsm.br\/cursos\/pos-graduacao\/santa-maria\/pgac\/wp-json\/wp\/v2\/users\/969"}],"replies":[{"embeddable":true,"href":"https:\/\/www.ufsm.br\/cursos\/pos-graduacao\/santa-maria\/pgac\/wp-json\/wp\/v2\/comments?post=177"}],"version-history":[{"count":0,"href":"https:\/\/www.ufsm.br\/cursos\/pos-graduacao\/santa-maria\/pgac\/wp-json\/wp\/v2\/pages\/177\/revisions"}],"wp:attachment":[{"href":"https:\/\/www.ufsm.br\/cursos\/pos-graduacao\/santa-maria\/pgac\/wp-json\/wp\/v2\/media?parent=177"}],"wp:term":[{"taxonomy":"category","embeddable":true,"href":"https:\/\/www.ufsm.br\/cursos\/pos-graduacao\/santa-maria\/pgac\/wp-json\/wp\/v2\/categories?post=177"},{"taxonomy":"post_tag","embeddable":true,"href":"https:\/\/www.ufsm.br\/cursos\/pos-graduacao\/santa-maria\/pgac\/wp-json\/wp\/v2\/tags?post=177"}],"curies":[{"name":"wp","href":"https:\/\/api.w.org\/{rel}","templated":true}]}}