{"id":5,"date":"2018-01-18T08:39:17","date_gmt":"2018-01-18T10:39:17","guid":{"rendered":"https:\/\/www.ufsm.br\/cursos\/graduacao\/nutricao\/12352\/?page_id=5"},"modified":"2025-10-17T16:10:24","modified_gmt":"2025-10-17T19:10:24","slug":"pagina-inicial","status":"publish","type":"page","link":"https:\/\/www.ufsm.br\/cursos\/pos-graduacao\/santa-maria\/pgac\/","title":{"rendered":"P\u00e1gina Inicial"},"content":{"rendered":"\t\t<div data-elementor-type=\"wp-post\" data-elementor-id=\"5\" class=\"elementor elementor-5\">\n\t\t\t\t\t\t<section class=\"elementor-section elementor-top-section elementor-element elementor-element-fee8bed elementor-section-boxed elementor-section-height-default elementor-section-height-default\" data-id=\"fee8bed\" data-element_type=\"section\">\n\t\t\t\t\t\t<div class=\"elementor-container elementor-column-gap-default\">\n\t\t\t\t\t<div class=\"elementor-column elementor-col-100 elementor-top-column elementor-element elementor-element-d5e2575\" data-id=\"d5e2575\" data-element_type=\"column\">\n\t\t\t<div class=\"elementor-widget-wrap elementor-element-populated\">\n\t\t\t\t\t\t<div class=\"elementor-element elementor-element-6fb0fff elementor-widget elementor-widget-spacer\" data-id=\"6fb0fff\" data-element_type=\"widget\" data-widget_type=\"spacer.default\">\n\t\t\t\t<div class=\"elementor-widget-container\">\n\t\t\t\t\t<div class=\"elementor-spacer\">\n\t\t\t<div class=\"elementor-spacer-inner\"><\/div>\n\t\t<\/div>\n\t\t\t\t<\/div>\n\t\t\t\t<\/div>\n\t\t\t\t<div class=\"elementor-element elementor-element-eae2958 elementor-widget elementor-widget-wp-widget-ufsm_slider_widget\" data-id=\"eae2958\" data-element_type=\"widget\" data-widget_type=\"wp-widget-ufsm_slider_widget.default\">\n\t\t\t\t<div class=\"elementor-widget-container\">\n\t\t\t<style>\n.ufsm-slider-progress-bar {\n    position: absolute;\n    left: 0; right: 0; bottom: 0;\n    height: 5px;\n    background: #e6b800; \/* ocre *\/\n    width: 0;\n    transition: none;\n    z-index: 10;\n    border-radius: 0 0 4px 4px;\n    opacity: 0.85;\n}\n.carousel-item {\n    position: relative;\n}\n<\/style>\n<div id='ufsm-slider-1775261298-1318962013' class='carousel slide carousel-ufsm' data-bs-ride='carousel' aria-hidden='true' style=\"\">\n    <div class='carousel-inner'>\n                                <div class='carousel-item active' data-bs-interval='7000'>\n                                    <a href='https:\/\/www.ufsm.br\/cursos\/pos-graduacao\/santa-maria\/pgac' >\n                        <img decoding=\"async\" class='h-100 w-100' style='max-height:225px; object-fit:cover;' alt=\"\" title=\"\" src=\"https:\/\/www.ufsm.br\/app\/uploads\/sites\/957\/2025\/10\/B1-2.png\" >\n                    <\/a>\n                \n                <!-- Barra de progresso (apenas se houver mais de uma imagem) -->\n                \n                            <\/div>\n                    <\/div>\n<\/div>\n<script>\n(function(){\n    var carousel = document.getElementById('ufsm-slider-1775261298-1318962013');\n    if (!carousel) return;\n    var tempo = 7000;\n    var bars = carousel.querySelectorAll('.ufsm-slider-progress-bar');\n    var items = carousel.querySelectorAll('.carousel-item');\n    var intervalId = null;\n\n    \/\/ S\u00f3 ativa barra se houver mais de uma imagem\n    if (bars.length < 1) return;\n\n    function resetBars() {\n        bars.forEach(function(bar){ bar.style.width = '0'; bar.style.transition = 'none'; });\n    }\n    function animateBar(idx) {\n        resetBars();\n        var bar = bars[idx];\n        if (!bar) return;\n        \/\/ For\u00e7a reflow para reiniciar a anima\u00e7\u00e3o\n        void bar.offsetWidth;\n        bar.style.transition = 'width ' + (tempo\/1000) + 's linear';\n        bar.style.width = '100%';\n    }\n    function getActiveIdx() {\n        for (var i=0; i<items.length; i++) {\n            if (items[i].classList.contains('active')) return i;\n        }\n        return 0;\n    }\n    function onSlide() {\n        setTimeout(function(){\n            animateBar(getActiveIdx());\n        }, 50);\n    }\n    \/\/ Bootstrap 5: evento 'slid.bs.carousel'\n    carousel.addEventListener('slid.bs.carousel', onSlide);\n    \/\/ Inicializa na primeira imagem\n    animateBar(getActiveIdx());\n    \/\/ Se o usu\u00e1rio interagir manualmente, reinicia a barra\n    carousel.addEventListener('slide.bs.carousel', function(){ resetBars(); });\n})();\n<\/script>\n<ul class='visually-hidden'>\n    <\/ul>\n\t\t<\/div>\n\t\t\t\t<\/div>\n\t\t\t\t\t<\/div>\n\t\t<\/div>\n\t\t\t\t\t<\/div>\n\t\t<\/section>\n\t\t\t\t<section class=\"elementor-section elementor-top-section elementor-element elementor-element-3267bb2 elementor-section-boxed elementor-section-height-default elementor-section-height-default\" data-id=\"3267bb2\" data-element_type=\"section\">\n\t\t\t\t\t\t<div class=\"elementor-container elementor-column-gap-default\">\n\t\t\t\t\t<div class=\"elementor-column elementor-col-100 elementor-top-column elementor-element elementor-element-ffb9fca\" data-id=\"ffb9fca\" data-element_type=\"column\">\n\t\t\t<div class=\"elementor-widget-wrap elementor-element-populated\">\n\t\t\t\t\t\t<div class=\"elementor-element elementor-element-5a040f8 elementor-widget elementor-widget-heading\" data-id=\"5a040f8\" data-element_type=\"widget\" data-widget_type=\"heading.default\">\n\t\t\t\t<div class=\"elementor-widget-container\">\n\t\t\t<h5 class=\"elementor-heading-title elementor-size-default\">Oportunidades<br><\/h5>\t\t<\/div>\n\t\t\t\t<\/div>\n\t\t\t\t<div class=\"elementor-element elementor-element-3ddc93e elementor-widget elementor-widget-wp-widget-ufsm_slider_widget\" data-id=\"3ddc93e\" data-element_type=\"widget\" data-widget_type=\"wp-widget-ufsm_slider_widget.default\">\n\t\t\t\t<div class=\"elementor-widget-container\">\n\t\t\t<style>\n.ufsm-slider-progress-bar {\n    position: absolute;\n    left: 0; right: 0; bottom: 0;\n    height: 5px;\n    background: #e6b800; \/* ocre *\/\n    width: 0;\n    transition: none;\n    z-index: 10;\n    border-radius: 0 0 4px 4px;\n    opacity: 0.85;\n}\n.carousel-item {\n    position: relative;\n}\n<\/style>\n<div id='ufsm-slider-1775261298-841911321' class='carousel slide carousel-ufsm' data-bs-ride='carousel' aria-hidden='true' style=\"\">\n    <div class='carousel-inner'>\n                                <div class='carousel-item active' data-bs-interval='7000'>\n                                    <a href='https:\/\/www.ufsm.br\/cursos\/pos-graduacao\/santa-maria\/pgac\/processo-seletivo-ingresso-no-1o-semestre-de-2026' >\n                        <img decoding=\"async\" class='h-100 w-100' style='max-height:280px; object-fit:cover;' alt=\"\" title=\"\" src=\"https:\/\/www.ufsm.br\/app\/uploads\/sites\/957\/2025\/10\/B2-1.jpg\" >\n                    <\/a>\n                \n                <!-- Barra de progresso (apenas se houver mais de uma imagem) -->\n                \n                            <\/div>\n                    <\/div>\n<\/div>\n<script>\n(function(){\n    var carousel = document.getElementById('ufsm-slider-1775261298-841911321');\n    if (!carousel) return;\n    var tempo = 7000;\n    var bars = carousel.querySelectorAll('.ufsm-slider-progress-bar');\n    var items = carousel.querySelectorAll('.carousel-item');\n    var intervalId = null;\n\n    \/\/ S\u00f3 ativa barra se houver mais de uma imagem\n    if (bars.length < 1) return;\n\n    function resetBars() {\n        bars.forEach(function(bar){ bar.style.width = '0'; bar.style.transition = 'none'; });\n    }\n    function animateBar(idx) {\n        resetBars();\n        var bar = bars[idx];\n        if (!bar) return;\n        \/\/ For\u00e7a reflow para reiniciar a anima\u00e7\u00e3o\n        void bar.offsetWidth;\n        bar.style.transition = 'width ' + (tempo\/1000) + 's linear';\n        bar.style.width = '100%';\n    }\n    function getActiveIdx() {\n        for (var i=0; i<items.length; i++) {\n            if (items[i].classList.contains('active')) return i;\n        }\n        return 0;\n    }\n    function onSlide() {\n        setTimeout(function(){\n            animateBar(getActiveIdx());\n        }, 50);\n    }\n    \/\/ Bootstrap 5: evento 'slid.bs.carousel'\n    carousel.addEventListener('slid.bs.carousel', onSlide);\n    \/\/ Inicializa na primeira imagem\n    animateBar(getActiveIdx());\n    \/\/ Se o usu\u00e1rio interagir manualmente, reinicia a barra\n    carousel.addEventListener('slide.bs.carousel', function(){ resetBars(); });\n})();\n<\/script>\n<ul class='visually-hidden'>\n    <\/ul>\n\t\t<\/div>\n\t\t\t\t<\/div>\n\t\t\t\t\t<\/div>\n\t\t<\/div>\n\t\t\t\t\t<\/div>\n\t\t<\/section>\n\t\t\t\t<section class=\"elementor-section elementor-top-section elementor-element elementor-element-71f1b01 elementor-section-boxed elementor-section-height-default elementor-section-height-default\" data-id=\"71f1b01\" data-element_type=\"section\">\n\t\t\t\t\t\t<div class=\"elementor-container elementor-column-gap-default\">\n\t\t\t\t\t<div class=\"elementor-column elementor-col-100 elementor-top-column elementor-element elementor-element-c711c96\" data-id=\"c711c96\" data-element_type=\"column\">\n\t\t\t<div class=\"elementor-widget-wrap elementor-element-populated\">\n\t\t\t\t\t\t<div class=\"elementor-element elementor-element-241a86c elementor-widget elementor-widget-heading\" data-id=\"241a86c\" data-element_type=\"widget\" data-widget_type=\"heading.default\">\n\t\t\t\t<div class=\"elementor-widget-container\">\n\t\t\t<h5 class=\"elementor-heading-title elementor-size-default\">Apresenta\u00e7\u00e3o<\/h5>\t\t<\/div>\n\t\t\t\t<\/div>\n\t\t\t\t<div class=\"elementor-element elementor-element-32089a5 elementor-widget elementor-widget-text-editor\" data-id=\"32089a5\" data-element_type=\"widget\" data-widget_type=\"text-editor.default\">\n\t\t\t\t<div class=\"elementor-widget-container\">\n\t\t\t\t\t\t\t<p><p>O curso de <b>P\u00f3s-Gradua\u00e7\u00e3o em Artes da Cena<\/b> est\u00e1 localizado em <b>Campus Camobi &#8211; UFSM<\/b> na modalidade <b>Mestrado &#8211; Presencial<\/b> sendo <b>Diurno<\/b> o seu turno de funcionamento. A \u00e1rea de conhecimento do curso \u00e9 classificada como <b>LINGU\u00cdSTICA, LETRAS E ARTES<\/b>. Atualmente, a coordena\u00e7\u00e3o \u00e9 de responsabilidade de <b>DANIEL REIS PLA<\/b>, a coordena\u00e7\u00e3o substituta de <b>FL\u00c1VIO DE CAMPOS BRAGA<\/b> e a secretaria de <b>HELLEN REIS DE MELLO<\/b>.<\/p><p>O curso \u00e9 ofertado em per\u00edodo <b>Semestral<\/b>, sendo <b>4<\/b> o n\u00famero de per\u00edodos indicados para sua conclus\u00e3o.<\/p><p class='mt-3'>Reconhecido pelo  Minist\u00e9rio da Educa\u00e7\u00e3o &#8211; Portaria n\u00b0. 2149 de 27\/12\/2023<\/p><\/p>\t\t\t\t\t\t<\/div>\n\t\t\t\t<\/div>\n\t\t\t\t\t<\/div>\n\t\t<\/div>\n\t\t\t\t\t<\/div>\n\t\t<\/section>\n\t\t\t\t<section class=\"elementor-section elementor-top-section elementor-element elementor-element-a292165 elementor-section-boxed elementor-section-height-default elementor-section-height-default\" data-id=\"a292165\" data-element_type=\"section\">\n\t\t\t\t\t\t<div class=\"elementor-container elementor-column-gap-default\">\n\t\t\t\t\t<div class=\"elementor-column elementor-col-100 elementor-top-column elementor-element elementor-element-22c0cd1\" data-id=\"22c0cd1\" data-element_type=\"column\">\n\t\t\t<div class=\"elementor-widget-wrap elementor-element-populated\">\n\t\t\t\t\t\t<div class=\"elementor-element elementor-element-9bf8518 elementor-widget elementor-widget-heading\" data-id=\"9bf8518\" data-element_type=\"widget\" data-widget_type=\"heading.default\">\n\t\t\t\t<div class=\"elementor-widget-container\">\n\t\t\t<h5 class=\"elementor-heading-title elementor-size-default\">Eventos relacionados<\/h5>\t\t<\/div>\n\t\t\t\t<\/div>\n\t\t\t\t\t<\/div>\n\t\t<\/div>\n\t\t\t\t\t<\/div>\n\t\t<\/section>\n\t\t\t\t<section class=\"elementor-section elementor-top-section elementor-element elementor-element-fb91a2b elementor-section-boxed elementor-section-height-default elementor-section-height-default\" data-id=\"fb91a2b\" data-element_type=\"section\">\n\t\t\t\t\t\t<div class=\"elementor-container elementor-column-gap-no\">\n\t\t\t\t\t<div class=\"elementor-column elementor-col-50 elementor-top-column elementor-element elementor-element-2088a8b\" data-id=\"2088a8b\" data-element_type=\"column\">\n\t\t\t<div class=\"elementor-widget-wrap elementor-element-populated\">\n\t\t\t\t\t\t<div class=\"elementor-element elementor-element-250bf29 elementor-arrows-position-inside elementor-widget elementor-widget-image-carousel\" data-id=\"250bf29\" data-element_type=\"widget\" data-settings=\"{&quot;slides_to_show&quot;:&quot;1&quot;,&quot;navigation&quot;:&quot;arrows&quot;,&quot;autoplay&quot;:&quot;yes&quot;,&quot;pause_on_hover&quot;:&quot;yes&quot;,&quot;pause_on_interaction&quot;:&quot;yes&quot;,&quot;autoplay_speed&quot;:5000,&quot;infinite&quot;:&quot;yes&quot;,&quot;effect&quot;:&quot;slide&quot;,&quot;speed&quot;:500}\" data-widget_type=\"image-carousel.default\">\n\t\t\t\t<div class=\"elementor-widget-container\">\n\t\t\t\t\t<div class=\"elementor-image-carousel-wrapper swiper\" dir=\"ltr\">\n\t\t\t<div class=\"elementor-image-carousel swiper-wrapper\" aria-live=\"off\">\n\t\t\t\t\t\t\t\t<div class=\"swiper-slide\" role=\"group\" aria-roledescription=\"slide\" aria-label=\"1 of 2\"><figure class=\"swiper-slide-inner\"><img decoding=\"async\" class=\"swiper-slide-image\" src=\"https:\/\/www.ufsm.br\/app\/uploads\/sites\/957\/2025\/10\/Card-2-1.png\" alt=\"Card-2\" \/><\/figure><\/div><div class=\"swiper-slide\" role=\"group\" aria-roledescription=\"slide\" aria-label=\"2 of 2\"><figure class=\"swiper-slide-inner\"><img decoding=\"async\" class=\"swiper-slide-image\" src=\"https:\/\/www.ufsm.br\/app\/uploads\/sites\/957\/2025\/10\/Card-1.png\" alt=\"Card-1\" \/><\/figure><\/div>\t\t\t<\/div>\n\t\t\t\t\t\t\t\t\t\t\t\t<div class=\"elementor-swiper-button elementor-swiper-button-prev\" role=\"button\" tabindex=\"0\">\n\t\t\t\t\t\t<i aria-hidden=\"true\" class=\"eicon-chevron-left\"><\/i>\t\t\t\t\t<\/div>\n\t\t\t\t\t<div class=\"elementor-swiper-button elementor-swiper-button-next\" role=\"button\" tabindex=\"0\">\n\t\t\t\t\t\t<i aria-hidden=\"true\" class=\"eicon-chevron-right\"><\/i>\t\t\t\t\t<\/div>\n\t\t\t\t\n\t\t\t\t\t\t\t\t\t<\/div>\n\t\t\t\t<\/div>\n\t\t\t\t<\/div>\n\t\t\t\t\t<\/div>\n\t\t<\/div>\n\t\t\t\t<div class=\"elementor-column elementor-col-50 elementor-top-column elementor-element elementor-element-ca3742f\" data-id=\"ca3742f\" data-element_type=\"column\">\n\t\t\t<div class=\"elementor-widget-wrap elementor-element-populated\">\n\t\t\t\t\t\t<div class=\"elementor-element elementor-element-f218c61 elementor-widget elementor-widget-heading\" data-id=\"f218c61\" data-element_type=\"widget\" data-widget_type=\"heading.default\">\n\t\t\t\t<div class=\"elementor-widget-container\">\n\t\t\t<h2 class=\"elementor-heading-title elementor-size-default\">Palestra e Workshops com Dylan McGarry<br><\/h2>\t\t<\/div>\n\t\t\t\t<\/div>\n\t\t\t\t<div class=\"elementor-element elementor-element-688bd1d elementor-widget elementor-widget-text-editor\" data-id=\"688bd1d\" data-element_type=\"widget\" data-widget_type=\"text-editor.default\">\n\t\t\t\t<div class=\"elementor-widget-container\">\n\t\t\t\t\t\t\t<p><br \/>Nos dias 30 e 31 de outubro, o Programa de P\u00f3s-Gradua\u00e7\u00e3o em Artes da Cena traz o professor Dylan McGarry, da Universidade de Rhodes-\u00c1frica do Sul, que vem compartilhar conosco sua experi\u00eancia que une pesquisa, ativismo social e arte atrav\u00e9s de seu grupo <a href=\"https:\/\/www.empatheatre.com\/\">Empatheatre<\/a>.<\/p><p>Durante suas a\u00e7\u00f5es na UFSM ele ir\u00e1 compartilhar as experi\u00eancias e parte das metodologias do grpo, utilizadas em processos de ativa\u00e7\u00f5es comunit\u00e1rias mediadas pela cena.<\/p><p><strong>Interessados\/as\/es, por favor, fa\u00e7am a inscri\u00e7\u00e3o neste <a href=\"https:\/\/forms.gle\/mVZHQxXTyQUnee3J9\" target=\"_blank\" rel=\"noopener\">link<\/a>. Haver\u00e1 emiss\u00e3o de certificados.<\/strong><\/p><p><em>Mais informa\u00e7\u00f5es, entre em contato pelo canal oficial: <\/em>ppgac@ufsm.br<\/p>\t\t\t\t\t\t<\/div>\n\t\t\t\t<\/div>\n\t\t\t\t\t<\/div>\n\t\t<\/div>\n\t\t\t\t\t<\/div>\n\t\t<\/section>\n\t\t\t\t<section class=\"elementor-section elementor-top-section elementor-element elementor-element-1fd889b elementor-section-boxed elementor-section-height-default elementor-section-height-default\" data-id=\"1fd889b\" data-element_type=\"section\">\n\t\t\t\t\t\t<div class=\"elementor-container elementor-column-gap-default\">\n\t\t\t\t\t<div class=\"elementor-column elementor-col-100 elementor-top-column elementor-element elementor-element-4cae618\" data-id=\"4cae618\" data-element_type=\"column\">\n\t\t\t<div class=\"elementor-widget-wrap elementor-element-populated\">\n\t\t\t\t\t\t<div class=\"elementor-element elementor-element-277ad02 elementor-widget elementor-widget-wp-widget-ufsm_utilidades\" data-id=\"277ad02\" data-element_type=\"widget\" data-widget_type=\"wp-widget-ufsm_utilidades.default\">\n\t\t\t\t<div class=\"elementor-widget-container\">\n\t\t\t\t\t<h5 class=\"card-title titulo-conteudos\">Utilidades<\/h5>\n\t\t\t\t\n\t\t<div class=\"row d-flex justify-content-around\">\n\t\t\t\t\t\t\t<div class=\"col-12 col-sm-6 col-md-2 mt-4 text-center\">\n\t\t\t\t\t\t\t\t\t\t\t<a href=\"https:\/\/www.ufsm.br\/cursos\/pos-graduacao\/santa-maria\/pgac\/horarios\" class=\"item-utilidades d-block\">\n\t\t\t\t\t\t\t\t\t\t<i class=\"fas fa-pencil-alt animation-pulse\" aria-hidden=\"true\"><\/i><b>Oferta \/ Hor\u00e1rios<\/b><\/a>\n\t\t\t\t<\/div>\n\t\t\t\t\t\t\t<div class=\"col-12 col-sm-6 col-md-2 mt-4 text-center\">\n\t\t\t\t\t\t\t\t\t\t\t<a href=\"https:\/\/portal.ufsm.br\/aluno\/\" class=\"item-utilidades d-block\">\n\t\t\t\t\t\t\t\t\t\t<i class=\"fa fa-user animation-pulse\" aria-hidden=\"true\"><\/i><b>Portal do Aluno<\/b><\/a>\n\t\t\t\t<\/div>\n\t\t\t\t\t\t\t<div class=\"col-12 col-sm-6 col-md-2 mt-4 text-center\">\n\t\t\t\t\t\t\t\t\t\t\t<a href=\"https:\/\/www.ufsm.br\/cursos\/pos-graduacao\/santa-maria\/pgac\/informacoes-do-curriculo\" class=\"item-utilidades d-block\">\n\t\t\t\t\t\t\t\t\t\t<i class=\"fa fa-clipboard animation-pulse\" aria-hidden=\"true\"><\/i><b>Informa\u00e7\u00f5es Curriculares<\/b><\/a>\n\t\t\t\t<\/div>\n\t\t\t\t\t\t\t<div class=\"col-12 col-sm-6 col-md-2 mt-4 text-center\">\n\t\t\t\t\t\t\t\t\t\t\t<a href=\"https:\/\/www.ufsm.br\/cursos\/pos-graduacao\/santa-maria\/pgac\/calendario-de-defesas\" class=\"item-utilidades d-block\">\n\t\t\t\t\t\t\t\t\t\t<i class=\"fa fa-calendar animation-pulse\" aria-hidden=\"true\"><\/i><b>Calend\u00e1rio de Defesas<\/b><\/a>\n\t\t\t\t<\/div>\n\t\t\t\t\t\t\t<div class=\"col-12 col-sm-6 col-md-2 mt-4 text-center\">\n\t\t\t\t\t\t\t\t\t\t\t<a href=\"https:\/\/www.ufsm.br\/cursos\/pos-graduacao\/santa-maria\/pgac\/dissertacoes\" class=\"item-utilidades d-block\">\n\t\t\t\t\t\t\t\t\t\t<i class=\"fa fa-book animation-pulse\" aria-hidden=\"true\"><\/i><b>Disserta\u00e7\u00f5es<\/b><\/a>\n\t\t\t\t<\/div>\n\t\t\t\t\t\t\t<div class=\"col-12 col-sm-6 col-md-2 mt-4 text-center\">\n\t\t\t\t\t\t\t\t\t\t\t<a href=\"https:\/\/www.ufsm.br\/cursos\/pos-graduacao\/santa-maria\/pgac\/editais\" class=\"item-utilidades d-block\">\n\t\t\t\t\t\t\t\t\t\t<i class=\"far fa-copy animation-pulse\" aria-hidden=\"true\"><\/i><b>Editais<\/b><\/a>\n\t\t\t\t<\/div>\n\t\t\t\t\t<\/div>\n\t\t\t\t<\/div>\n\t\t\t\t<\/div>\n\t\t\t\t\t<\/div>\n\t\t<\/div>\n\t\t\t\t\t<\/div>\n\t\t<\/section>\n\t\t\t\t<section class=\"elementor-section elementor-top-section elementor-element elementor-element-dba279c elementor-section-boxed elementor-section-height-default elementor-section-height-default\" data-id=\"dba279c\" data-element_type=\"section\">\n\t\t\t\t\t\t<div class=\"elementor-container elementor-column-gap-default\">\n\t\t\t\t\t<div class=\"elementor-column elementor-col-100 elementor-top-column elementor-element elementor-element-005b356\" data-id=\"005b356\" data-element_type=\"column\">\n\t\t\t<div class=\"elementor-widget-wrap\">\n\t\t\t\t\t\t\t<\/div>\n\t\t<\/div>\n\t\t\t\t\t<\/div>\n\t\t<\/section>\n\t\t\t\t<section class=\"elementor-section elementor-top-section elementor-element elementor-element-cb5425f elementor-section-boxed elementor-section-height-default elementor-section-height-default\" data-id=\"cb5425f\" data-element_type=\"section\">\n\t\t\t\t\t\t<div class=\"elementor-container elementor-column-gap-default\">\n\t\t\t\t\t<div class=\"elementor-column elementor-col-100 elementor-top-column elementor-element elementor-element-3dc4785\" data-id=\"3dc4785\" data-element_type=\"column\">\n\t\t\t<div class=\"elementor-widget-wrap elementor-element-populated\">\n\t\t\t\t\t\t<div class=\"elementor-element elementor-element-e4706af elementor-shape-circle elementor-grid-0 e-grid-align-center elementor-widget elementor-widget-social-icons\" data-id=\"e4706af\" data-element_type=\"widget\" data-widget_type=\"social-icons.default\">\n\t\t\t\t<div class=\"elementor-widget-container\">\n\t\t\t\t\t<div class=\"elementor-social-icons-wrapper elementor-grid\">\n\t\t\t\t\t\t\t<span class=\"elementor-grid-item\">\n\t\t\t\t\t<a class=\"elementor-icon elementor-social-icon elementor-social-icon-instagram elementor-animation-pulse-grow elementor-repeater-item-87a551c\" target=\"_blank\">\n\t\t\t\t\t\t<span class=\"elementor-screen-only\">Instagram<\/span>\n\t\t\t\t\t\t<i class=\"fab fa-instagram\"><\/i>\t\t\t\t\t<\/a>\n\t\t\t\t<\/span>\n\t\t\t\t\t<\/div>\n\t\t\t\t<\/div>\n\t\t\t\t<\/div>\n\t\t\t\t\t<\/div>\n\t\t<\/div>\n\t\t\t\t\t<\/div>\n\t\t<\/section>\n\t\t\t\t<\/div>\n\t\t","protected":false},"excerpt":{"rendered":"<p>Oportunidades Apresenta\u00e7\u00e3o Eventos relacionados Palestra e Workshops com Dylan McGarry Nos dias 30 e 31 de outubro, o Programa de P\u00f3s-Gradua\u00e7\u00e3o em Artes da Cena traz o professor Dylan McGarry, da Universidade de Rhodes-\u00c1frica do Sul, que vem compartilhar conosco sua experi\u00eancia que une pesquisa, ativismo social e arte atrav\u00e9s de seu grupo Empatheatre. Durante [&hellip;]<\/p>\n","protected":false},"author":8,"featured_media":0,"parent":0,"menu_order":0,"comment_status":"closed","ping_status":"closed","template":"","meta":{"footnotes":""},"categories":[],"tags":[],"class_list":["post-5","page","type-page","status-publish","hentry"],"acf":[],"_links":{"self":[{"href":"https:\/\/www.ufsm.br\/cursos\/pos-graduacao\/santa-maria\/pgac\/wp-json\/wp\/v2\/pages\/5","targetHints":{"allow":["GET"]}}],"collection":[{"href":"https:\/\/www.ufsm.br\/cursos\/pos-graduacao\/santa-maria\/pgac\/wp-json\/wp\/v2\/pages"}],"about":[{"href":"https:\/\/www.ufsm.br\/cursos\/pos-graduacao\/santa-maria\/pgac\/wp-json\/wp\/v2\/types\/page"}],"author":[{"embeddable":true,"href":"https:\/\/www.ufsm.br\/cursos\/pos-graduacao\/santa-maria\/pgac\/wp-json\/wp\/v2\/users\/8"}],"replies":[{"embeddable":true,"href":"https:\/\/www.ufsm.br\/cursos\/pos-graduacao\/santa-maria\/pgac\/wp-json\/wp\/v2\/comments?post=5"}],"version-history":[{"count":0,"href":"https:\/\/www.ufsm.br\/cursos\/pos-graduacao\/santa-maria\/pgac\/wp-json\/wp\/v2\/pages\/5\/revisions"}],"wp:attachment":[{"href":"https:\/\/www.ufsm.br\/cursos\/pos-graduacao\/santa-maria\/pgac\/wp-json\/wp\/v2\/media?parent=5"}],"wp:term":[{"taxonomy":"category","embeddable":true,"href":"https:\/\/www.ufsm.br\/cursos\/pos-graduacao\/santa-maria\/pgac\/wp-json\/wp\/v2\/categories?post=5"},{"taxonomy":"post_tag","embeddable":true,"href":"https:\/\/www.ufsm.br\/cursos\/pos-graduacao\/santa-maria\/pgac\/wp-json\/wp\/v2\/tags?post=5"}],"curies":[{"name":"wp","href":"https:\/\/api.w.org\/{rel}","templated":true}]}}