{"id":160,"date":"2019-04-24T15:07:41","date_gmt":"2019-04-24T18:07:41","guid":{"rendered":"https:\/\/www.ufsm.br\/cursos\/pos-graduacao\/santa-maria\/pgds\/?page_id=160"},"modified":"2019-04-24T15:07:43","modified_gmt":"2019-04-24T18:07:43","slug":"historico-e-objetivos","status":"publish","type":"page","link":"https:\/\/www.ufsm.br\/cursos\/pos-graduacao\/santa-maria\/pgds\/historico-e-objetivos","title":{"rendered":"Hist\u00f3rico e Objetivos"},"content":{"rendered":"\n<h3>Hist\u00f3rico<\/h3>\n<p>\u00a0<\/p>\n<p>A Universidade Federal de Santa Maria criou, em 1975, o Curso de Estamparia T\u00eaxtil, o primeiro no Brasil e na Am\u00e9rica Latina. Desta forma, a Universidade buscava encontrar solu\u00e7\u00f5es para a situa\u00e7\u00e3o do design t\u00eaxtil no Brasil. Portanto, atrav\u00e9s de uma equipe de docentes desenvolveu, durante anos, pesquisas e metodologias de aprendizagem na \u00e1rea de design de superf\u00edcie, tendo realizado cursos de extens\u00e3o e aperfei\u00e7oamento em estamparia t\u00eaxtil para alunos egressos da gradua\u00e7\u00e3o e estagi\u00e1rios de ind\u00fastrias de todo o pa\u00eds.<\/p>\n<p>\u00a0<\/p>\n<p>Em decorr\u00eancia deste trabalho foi criado o P\u00f3lo T\u00eaxtil da UFSM, um conjunto de laborat\u00f3rios que permite o desenvolvimento de estamparia (cria\u00e7\u00e3o, estampagem e fixa\u00e7\u00e3o em tecidos). O P\u00f3lo T\u00eaxtil, durante longo per\u00edodo, foi considerado Centro de Excel\u00eancia na \u00e1rea pelo MEC.<\/p>\n<p>\u00a0<\/p>\n<p>Em 1988, dando continuidade a este trabalho e visando uma maior abrang\u00eancia, foi poss\u00edvel incrementar esta id\u00e9ia com um novo projeto: Curso de P\u00f3s-Gradua\u00e7\u00e3o em n\u00edvel de Especializa\u00e7\u00e3o em Design para Estamparia. At\u00e9 2012 permaneceu com esta nomenclatura, sendo oficialmente alterada na Institui\u00e7\u00e3o, a partir do m\u00eas de novembro, mudando seu nome para Especializa\u00e7\u00e3o em Design de Superf\u00edcie.<\/p>\n<p>\u00a0<\/p>\n<p>Os resultados das diversas edi\u00e7\u00f5es do Curso (1989, 1992, 1994, 1996, 1998, 2000, 2001, 2004, 2006, 2008, 2010, 2012, 2014) foram e s\u00e3o documentados em Monografias de Especializa\u00e7\u00e3o, que tem como premissa, al\u00e9m da pesquisa acad\u00eamica, a investiga\u00e7\u00e3o e o desenvolvimento de produtos poss\u00edveis de serem inseridos no mercado.<\/p>\n<p>\u00a0<\/p>\n<h3>Objetivos<\/h3>\n<p>\u00a0<\/p>\n<ul>\n<li>Formar especialistas na \u00e1rea de design de superf\u00edcie, preparando-os para atuarem como profissionais em ind\u00fastrias, empresas, est\u00fadios de cria\u00e7\u00e3o na \u00e1rea ou de forma independente, podendo tamb\u00e9m atuar no campo do ensino e forma\u00e7\u00e3o espec\u00edficos;<\/li>\n<li>Desenvolver compet\u00eancias para a concep\u00e7\u00e3o de projetos diferenciados a serem aplicados em superf\u00edcie t\u00eaxtil, em revestimento cer\u00e2mico, em superf\u00edcies de papel ou produtos similares, ou voltados a novos produtos, novas tecnologias e materiais que incluam o estudo de superf\u00edcies;<\/li>\n<li>Proporcionar o conhecimento acerca dos processos de produ\u00e7\u00e3o, tecnologias e mercado na \u00e1rea, tanto a n\u00edvel nacional como mundial.<\/li>\n<\/ul>\n","protected":false},"excerpt":{"rendered":"<p>Hist\u00f3rico \u00a0 A Universidade Federal de Santa Maria criou, em 1975, o Curso de Estamparia T\u00eaxtil, o primeiro no Brasil e na Am\u00e9rica Latina. Desta forma, a Universidade buscava encontrar solu\u00e7\u00f5es para a situa\u00e7\u00e3o do design t\u00eaxtil no Brasil. Portanto, atrav\u00e9s de uma equipe de docentes desenvolveu, durante anos, pesquisas e metodologias de aprendizagem na [&hellip;]<\/p>\n","protected":false},"author":772,"featured_media":0,"parent":0,"menu_order":0,"comment_status":"closed","ping_status":"closed","template":"","meta":{"footnotes":""},"categories":[],"tags":[],"class_list":["post-160","page","type-page","status-publish","hentry"],"acf":[],"_links":{"self":[{"href":"https:\/\/www.ufsm.br\/cursos\/pos-graduacao\/santa-maria\/pgds\/wp-json\/wp\/v2\/pages\/160","targetHints":{"allow":["GET"]}}],"collection":[{"href":"https:\/\/www.ufsm.br\/cursos\/pos-graduacao\/santa-maria\/pgds\/wp-json\/wp\/v2\/pages"}],"about":[{"href":"https:\/\/www.ufsm.br\/cursos\/pos-graduacao\/santa-maria\/pgds\/wp-json\/wp\/v2\/types\/page"}],"author":[{"embeddable":true,"href":"https:\/\/www.ufsm.br\/cursos\/pos-graduacao\/santa-maria\/pgds\/wp-json\/wp\/v2\/users\/772"}],"replies":[{"embeddable":true,"href":"https:\/\/www.ufsm.br\/cursos\/pos-graduacao\/santa-maria\/pgds\/wp-json\/wp\/v2\/comments?post=160"}],"version-history":[{"count":0,"href":"https:\/\/www.ufsm.br\/cursos\/pos-graduacao\/santa-maria\/pgds\/wp-json\/wp\/v2\/pages\/160\/revisions"}],"wp:attachment":[{"href":"https:\/\/www.ufsm.br\/cursos\/pos-graduacao\/santa-maria\/pgds\/wp-json\/wp\/v2\/media?parent=160"}],"wp:term":[{"taxonomy":"category","embeddable":true,"href":"https:\/\/www.ufsm.br\/cursos\/pos-graduacao\/santa-maria\/pgds\/wp-json\/wp\/v2\/categories?post=160"},{"taxonomy":"post_tag","embeddable":true,"href":"https:\/\/www.ufsm.br\/cursos\/pos-graduacao\/santa-maria\/pgds\/wp-json\/wp\/v2\/tags?post=160"}],"curies":[{"name":"wp","href":"https:\/\/api.w.org\/{rel}","templated":true}]}}