{"id":163,"date":"2019-04-24T15:15:49","date_gmt":"2019-04-24T18:15:49","guid":{"rendered":"https:\/\/www.ufsm.br\/cursos\/pos-graduacao\/santa-maria\/pgds\/?page_id=163"},"modified":"2019-04-24T15:15:51","modified_gmt":"2019-04-24T18:15:51","slug":"documentos-oficiais","status":"publish","type":"page","link":"https:\/\/www.ufsm.br\/cursos\/pos-graduacao\/santa-maria\/pgds\/documentos-oficiais","title":{"rendered":"Documentos Oficiais"},"content":{"rendered":"\n<p>Estatuto da UFSM (Clique aqui)<\/p>\n<p>\u00a0<\/p>\n<p>Regimento Geral da UFSM (Clique aqui)<\/p>\n<p>\u00a0<\/p>\n<p>Projeto Pol\u00edtico-Pedag\u00f3gico UFSM (Clique aqui)<\/p>\n<p>\u00a0<\/p>\n<p>Projeto Pol\u00edtico-Pedag\u00f3gico PGDS (Em Atualiza\u00e7\u00e3o)<\/p>\n","protected":false},"excerpt":{"rendered":"<p>Estatuto da UFSM (Clique aqui) \u00a0 Regimento Geral da UFSM (Clique aqui) \u00a0 Projeto Pol\u00edtico-Pedag\u00f3gico UFSM (Clique aqui) \u00a0 Projeto Pol\u00edtico-Pedag\u00f3gico PGDS (Em Atualiza\u00e7\u00e3o)<\/p>\n","protected":false},"author":772,"featured_media":0,"parent":0,"menu_order":0,"comment_status":"closed","ping_status":"closed","template":"","meta":{"footnotes":""},"categories":[],"tags":[],"class_list":["post-163","page","type-page","status-publish","hentry"],"acf":[],"_links":{"self":[{"href":"https:\/\/www.ufsm.br\/cursos\/pos-graduacao\/santa-maria\/pgds\/wp-json\/wp\/v2\/pages\/163","targetHints":{"allow":["GET"]}}],"collection":[{"href":"https:\/\/www.ufsm.br\/cursos\/pos-graduacao\/santa-maria\/pgds\/wp-json\/wp\/v2\/pages"}],"about":[{"href":"https:\/\/www.ufsm.br\/cursos\/pos-graduacao\/santa-maria\/pgds\/wp-json\/wp\/v2\/types\/page"}],"author":[{"embeddable":true,"href":"https:\/\/www.ufsm.br\/cursos\/pos-graduacao\/santa-maria\/pgds\/wp-json\/wp\/v2\/users\/772"}],"replies":[{"embeddable":true,"href":"https:\/\/www.ufsm.br\/cursos\/pos-graduacao\/santa-maria\/pgds\/wp-json\/wp\/v2\/comments?post=163"}],"version-history":[{"count":0,"href":"https:\/\/www.ufsm.br\/cursos\/pos-graduacao\/santa-maria\/pgds\/wp-json\/wp\/v2\/pages\/163\/revisions"}],"wp:attachment":[{"href":"https:\/\/www.ufsm.br\/cursos\/pos-graduacao\/santa-maria\/pgds\/wp-json\/wp\/v2\/media?parent=163"}],"wp:term":[{"taxonomy":"category","embeddable":true,"href":"https:\/\/www.ufsm.br\/cursos\/pos-graduacao\/santa-maria\/pgds\/wp-json\/wp\/v2\/categories?post=163"},{"taxonomy":"post_tag","embeddable":true,"href":"https:\/\/www.ufsm.br\/cursos\/pos-graduacao\/santa-maria\/pgds\/wp-json\/wp\/v2\/tags?post=163"}],"curies":[{"name":"wp","href":"https:\/\/api.w.org\/{rel}","templated":true}]}}