{"id":165,"date":"2019-04-24T15:16:53","date_gmt":"2019-04-24T18:16:53","guid":{"rendered":"https:\/\/www.ufsm.br\/cursos\/pos-graduacao\/santa-maria\/pgds\/?page_id=165"},"modified":"2022-03-07T10:20:38","modified_gmt":"2022-03-07T13:20:38","slug":"docentes","status":"publish","type":"page","link":"https:\/\/www.ufsm.br\/cursos\/pos-graduacao\/santa-maria\/pgds\/docentes","title":{"rendered":"Docentes"},"content":{"rendered":"\n<p>\u00a0<\/p>\n<p>\u00a0<\/p>\n<p class=\"yiv1306826017msonormal\"><strong>J\u00falio C\u00e9sar Pinheiro Pires- Dr. UFSM<\/strong>\u00a0<\/p>\n<p>Doutor em Design [UFRGS, 2017]. Mestre em Design [UFRGS, 2010]. Graduado em Arquitetura e Urbanismo [Unisinos, 2004]. Docente Adjunto no Curso de Arquitetura e Urbanismo da Universidade Federal de Santa Maria, Campus de Cachoeira do Sul, RS. Tem experi\u00eancia nas \u00e1reas de Design e Arquitetura, atuando principalmente nos seguintes temas: computa\u00e7\u00e3o gr\u00e1fica, energia e\u00f3lica, gera\u00e7\u00e3o distribu\u00edda de energia, design da informa\u00e7\u00e3o e aplicativos web-based.<\/p>\n<p>Curr\u00edculo Lattes:\u00a0 <a href=\"http:\/\/lattes.cnpq.br\/4878644688172256\">http:\/\/lattes.cnpq.br\/4878644688172256<\/a><\/p>\n<p>\u00a0<\/p>\n<p><strong>Marilaine Pozatti Amadori &#8211; Dr\u00aa UFSM<\/strong><\/p>\n<p>Gradua\u00e7\u00e3o em Desenho e Pl\u00e1stica pela Universidade Federal de Santa Maria (1997), Gradua\u00e7\u00e3o em Licenciatura em Desenho e Pl\u00e1stica pela Universidade Federal de Santa Maria (2001), Especializa\u00e7\u00e3o em Design para Estamparia (2002), Mestrado em Educa\u00e7\u00e3o pela Universidade Federal de Santa Maria (2004). Doutora em Tecnologia dell\u2019Architettura e Design pela Universit\u00e0degli Studi di Firenze, It\u00e1lia (2014).<\/p>\n<p>Atualmente \u00e9 professora adjunta da Universidade Federal de Santa Maria, atua no Curso de Desenho Industrial. Tem experi\u00eancia na \u00e1rea de Artes e Design, com \u00eanfase em Ensino de Design, atuando principalmente nos seguintes temas: desenho, cor, processo criativo, leitura de imagem, contexto cultural, design de superf\u00edcie e design para bens culturais.<\/p>\n<p>Curr\u00edculo Lattes: <a href=\"http:\/\/lattes.cnpq.br\/3053036805154252\">http:\/\/lattes.cnpq.br\/3053036805154252<\/a><\/p>\n<p>\u00a0<\/p>\n<p><strong>Mirian Martins Finge<\/strong>r\u00a0<strong>&#8211; Dr\u00aa UFSM<\/strong><\/p>\n<p>Doutora em Epistemologia e Hist\u00f3ria da Ci\u00eancia [UNTREF-AR]. Doutora em Hist\u00f3ria [UFSM, 2017]. Mestre em Educa\u00e7\u00e3o [Ensino da Arte, UFSM, 2003]. Graduada em Desenho e Pl\u00e1stica [UFSM \u2013 Bacharelado, 1999 e Licenciatura, 2001]. Professora Adjunta do Departamento de Artes Visuais, UFSM. Foi coordenadora da UAB-UFSM e representante da UFSM na UniRede. Atua como professor-pesquisador UAB-CAPES.Tem experi\u00eancia na \u00e1rea de Artes, com \u00eanfase em Fundamentos e Cr\u00edtica das Artes, atuando principalmente nos temas: ensino de arte, pintura, hist\u00f3ria, aprecia\u00e7\u00e3o da arte e arte-educa\u00e7\u00e3o.<\/p>\n<p>Curr\u00edculo Lattes:\u00a0 <a href=\"http:\/\/lattes.cnpq.br\/1554371859736680\">http:\/\/lattes.cnpq.br\/1554371859736680<\/a><\/p>\n<p class=\"yiv1306826017msonormal\">\u00a0<\/p>\n<p class=\"yiv1306826017msonormal\"><strong>Reinilda de F\u00e1tima Berguenmayer Minuzzi &#8211; Dr\u00aa UFSM<\/strong><\/p>\n<p>Doutora e Mestre em Engenharia de Produ\u00e7\u00e3o [Gest\u00e3o Integrada do Design, UFSC\/2006 e 2001]. Especialista em Design para Estamparia [Design T\u00eaxtil\/UFSM, 1990]. Graduada em Artes e Design [UFSM, 1984 e 1986]. Atua no Programa de P\u00f3s-Gradua\u00e7\u00e3o em Artes Visuais (PPGART-UFSM) como docente e orientadora desde 2007. Coordena o LAD\/Laborat\u00f3rio de Pesquisa Arte e Design e lidera o Grupo de Pesquisa Arte e Design\/CNPq-UFSM, enfocando as rela\u00e7\u00f5es arte, design e tecnologia. Tem experi\u00eancia nas \u00e1reas de Artes e Design, atuando nos seguintes temas: processos h\u00edbridos nas artes visuais, estamparia, design de superf\u00edcie, design cer\u00e2mico e t\u00eaxtil, gest\u00e3o do design, forma\u00e7\u00e3o e atua\u00e7\u00e3o profissional, ambientes virtuais de aprendizagem.<\/p>\n<p>Curr\u00edculo Lattes:\u00a0 <a href=\"http:\/\/lattes.cnpq.br\/1234650265478193\">http:\/\/lattes.cnpq.br\/1234650265478193<\/a><\/p>\n<p>\u00a0<\/p>\n<p><strong>Elias Edmundo Maroso, Dndo. UFRGS<\/strong><\/p>\n<p>Doutorando em Artes Visuais (PPGAV\/UFRGS), \u00eanfase em Po\u00e9ticas Visuais, linha de pesquisa Linguagens e Contextos de Cria\u00e7\u00e3o. Com forma\u00e7\u00e3o em Artes Visuais bacharelado em Desenho e Pl\u00e1stica (UFSM), Est\u00e9ticas Contempor\u00e2neas &#8211; interc\u00e2mbio na Escuela de Bellas Artes (Universidad de la Rep\u00fablica &#8211; Montevid\u00e9u, Uruguai), Design de Superf\u00edcie &#8211; Especializa\u00e7\u00e3o (UFSM) e Mestrado em Arte e Tecnologia, Po\u00e9ticas Visuais (PPGART \/ UFSM).<\/p>\n<p>Desenvolve pesquisa individual em artes visuais voltada ao desenho art\u00edstico, objeto e interven\u00e7\u00e3o. Membro-fundador da Sala Dobradi\u00e7a, de Santa Maria\/RS, onde atua como gestor e artista. Pela Sala Dobradi\u00e7a, participou da 7\u00aa e 8\u00aa Bienal do Mercosul, em 2009 e 2011, respectivamente. No ano de 2014, comp\u00f4s a Equipe Multidisciplinar da Universidade Aberta do Brasil, pertencente ao N\u00facleo de Tecnologia Educacional da UFSM (EMUAB \/ NTE ), desempenhando aplica\u00e7\u00f5es em programa\u00e7\u00e3o visual como professor-pesquisador do ensino a dist\u00e2ncia, bem como do ensino presencial mediado por plataformas digitais. Integrante do Grupo Arte e Design (CNPq) e do Grupos de Pesquisa Ve\u00edculos da Arte (UFRGS &#8211; CNPq).<\/p>\n<p>Curr\u00edculo Lattes: <a href=\"http:\/\/lattes.cnpq.br\/2618017740331582\">http:\/\/lattes.cnpq.br\/2618017740331582<\/a><\/p>\n<p>\u00a0<\/p>\n<p><strong>Valdemir de Oliveira, Dndo. UFSM<\/strong><\/p>\n<p>Doutorando em Artes Visuais pelo Programa de P\u00f3s-Gradua\u00e7\u00e3o em Artes Visuais da Universidade Federal de Santa Maria &#8211; UFSM. Atualmente \u00e9 professor titular da Universidade do Estado do Amazonas &#8211; UEA. Possui gradua\u00e7\u00e3o em Desenho e Pl\u00e1stica Bacharelado pela UFSM (1997), gradua\u00e7\u00e3o em Desenho e Pl\u00e1stica Licenciatura pela UFSM (2004) e mestrado em Educa\u00e7\u00e3o pela UFSM (2004). Membro do Grupo de Pesquisa Arte e Design &#8211; UFSM. Membro do grupo de Pesquisa Intercidade &#8211; UEA.<\/p>\n<p>Realiza pesquisa, consultoria e oficinas nas \u00e1reas de arte-educa\u00e7\u00e3o, dan\u00e7a-educa\u00e7\u00e3o, gest\u00e3o cultural, metodologia (pesquisa\/estudo) e performance. Tem experi\u00eancia na \u00e1rea de Educa\u00e7\u00e3o, com \u00eanfase em Arte Educa\u00e7\u00e3o, atuando principalmente nos seguintes temas: dan\u00e7a, artes visuais, performances, arte e media\u00e7\u00f5es tecnol\u00f3gicas e videodan\u00e7a. Diretor e int\u00e9rprete da CIA 2 desde 2014, com produ\u00e7\u00f5es na \u00e1rea de dan\u00e7a, videodan\u00e7a e v\u00eddeo\/foto\/performance. Membro fundador, curador, consultor da Mostra Internacional de Videodan\u00e7a na Amaz\u00f4nia.<\/p>\n<p>Curr\u00edculo Lattes: <a href=\"http:\/\/lattes.cnpq.br\/5533408210488102\">http:\/\/lattes.cnpq.br\/5533408210488102<\/a><\/p>\n<p>\u00a0<\/p>\n<p><strong>Ricardo da Silva Mayer, Me. UFSM<\/strong><\/p>\n<p>Gradua\u00e7\u00e3o em Comunica\u00e7\u00e3o Visual (atual Desenho Industrial) pela Universidade Federal de Santa Maria, Santa Maria, RS, 1989. P\u00f3s-gradua\u00e7\u00e3o (Especializa\u00e7\u00e3o) em Gest\u00e3o Estrat\u00e9gica de Embalagem, ESPM, S\u00e3o Paulo, SP, 2008. P\u00f3s-gradua\u00e7\u00e3o (Especializa\u00e7\u00e3o) em Engenharia de Embalagem no Instituto Mau\u00e1 de Tecnologia, S\u00e3o Caetano do Sul, SP, 2012. Mestrado Profissional em Patrim\u00f4nio Cultural pela Universidade Federal de Santa Maria, RS, 2018.<\/p>\n<p>Designer gr\u00e1fico atuante desde 1988, com larga experi\u00eancia em projetos de design, especialmente de embalagens e amplo conhecimento dos processos gr\u00e1ficos e industriais. Atuou como professor do Curso de Design de Produto do Centro Universit\u00e1rio Franciscano em Santa Maria, RS e no Curso Trienal de Design de Moda do Instituto Europeu de Design, em S\u00e3o Paulo, SP.<\/p>\n<p>Curr\u00edculo Lattes: <a href=\"http:\/\/lattes.cnpq.br\/7269740828922367\">http:\/\/lattes.cnpq.br\/7269740828922367<\/a><\/p>\n<p>\u00a0<\/p>\n<p><strong>Wagner de Souza Antonio &#8211; Dndo. UFSM<\/strong><\/p>\n<p>Doutorando em Artes Visuais pelo Programa de P\u00f3s-Gradua\u00e7\u00e3o em Artes Visuais-PPGART, UFSM [2019-2022]. Mestre em Artes Visuais, na linha Arte e Tecnologia [PPGART-UFSM, 2018]. Especializa\u00e7\u00e3o em Cinema e Audiovisual EAD, pela Universidade Est\u00e1cio de S\u00e1 [em andamento]. Gradua\u00e7\u00e3o em Design de Produto pela Universidade Franciscana, Santa Maria, RS [2014].<\/p>\n<p>Assina a produ\u00e7\u00e3o em artes visuais como Calixto Bento. Integra a Acasos Cia. de Dan\u00e7a e Cinelante, investigando entrecruzamentos entre dan\u00e7a e audiovisual. Possui experi\u00eancia na \u00e1rea de design gr\u00e1fico e webdesign, atuando no mercado publicit\u00e1rio desde 2003, com desenvolvimento de pe\u00e7as gr\u00e1ficas e para m\u00eddias digitais. Integrou a equipe da Unidade de Tecnologia da Informa\u00e7\u00e3o da Universidade Franciscana em Santa Maria\/RS. Membro do Grupo de Pesquisa Arte e Design CNPq-UFSM, desde 2014. Professor colaborador em Cursos de Especializa\u00e7\u00e3o EAD e presencial na UFSM. Atua principalmente nos seguintes temas: artes visuais, audiovisual, design gr\u00e1fico, web design, produ\u00e7\u00e3o de conte\u00fados digitais.<\/p>\n<p>Curr\u00edculo Lattes:<a href=\"http:\/\/lattes.cnpq.br\/1528511102768395\">http:\/\/lattes.cnpq.br\/1528511102768395<\/a><\/p>\n","protected":false},"excerpt":{"rendered":"<p>\u00a0 \u00a0 J\u00falio C\u00e9sar Pinheiro Pires- Dr. UFSM\u00a0 Doutor em Design [UFRGS, 2017]. Mestre em Design [UFRGS, 2010]. Graduado em Arquitetura e Urbanismo [Unisinos, 2004]. Docente Adjunto no Curso de Arquitetura e Urbanismo da Universidade Federal de Santa Maria, Campus de Cachoeira do Sul, RS. Tem experi\u00eancia nas \u00e1reas de Design e Arquitetura, atuando principalmente [&hellip;]<\/p>\n","protected":false},"author":772,"featured_media":0,"parent":0,"menu_order":0,"comment_status":"closed","ping_status":"closed","template":"","meta":{"footnotes":""},"categories":[],"tags":[],"class_list":["post-165","page","type-page","status-publish","hentry"],"acf":[],"_links":{"self":[{"href":"https:\/\/www.ufsm.br\/cursos\/pos-graduacao\/santa-maria\/pgds\/wp-json\/wp\/v2\/pages\/165","targetHints":{"allow":["GET"]}}],"collection":[{"href":"https:\/\/www.ufsm.br\/cursos\/pos-graduacao\/santa-maria\/pgds\/wp-json\/wp\/v2\/pages"}],"about":[{"href":"https:\/\/www.ufsm.br\/cursos\/pos-graduacao\/santa-maria\/pgds\/wp-json\/wp\/v2\/types\/page"}],"author":[{"embeddable":true,"href":"https:\/\/www.ufsm.br\/cursos\/pos-graduacao\/santa-maria\/pgds\/wp-json\/wp\/v2\/users\/772"}],"replies":[{"embeddable":true,"href":"https:\/\/www.ufsm.br\/cursos\/pos-graduacao\/santa-maria\/pgds\/wp-json\/wp\/v2\/comments?post=165"}],"version-history":[{"count":0,"href":"https:\/\/www.ufsm.br\/cursos\/pos-graduacao\/santa-maria\/pgds\/wp-json\/wp\/v2\/pages\/165\/revisions"}],"wp:attachment":[{"href":"https:\/\/www.ufsm.br\/cursos\/pos-graduacao\/santa-maria\/pgds\/wp-json\/wp\/v2\/media?parent=165"}],"wp:term":[{"taxonomy":"category","embeddable":true,"href":"https:\/\/www.ufsm.br\/cursos\/pos-graduacao\/santa-maria\/pgds\/wp-json\/wp\/v2\/categories?post=165"},{"taxonomy":"post_tag","embeddable":true,"href":"https:\/\/www.ufsm.br\/cursos\/pos-graduacao\/santa-maria\/pgds\/wp-json\/wp\/v2\/tags?post=165"}],"curies":[{"name":"wp","href":"https:\/\/api.w.org\/{rel}","templated":true}]}}