{"id":167,"date":"2019-04-24T15:28:40","date_gmt":"2019-04-24T18:28:40","guid":{"rendered":"https:\/\/www.ufsm.br\/cursos\/pos-graduacao\/santa-maria\/pgds\/?page_id=167"},"modified":"2019-04-24T15:28:41","modified_gmt":"2019-04-24T18:28:41","slug":"design-de-superficie-textil-e-afins","status":"publish","type":"page","link":"https:\/\/www.ufsm.br\/cursos\/pos-graduacao\/santa-maria\/pgds\/design-de-superficie-textil-e-afins","title":{"rendered":"Design de Superf\u00edcie T\u00eaxtil e Afins"},"content":{"rendered":"\n<p>Abarca os estudos e projetos voltados ao suporte t\u00eaxtil, como as cria\u00e7\u00f5es para estamparia sobre tecido plano, para malharia ou tecelagem e outros que estejam relacionados ao segmento, sejam projetados para vestu\u00e1rio, decora\u00e7\u00e3o de interiores, acess\u00f3rios e\/ou uso em produtos espec\u00edficos.<\/p>\n","protected":false},"excerpt":{"rendered":"<p>Abarca os estudos e projetos voltados ao suporte t\u00eaxtil, como as cria\u00e7\u00f5es para estamparia sobre tecido plano, para malharia ou tecelagem e outros que estejam relacionados ao segmento, sejam projetados para vestu\u00e1rio, decora\u00e7\u00e3o de interiores, acess\u00f3rios e\/ou uso em produtos espec\u00edficos.<\/p>\n","protected":false},"author":772,"featured_media":0,"parent":0,"menu_order":0,"comment_status":"closed","ping_status":"closed","template":"","meta":{"footnotes":""},"categories":[],"tags":[],"class_list":["post-167","page","type-page","status-publish","hentry"],"acf":[],"_links":{"self":[{"href":"https:\/\/www.ufsm.br\/cursos\/pos-graduacao\/santa-maria\/pgds\/wp-json\/wp\/v2\/pages\/167","targetHints":{"allow":["GET"]}}],"collection":[{"href":"https:\/\/www.ufsm.br\/cursos\/pos-graduacao\/santa-maria\/pgds\/wp-json\/wp\/v2\/pages"}],"about":[{"href":"https:\/\/www.ufsm.br\/cursos\/pos-graduacao\/santa-maria\/pgds\/wp-json\/wp\/v2\/types\/page"}],"author":[{"embeddable":true,"href":"https:\/\/www.ufsm.br\/cursos\/pos-graduacao\/santa-maria\/pgds\/wp-json\/wp\/v2\/users\/772"}],"replies":[{"embeddable":true,"href":"https:\/\/www.ufsm.br\/cursos\/pos-graduacao\/santa-maria\/pgds\/wp-json\/wp\/v2\/comments?post=167"}],"version-history":[{"count":0,"href":"https:\/\/www.ufsm.br\/cursos\/pos-graduacao\/santa-maria\/pgds\/wp-json\/wp\/v2\/pages\/167\/revisions"}],"wp:attachment":[{"href":"https:\/\/www.ufsm.br\/cursos\/pos-graduacao\/santa-maria\/pgds\/wp-json\/wp\/v2\/media?parent=167"}],"wp:term":[{"taxonomy":"category","embeddable":true,"href":"https:\/\/www.ufsm.br\/cursos\/pos-graduacao\/santa-maria\/pgds\/wp-json\/wp\/v2\/categories?post=167"},{"taxonomy":"post_tag","embeddable":true,"href":"https:\/\/www.ufsm.br\/cursos\/pos-graduacao\/santa-maria\/pgds\/wp-json\/wp\/v2\/tags?post=167"}],"curies":[{"name":"wp","href":"https:\/\/api.w.org\/{rel}","templated":true}]}}