{"id":168,"date":"2019-04-24T15:29:00","date_gmt":"2019-04-24T18:29:00","guid":{"rendered":"https:\/\/www.ufsm.br\/cursos\/pos-graduacao\/santa-maria\/pgds\/?page_id=168"},"modified":"2019-04-24T15:29:02","modified_gmt":"2019-04-24T18:29:02","slug":"design-de-superficie-ceramico-e-afins","status":"publish","type":"page","link":"https:\/\/www.ufsm.br\/cursos\/pos-graduacao\/santa-maria\/pgds\/design-de-superficie-ceramico-e-afins","title":{"rendered":"Design de Superf\u00edcie Cer\u00e2mico e Afins"},"content":{"rendered":"\n<p>Abarca os estudos e projetos voltados ao suporte cer\u00e2mico, como estamparia para revestimentos (azulejos e pisos), mosaicos, pastilhas de vidro, vidro estampado, pisos e revestimentos ciment\u00edcios em geral, ladrilho hidr\u00e1ulico e outros que estejam relacionados ao segmento, sejam projetados para uso interno ou externo, ambientes comerciais ou residenciais, vinculados ou n\u00e3o \u00e0 arquitetura de interiores, seja em espa\u00e7os privados ou p\u00fablicos.<\/p>\n","protected":false},"excerpt":{"rendered":"<p>Abarca os estudos e projetos voltados ao suporte cer\u00e2mico, como estamparia para revestimentos (azulejos e pisos), mosaicos, pastilhas de vidro, vidro estampado, pisos e revestimentos ciment\u00edcios em geral, ladrilho hidr\u00e1ulico e outros que estejam relacionados ao segmento, sejam projetados para uso interno ou externo, ambientes comerciais ou residenciais, vinculados ou n\u00e3o \u00e0 arquitetura de interiores, [&hellip;]<\/p>\n","protected":false},"author":772,"featured_media":0,"parent":0,"menu_order":0,"comment_status":"closed","ping_status":"closed","template":"","meta":{"footnotes":""},"categories":[],"tags":[],"class_list":["post-168","page","type-page","status-publish","hentry"],"acf":[],"_links":{"self":[{"href":"https:\/\/www.ufsm.br\/cursos\/pos-graduacao\/santa-maria\/pgds\/wp-json\/wp\/v2\/pages\/168","targetHints":{"allow":["GET"]}}],"collection":[{"href":"https:\/\/www.ufsm.br\/cursos\/pos-graduacao\/santa-maria\/pgds\/wp-json\/wp\/v2\/pages"}],"about":[{"href":"https:\/\/www.ufsm.br\/cursos\/pos-graduacao\/santa-maria\/pgds\/wp-json\/wp\/v2\/types\/page"}],"author":[{"embeddable":true,"href":"https:\/\/www.ufsm.br\/cursos\/pos-graduacao\/santa-maria\/pgds\/wp-json\/wp\/v2\/users\/772"}],"replies":[{"embeddable":true,"href":"https:\/\/www.ufsm.br\/cursos\/pos-graduacao\/santa-maria\/pgds\/wp-json\/wp\/v2\/comments?post=168"}],"version-history":[{"count":0,"href":"https:\/\/www.ufsm.br\/cursos\/pos-graduacao\/santa-maria\/pgds\/wp-json\/wp\/v2\/pages\/168\/revisions"}],"wp:attachment":[{"href":"https:\/\/www.ufsm.br\/cursos\/pos-graduacao\/santa-maria\/pgds\/wp-json\/wp\/v2\/media?parent=168"}],"wp:term":[{"taxonomy":"category","embeddable":true,"href":"https:\/\/www.ufsm.br\/cursos\/pos-graduacao\/santa-maria\/pgds\/wp-json\/wp\/v2\/categories?post=168"},{"taxonomy":"post_tag","embeddable":true,"href":"https:\/\/www.ufsm.br\/cursos\/pos-graduacao\/santa-maria\/pgds\/wp-json\/wp\/v2\/tags?post=168"}],"curies":[{"name":"wp","href":"https:\/\/api.w.org\/{rel}","templated":true}]}}