{"id":265,"date":"2019-04-24T16:40:00","date_gmt":"2019-04-24T19:40:00","guid":{"rendered":"https:\/\/www.ufsm.br\/cursos\/pos-graduacao\/santa-maria\/pgds\/?page_id=265"},"modified":"2020-11-12T17:43:11","modified_gmt":"2020-11-12T20:43:11","slug":"processo-seletivo","status":"publish","type":"page","link":"https:\/\/www.ufsm.br\/cursos\/pos-graduacao\/santa-maria\/pgds\/processo-seletivo","title":{"rendered":"Processo Seletivo"},"content":{"rendered":"\n<p>Podem se candidatar ao processo seletivo do PGDS egressos de cursos nas \u00e1reas das artes visuais, arquitetura,\u00a0moda e estilismo,\u00a0desenho industrial, design e \u00e1reas afins. Para a inscri\u00e7\u00e3o, faz-se necess\u00e1ria a apresenta\u00e7\u00e3o de:<\/p>\n<p>\u2022\u00a0\u00a0\u00a0Anteprojeto de pesquisa, objeto da monografia, com at\u00e9 dez p\u00e1ginas;<\/p>\n<p>\u2022\u00a0\u00a0\u00a0Portf\u00f3lio (trabalhos pessoais, realizados principalmente em cores);<\/p>\n<p>\u2022\u00a0\u00a0\u00a0Curr\u00edculo acad\u00eamico comprovado.<\/p>\n<p>Igualmente, na fase final, \u00e9 realizada uma Entrevista com os candidatos pela Comiss\u00e3o de Processo Seletivo. Cada crit\u00e9rio tem um peso diferenciado na avalia\u00e7\u00e3o, sendo divulgado atrav\u00e9s de Edital espec\u00edfico na p\u00e1gina da UFSM.<\/p>\n<p>As inscri\u00e7\u00f5es ser\u00e3o realizadas no site da UFSM, durante o per\u00edodo fixado no calend\u00e1rio letivo da UFSM ou em situa\u00e7\u00f5es especiais, em per\u00edodo excepcional. \u00c9 de inteira responsabilidade do candidato a leitura integral do EDITAL e o atendimento aos crit\u00e9rios e prazos exigidos para participa\u00e7\u00e3o no processo seletivo.<\/p>\n<p>A documenta\u00e7\u00e3o requerida dever\u00e1 ser enviada \u00e0 secretaria do PGDS, por meio de Sedex, e a integralidade da documenta\u00e7\u00e3o ser\u00e1 de responsabilidade exclusiva do candidato.<\/p>\n<p>\u00a0<\/p>\n<p>\u00a0<\/p>\n","protected":false},"excerpt":{"rendered":"<p>Podem se candidatar ao processo seletivo do PGDS egressos de cursos nas \u00e1reas das artes visuais, arquitetura,\u00a0moda e estilismo,\u00a0desenho industrial, design e \u00e1reas afins. Para a inscri\u00e7\u00e3o, faz-se necess\u00e1ria a apresenta\u00e7\u00e3o de: \u2022\u00a0\u00a0\u00a0Anteprojeto de pesquisa, objeto da monografia, com at\u00e9 dez p\u00e1ginas; \u2022\u00a0\u00a0\u00a0Portf\u00f3lio (trabalhos pessoais, realizados principalmente em cores); \u2022\u00a0\u00a0\u00a0Curr\u00edculo acad\u00eamico comprovado. Igualmente, na fase [&hellip;]<\/p>\n","protected":false},"author":772,"featured_media":0,"parent":0,"menu_order":0,"comment_status":"closed","ping_status":"closed","template":"","meta":{"footnotes":""},"categories":[],"tags":[],"class_list":["post-265","page","type-page","status-publish","hentry"],"acf":[],"_links":{"self":[{"href":"https:\/\/www.ufsm.br\/cursos\/pos-graduacao\/santa-maria\/pgds\/wp-json\/wp\/v2\/pages\/265","targetHints":{"allow":["GET"]}}],"collection":[{"href":"https:\/\/www.ufsm.br\/cursos\/pos-graduacao\/santa-maria\/pgds\/wp-json\/wp\/v2\/pages"}],"about":[{"href":"https:\/\/www.ufsm.br\/cursos\/pos-graduacao\/santa-maria\/pgds\/wp-json\/wp\/v2\/types\/page"}],"author":[{"embeddable":true,"href":"https:\/\/www.ufsm.br\/cursos\/pos-graduacao\/santa-maria\/pgds\/wp-json\/wp\/v2\/users\/772"}],"replies":[{"embeddable":true,"href":"https:\/\/www.ufsm.br\/cursos\/pos-graduacao\/santa-maria\/pgds\/wp-json\/wp\/v2\/comments?post=265"}],"version-history":[{"count":0,"href":"https:\/\/www.ufsm.br\/cursos\/pos-graduacao\/santa-maria\/pgds\/wp-json\/wp\/v2\/pages\/265\/revisions"}],"wp:attachment":[{"href":"https:\/\/www.ufsm.br\/cursos\/pos-graduacao\/santa-maria\/pgds\/wp-json\/wp\/v2\/media?parent=265"}],"wp:term":[{"taxonomy":"category","embeddable":true,"href":"https:\/\/www.ufsm.br\/cursos\/pos-graduacao\/santa-maria\/pgds\/wp-json\/wp\/v2\/categories?post=265"},{"taxonomy":"post_tag","embeddable":true,"href":"https:\/\/www.ufsm.br\/cursos\/pos-graduacao\/santa-maria\/pgds\/wp-json\/wp\/v2\/tags?post=265"}],"curies":[{"name":"wp","href":"https:\/\/api.w.org\/{rel}","templated":true}]}}