{"id":385,"date":"2020-11-14T12:04:24","date_gmt":"2020-11-14T15:04:24","guid":{"rendered":"https:\/\/www.ufsm.br\/cursos\/pos-graduacao\/santa-maria\/pgds\/?page_id=385"},"modified":"2020-11-14T12:08:05","modified_gmt":"2020-11-14T15:08:05","slug":"edital-de-selecao-2020-02","status":"publish","type":"page","link":"https:\/\/www.ufsm.br\/cursos\/pos-graduacao\/santa-maria\/pgds\/edital-de-selecao-2020-02","title":{"rendered":"Edital de sele\u00e7\u00e3o 2020\/02"},"content":{"rendered":"\n<p>A inscri\u00e7\u00e3o e o envio dos documentos necess\u00e1rios \u00e0 avalia\u00e7\u00e3o do candidato ser\u00e1 realizada via<br \/>web, de <strong>19 a 28 de setembro<\/strong>, <strong>at\u00e9 as 13h00min<\/strong> no link dispon\u00edvel na p\u00e1gina do Edital<br \/>032\/2020\/PRPGP, no endere\u00e7o eletr\u00f4nico https:\/\/www.ufsm.br\/editais, filtrando por Editais da<br \/>PRPGP, sendo essa a \u00fanica modalidade de inscri\u00e7\u00e3o aceita.<\/p>\n<p>*Mais informa\u00e7\u00f5es em editais, no site da <a href=\"https:\/\/www.ufsm.br\/pro-reitorias\/prpgp\/\">PRGP<\/a><\/p>\n<p>**Edital de ingresso no curso de Especializa\u00e7\u00e3o em Design de Superf\u00edcie\u00a0 2020\/02 , <a href=\"https:\/\/www.ufsm.br\/app\/uploads\/sites\/345\/2020\/09\/EdEsp32.38-20-Esp_DesgSuperficie_Retif.pdf\">clique aqui.<\/a><\/p>\n<p>\u00a0<\/p>\n","protected":false},"excerpt":{"rendered":"<p>A inscri\u00e7\u00e3o e o envio dos documentos necess\u00e1rios \u00e0 avalia\u00e7\u00e3o do candidato ser\u00e1 realizada viaweb, de 19 a 28 de setembro, at\u00e9 as 13h00min no link dispon\u00edvel na p\u00e1gina do Edital032\/2020\/PRPGP, no endere\u00e7o eletr\u00f4nico https:\/\/www.ufsm.br\/editais, filtrando por Editais daPRPGP, sendo essa a \u00fanica modalidade de inscri\u00e7\u00e3o aceita. *Mais informa\u00e7\u00f5es em editais, no site da PRGP [&hellip;]<\/p>\n","protected":false},"author":3590,"featured_media":0,"parent":0,"menu_order":0,"comment_status":"closed","ping_status":"closed","template":"","meta":{"footnotes":""},"categories":[],"tags":[],"class_list":["post-385","page","type-page","status-publish","hentry"],"acf":[],"_links":{"self":[{"href":"https:\/\/www.ufsm.br\/cursos\/pos-graduacao\/santa-maria\/pgds\/wp-json\/wp\/v2\/pages\/385","targetHints":{"allow":["GET"]}}],"collection":[{"href":"https:\/\/www.ufsm.br\/cursos\/pos-graduacao\/santa-maria\/pgds\/wp-json\/wp\/v2\/pages"}],"about":[{"href":"https:\/\/www.ufsm.br\/cursos\/pos-graduacao\/santa-maria\/pgds\/wp-json\/wp\/v2\/types\/page"}],"author":[{"embeddable":true,"href":"https:\/\/www.ufsm.br\/cursos\/pos-graduacao\/santa-maria\/pgds\/wp-json\/wp\/v2\/users\/3590"}],"replies":[{"embeddable":true,"href":"https:\/\/www.ufsm.br\/cursos\/pos-graduacao\/santa-maria\/pgds\/wp-json\/wp\/v2\/comments?post=385"}],"version-history":[{"count":0,"href":"https:\/\/www.ufsm.br\/cursos\/pos-graduacao\/santa-maria\/pgds\/wp-json\/wp\/v2\/pages\/385\/revisions"}],"wp:attachment":[{"href":"https:\/\/www.ufsm.br\/cursos\/pos-graduacao\/santa-maria\/pgds\/wp-json\/wp\/v2\/media?parent=385"}],"wp:term":[{"taxonomy":"category","embeddable":true,"href":"https:\/\/www.ufsm.br\/cursos\/pos-graduacao\/santa-maria\/pgds\/wp-json\/wp\/v2\/categories?post=385"},{"taxonomy":"post_tag","embeddable":true,"href":"https:\/\/www.ufsm.br\/cursos\/pos-graduacao\/santa-maria\/pgds\/wp-json\/wp\/v2\/tags?post=385"}],"curies":[{"name":"wp","href":"https:\/\/api.w.org\/{rel}","templated":true}]}}